{"id":5292,"date":"2024-06-14T15:20:34","date_gmt":"2024-06-14T13:20:34","guid":{"rendered":"https:\/\/www.fore.fr\/apprentissage\/?page_id=5292"},"modified":"2024-06-14T15:21:33","modified_gmt":"2024-06-14T13:21:33","slug":"inscription-jobdating","status":"publish","type":"page","link":"https:\/\/www.fore.fr\/apprentissage\/inscription-jobdating\/","title":{"rendered":"Inscription JOBDATING"},"content":{"rendered":"\n<h6 class=\"wp-block-heading\" style=\"text-transform:uppercase\"><mark style=\"background-color:#cf2e2e\" class=\"has-inline-color has-white-color\">INSCRIPTION EN LIGNE JOBDATING<\/mark><\/h6>\n\n\n\n<p>Merci de remplir tous les champs obligatoires marqu\u00e9s d&rsquo;un *<\/p>\n\n\n<div class=\"wpforms-container wpforms-container-full wpforms-block wpforms-block-08ed524c-a54a-43df-a160-6f565c377519\" id=\"wpforms-5287\"><form id=\"wpforms-form-5287\" class=\"wpforms-validate wpforms-form wpforms-ajax-form\" data-formid=\"5287\" method=\"post\" enctype=\"multipart\/form-data\" action=\"\/apprentissage\/wp-json\/wp\/v2\/pages\/5292\" data-token=\"a110b7835637521bab9c0a536fb239be\"><noscript class=\"wpforms-error-noscript\">Veuillez activer JavaScript dans votre navigateur pour remplir ce formulaire.<\/noscript><div class=\"wpforms-field-container\"><div id=\"wpforms-5287-field_0-container\" class=\"wpforms-field wpforms-field-name\" data-field-id=\"0\"><label class=\"wpforms-field-label\" for=\"wpforms-5287-field_0\">Pr\u00e9nom &amp; Nom <span class=\"wpforms-required-label\">*<\/span><\/label><div class=\"wpforms-field-row wpforms-field-medium\"><div class=\"wpforms-field-row-block wpforms-first wpforms-one-half\"><input type=\"text\" id=\"wpforms-5287-field_0\" class=\"wpforms-field-name-first wpforms-field-required\" name=\"wpforms[fields][0][first]\" required><label for=\"wpforms-5287-field_0\" class=\"wpforms-field-sublabel after \">Pr\u00e9nom<\/label><\/div><div class=\"wpforms-field-row-block wpforms-one-half\"><input type=\"text\" id=\"wpforms-5287-field_0-last\" class=\"wpforms-field-name-last wpforms-field-required\" name=\"wpforms[fields][0][last]\" required><label for=\"wpforms-5287-field_0-last\" class=\"wpforms-field-sublabel after \">Nom<\/label><\/div><\/div><\/div><div id=\"wpforms-5287-field_1-container\" class=\"wpforms-field wpforms-field-email\" data-field-id=\"1\"><label class=\"wpforms-field-label\" for=\"wpforms-5287-field_1\">E-mail <span class=\"wpforms-required-label\">*<\/span><\/label><input type=\"email\" id=\"wpforms-5287-field_1\" class=\"wpforms-field-medium wpforms-field-required\" name=\"wpforms[fields][1]\" spellcheck=\"false\" required><\/div><div id=\"wpforms-5287-field_4-container\" class=\"wpforms-field wpforms-field-text\" data-field-id=\"4\"><label class=\"wpforms-field-label\" for=\"wpforms-5287-field_4\">T\u00e9l\u00e9phone <span class=\"wpforms-required-label\">*<\/span><\/label><input type=\"text\" id=\"wpforms-5287-field_4\" class=\"wpforms-field-small wpforms-field-required\" name=\"wpforms[fields][4]\" required><\/div><div id=\"wpforms-5287-field_2-container\" class=\"wpforms-field wpforms-field-textarea\" data-field-id=\"2\"><label class=\"wpforms-field-label\" for=\"wpforms-5287-field_2\">Commentaire ou message<\/label><textarea id=\"wpforms-5287-field_2\" class=\"wpforms-field-medium\" name=\"wpforms[fields][2]\" ><\/textarea><\/div><div id=\"wpforms-5287-field_8-container\" class=\"wpforms-field wpforms-field-checkbox wpforms-list-2-columns\" data-field-id=\"8\"><label class=\"wpforms-field-label\" for=\"wpforms-5287-field_8\">Merci de choisir une ou plusieurs fili\u00e8res<\/label><ul id=\"wpforms-5287-field_8\"><li class=\"choice-1 depth-1\"><input type=\"checkbox\" id=\"wpforms-5287-field_8_1\" name=\"wpforms[fields][8][]\" value=\"TP Conseiller(e) de Vente\"  ><label class=\"wpforms-field-label-inline\" for=\"wpforms-5287-field_8_1\">TP Conseiller(e) de Vente<\/label><\/li><li class=\"choice-2 depth-1\"><input type=\"checkbox\" id=\"wpforms-5287-field_8_2\" name=\"wpforms[fields][8][]\" value=\"TP Conseiller(e relation client \u00e0 distance\"  ><label class=\"wpforms-field-label-inline\" for=\"wpforms-5287-field_8_2\">TP Conseiller(e relation client \u00e0 distance<\/label><\/li><li class=\"choice-3 depth-1\"><input type=\"checkbox\" id=\"wpforms-5287-field_8_3\" name=\"wpforms[fields][8][]\" value=\"TP Technicien(ne) d&#039;apr\u00e8s-vente en \u00e9lectrom\u00e9nager et audiovisuel \u00e0 domicile\"  ><label class=\"wpforms-field-label-inline\" for=\"wpforms-5287-field_8_3\">TP Technicien(ne) d&rsquo;apr\u00e8s-vente en \u00e9lectrom\u00e9nager et audiovisuel \u00e0 domicile<\/label><\/li><li class=\"choice-20 depth-1\"><input type=\"checkbox\" id=\"wpforms-5287-field_8_20\" name=\"wpforms[fields][8][]\" value=\"TP Secr\u00e9taire Assistant(e)\"  ><label class=\"wpforms-field-label-inline\" for=\"wpforms-5287-field_8_20\">TP Secr\u00e9taire Assistant(e)<\/label><\/li><li class=\"choice-19 depth-1\"><input type=\"checkbox\" id=\"wpforms-5287-field_8_19\" name=\"wpforms[fields][8][]\" value=\"TP Secr\u00e9taire Comptable\"  ><label class=\"wpforms-field-label-inline\" for=\"wpforms-5287-field_8_19\">TP Secr\u00e9taire Comptable<\/label><\/li><li class=\"choice-18 depth-1\"><input type=\"checkbox\" id=\"wpforms-5287-field_8_18\" name=\"wpforms[fields][8][]\" value=\"TP Secr\u00e9taire M\u00e9dico-Social\"  ><label class=\"wpforms-field-label-inline\" for=\"wpforms-5287-field_8_18\">TP Secr\u00e9taire M\u00e9dico-Social<\/label><\/li><li class=\"choice-17 depth-1\"><input type=\"checkbox\" id=\"wpforms-5287-field_8_17\" name=\"wpforms[fields][8][]\" value=\"Manager de Rayon\"  ><label class=\"wpforms-field-label-inline\" for=\"wpforms-5287-field_8_17\">Manager de Rayon<\/label><\/li><li class=\"choice-16 depth-1\"><input type=\"checkbox\" id=\"wpforms-5287-field_8_16\" name=\"wpforms[fields][8][]\" value=\"BTS Gestion des Transports et Logistique Associ\u00e9s\"  ><label class=\"wpforms-field-label-inline\" for=\"wpforms-5287-field_8_16\">BTS Gestion des Transports et Logistique Associ\u00e9s<\/label><\/li><li class=\"choice-15 depth-1\"><input type=\"checkbox\" id=\"wpforms-5287-field_8_15\" name=\"wpforms[fields][8][]\" value=\"BTS Banque, Conseiller(e) de client\u00e8le\"  ><label class=\"wpforms-field-label-inline\" for=\"wpforms-5287-field_8_15\">BTS Banque, Conseiller(e) de client\u00e8le<\/label><\/li><li class=\"choice-14 depth-1\"><input type=\"checkbox\" id=\"wpforms-5287-field_8_14\" name=\"wpforms[fields][8][]\" value=\"BTS Management Commercial Op\u00e9rationnel\"  ><label class=\"wpforms-field-label-inline\" for=\"wpforms-5287-field_8_14\">BTS Management Commercial Op\u00e9rationnel<\/label><\/li><li class=\"choice-13 depth-1\"><input type=\"checkbox\" id=\"wpforms-5287-field_8_13\" name=\"wpforms[fields][8][]\" value=\"BTS N\u00e9gociation et Digital de la Relation Client\"  ><label class=\"wpforms-field-label-inline\" for=\"wpforms-5287-field_8_13\">BTS N\u00e9gociation et Digital de la Relation Client<\/label><\/li><li class=\"choice-12 depth-1\"><input type=\"checkbox\" id=\"wpforms-5287-field_8_12\" name=\"wpforms[fields][8][]\" value=\"BTS Comptabilit\u00e9 Gestion\"  ><label class=\"wpforms-field-label-inline\" for=\"wpforms-5287-field_8_12\">BTS Comptabilit\u00e9 Gestion<\/label><\/li><li class=\"choice-11 depth-1\"><input type=\"checkbox\" id=\"wpforms-5287-field_8_11\" name=\"wpforms[fields][8][]\" value=\"BTS Electrotechnique\"  ><label class=\"wpforms-field-label-inline\" for=\"wpforms-5287-field_8_11\">BTS Electrotechnique<\/label><\/li><li class=\"choice-10 depth-1\"><input type=\"checkbox\" id=\"wpforms-5287-field_8_10\" name=\"wpforms[fields][8][]\" value=\"BTS Communication\"  ><label class=\"wpforms-field-label-inline\" for=\"wpforms-5287-field_8_10\">BTS Communication<\/label><\/li><li class=\"choice-9 depth-1\"><input type=\"checkbox\" id=\"wpforms-5287-field_8_9\" name=\"wpforms[fields][8][]\" value=\"BTS Gestion de la PME\"  ><label class=\"wpforms-field-label-inline\" for=\"wpforms-5287-field_8_9\">BTS Gestion de la PME<\/label><\/li><li class=\"choice-8 depth-1\"><input type=\"checkbox\" id=\"wpforms-5287-field_8_8\" name=\"wpforms[fields][8][]\" value=\"TP Technicien(ne) Sup\u00e9rieur(e) en Maintenance Industrielle\"  ><label class=\"wpforms-field-label-inline\" for=\"wpforms-5287-field_8_8\">TP Technicien(ne) Sup\u00e9rieur(e) en Maintenance Industrielle<\/label><\/li><li class=\"choice-7 depth-1\"><input type=\"checkbox\" id=\"wpforms-5287-field_8_7\" name=\"wpforms[fields][8][]\" value=\"TP Assistant(e) de Direction\"  ><label class=\"wpforms-field-label-inline\" for=\"wpforms-5287-field_8_7\">TP Assistant(e) de Direction<\/label><\/li><li class=\"choice-6 depth-1\"><input type=\"checkbox\" id=\"wpforms-5287-field_8_6\" name=\"wpforms[fields][8][]\" value=\"TP Assistant(e) Ressources Humaines\"  ><label class=\"wpforms-field-label-inline\" for=\"wpforms-5287-field_8_6\">TP Assistant(e) Ressources Humaines<\/label><\/li><li class=\"choice-38 depth-1\"><input type=\"checkbox\" id=\"wpforms-5287-field_8_38\" name=\"wpforms[fields][8][]\" value=\"BTS Cybers\u00e9curit\u00e9, informatique et r\u00e9seaux, \u00e9lectronique (BTS CIEL)\"  ><label class=\"wpforms-field-label-inline\" for=\"wpforms-5287-field_8_38\">BTS Cybers\u00e9curit\u00e9, informatique et r\u00e9seaux, \u00e9lectronique (BTS CIEL)<\/label><\/li><li class=\"choice-4 depth-1\"><input type=\"checkbox\" id=\"wpforms-5287-field_8_4\" name=\"wpforms[fields][8][]\" value=\"Attach\u00e9(e) Commercial(e)\"  ><label class=\"wpforms-field-label-inline\" for=\"wpforms-5287-field_8_4\">Attach\u00e9(e) Commercial(e)<\/label><\/li><li class=\"choice-29 depth-1\"><input type=\"checkbox\" id=\"wpforms-5287-field_8_29\" name=\"wpforms[fields][8][]\" value=\"Concepteur D\u00e9veloppeur nouvelles Technologies\"  ><label class=\"wpforms-field-label-inline\" for=\"wpforms-5287-field_8_29\">Concepteur D\u00e9veloppeur nouvelles Technologies<\/label><\/li><li class=\"choice-28 depth-1\"><input type=\"checkbox\" id=\"wpforms-5287-field_8_28\" name=\"wpforms[fields][8][]\" value=\"Responsable d&#039;Entreprise d&#039;Economie Sociale et solidaire\"  ><label class=\"wpforms-field-label-inline\" for=\"wpforms-5287-field_8_28\">Responsable d&rsquo;Entreprise d&rsquo;Economie Sociale et solidaire<\/label><\/li><li class=\"choice-27 depth-1\"><input type=\"checkbox\" id=\"wpforms-5287-field_8_27\" name=\"wpforms[fields][8][]\" value=\"Coordinateur.trice d&#039;inclusion sociale, m\u00e9dico-sociale et professionnelle CISP\"  ><label class=\"wpforms-field-label-inline\" for=\"wpforms-5287-field_8_27\">Coordinateur.trice d&rsquo;inclusion sociale, m\u00e9dico-sociale et professionnelle CISP<\/label><\/li><li class=\"choice-26 depth-1\"><input type=\"checkbox\" id=\"wpforms-5287-field_8_26\" name=\"wpforms[fields][8][]\" value=\"Bachelor Charg\u00e9(e) d&#039;Affaires Commerciales  CAC \/Option International Business\"  ><label class=\"wpforms-field-label-inline\" for=\"wpforms-5287-field_8_26\">Bachelor Charg\u00e9(e) d&rsquo;Affaires Commerciales  CAC \/Option International Business<\/label><\/li><li class=\"choice-25 depth-1\"><input type=\"checkbox\" id=\"wpforms-5287-field_8_25\" name=\"wpforms[fields][8][]\" value=\"Bachelor Charg\u00e9(e) d&#039;Affaires Commerciales  CAC \/Option Management  Entrepreunariat\"  ><label class=\"wpforms-field-label-inline\" for=\"wpforms-5287-field_8_25\">Bachelor Charg\u00e9(e) d&rsquo;Affaires Commerciales  CAC \/Option Management  Entrepreunariat<\/label><\/li><li class=\"choice-24 depth-1\"><input type=\"checkbox\" id=\"wpforms-5287-field_8_24\" name=\"wpforms[fields][8][]\" value=\"Contr\u00f4leur de Gestion\"  ><label class=\"wpforms-field-label-inline\" for=\"wpforms-5287-field_8_24\">Contr\u00f4leur de Gestion<\/label><\/li><li class=\"choice-23 depth-1\"><input type=\"checkbox\" id=\"wpforms-5287-field_8_23\" name=\"wpforms[fields][8][]\" value=\"Bachelor Charg\u00e9(e) des Ressources Humaines\"  ><label class=\"wpforms-field-label-inline\" for=\"wpforms-5287-field_8_23\">Bachelor Charg\u00e9(e) des Ressources Humaines<\/label><\/li><li class=\"choice-22 depth-1\"><input type=\"checkbox\" id=\"wpforms-5287-field_8_22\" name=\"wpforms[fields][8][]\" value=\"Community Manager\"  ><label class=\"wpforms-field-label-inline\" for=\"wpforms-5287-field_8_22\">Community Manager<\/label><\/li><li class=\"choice-21 depth-1\"><input type=\"checkbox\" id=\"wpforms-5287-field_8_21\" name=\"wpforms[fields][8][]\" value=\"Responsable Marketing Op\u00e9rationnel\"  ><label class=\"wpforms-field-label-inline\" for=\"wpforms-5287-field_8_21\">Responsable Marketing Op\u00e9rationnel<\/label><\/li><li class=\"choice-35 depth-1\"><input type=\"checkbox\" id=\"wpforms-5287-field_8_35\" name=\"wpforms[fields][8][]\" value=\"Responsable d&#039;Affaires Immobilieres\"  ><label class=\"wpforms-field-label-inline\" for=\"wpforms-5287-field_8_35\">Responsable d&rsquo;Affaires Immobilieres<\/label><\/li><li class=\"choice-34 depth-1\"><input type=\"checkbox\" id=\"wpforms-5287-field_8_34\" name=\"wpforms[fields][8][]\" value=\"Responsable de service en h\u00f4tellerie, tourisme et restauration\"  ><label class=\"wpforms-field-label-inline\" for=\"wpforms-5287-field_8_34\">Responsable de service en h\u00f4tellerie, tourisme et restauration<\/label><\/li><li class=\"choice-33 depth-1\"><input type=\"checkbox\" id=\"wpforms-5287-field_8_33\" name=\"wpforms[fields][8][]\" value=\"Conseiller(e) Financier(e)\"  ><label class=\"wpforms-field-label-inline\" for=\"wpforms-5287-field_8_33\">Conseiller(e) Financier(e)<\/label><\/li><li class=\"choice-32 depth-1\"><input type=\"checkbox\" id=\"wpforms-5287-field_8_32\" name=\"wpforms[fields][8][]\" value=\"Bachelor Conseiller(e) de client\u00e8le de particuliers banque et assurance\"  ><label class=\"wpforms-field-label-inline\" for=\"wpforms-5287-field_8_32\">Bachelor Conseiller(e) de client\u00e8le de particuliers banque et assurance<\/label><\/li><li class=\"choice-31 depth-1\"><input type=\"checkbox\" id=\"wpforms-5287-field_8_31\" name=\"wpforms[fields][8][]\" value=\"Mast\u00e8re Manager Ressources Humaines\"  ><label class=\"wpforms-field-label-inline\" for=\"wpforms-5287-field_8_31\">Mast\u00e8re Manager Ressources Humaines<\/label><\/li><li class=\"choice-30 depth-1\"><input type=\"checkbox\" id=\"wpforms-5287-field_8_30\" name=\"wpforms[fields][8][]\" value=\"Mast\u00e8re Manager des Affaires\"  ><label class=\"wpforms-field-label-inline\" for=\"wpforms-5287-field_8_30\">Mast\u00e8re Manager des Affaires<\/label><\/li><li class=\"choice-37 depth-1\"><input type=\"checkbox\" id=\"wpforms-5287-field_8_37\" name=\"wpforms[fields][8][]\" value=\"Mast\u00e8re Manager du D\u00e9veloppement Commercial\"  ><label class=\"wpforms-field-label-inline\" for=\"wpforms-5287-field_8_37\">Mast\u00e8re Manager du D\u00e9veloppement Commercial<\/label><\/li><li class=\"choice-36 depth-1\"><input type=\"checkbox\" id=\"wpforms-5287-field_8_36\" name=\"wpforms[fields][8][]\" value=\"Mast\u00e8re Manager de la Strat\u00e9gie Marketing\"  ><label class=\"wpforms-field-label-inline\" for=\"wpforms-5287-field_8_36\">Mast\u00e8re Manager de la Strat\u00e9gie Marketing<\/label><\/li><\/ul><\/div><\/div><!-- .wpforms-field-container --><div class=\"wpforms-submit-container\" ><input type=\"hidden\" name=\"wpforms[id]\" value=\"5287\"><input type=\"hidden\" name=\"wpforms[author]\" value=\"1\"><button type=\"submit\" name=\"wpforms[submit]\" id=\"wpforms-submit-5287\" class=\"wpforms-submit\" data-alt-text=\"Envoi...\" data-submit-text=\"JE M&#039;INSCRIS\" aria-live=\"assertive\" value=\"wpforms-submit\">JE M&#039;INSCRIS<\/button><img loading=\"lazy\" decoding=\"async\" src=\"https:\/\/www.fore.fr\/apprentissage\/wp-content\/plugins\/wpforms-lite\/assets\/images\/submit-spin.svg\" class=\"wpforms-submit-spinner\" style=\"display: none;\" width=\"26\" height=\"26\" alt=\"Chargement en cours\"><\/div><\/form><\/div>  <!-- .wpforms-container -->\n\n\n<p><\/p>\n","protected":false},"excerpt":{"rendered":"<p>INSCRIPTION EN LIGNE JOBDATING Merci de remplir tous les champs obligatoires marqu\u00e9s d&rsquo;un *<\/p>\n","protected":false},"author":1,"featured_media":0,"parent":0,"menu_order":0,"comment_status":"closed","ping_status":"closed","template":"","meta":{"footnotes":""},"class_list":["post-5292","page","type-page","status-publish","hentry"],"yoast_head":"<!-- This site is optimized with the Yoast SEO plugin v21.6 - https:\/\/yoast.com\/wordpress\/plugins\/seo\/ -->\n<title>Inscription JOBDATING - FORE ALTERNANCE<\/title>\n<meta name=\"robots\" content=\"index, follow, max-snippet:-1, max-image-preview:large, max-video-preview:-1\" \/>\n<link rel=\"canonical\" href=\"https:\/\/www.fore.fr\/apprentissage\/inscription-jobdating\/\" \/>\n<meta property=\"og:locale\" content=\"fr_FR\" \/>\n<meta property=\"og:type\" content=\"article\" \/>\n<meta property=\"og:title\" content=\"Inscription JOBDATING - FORE ALTERNANCE\" \/>\n<meta property=\"og:description\" content=\"INSCRIPTION EN LIGNE JOBDATING Merci de remplir tous les champs obligatoires marqu\u00e9s d&rsquo;un *\" \/>\n<meta property=\"og:url\" content=\"https:\/\/www.fore.fr\/apprentissage\/inscription-jobdating\/\" \/>\n<meta property=\"og:site_name\" content=\"FORE ALTERNANCE\" \/>\n<meta property=\"article:publisher\" content=\"https:\/\/www.facebook.com\/Fore97\" \/>\n<meta property=\"article:modified_time\" content=\"2024-06-14T13:21:33+00:00\" \/>\n<meta name=\"twitter:card\" content=\"summary_large_image\" \/>\n<meta name=\"twitter:label1\" content=\"Dur\u00e9e de lecture estim\u00e9e\" \/>\n\t<meta name=\"twitter:data1\" content=\"1 minute\" \/>\n<script type=\"application\/ld+json\" class=\"yoast-schema-graph\">{\"@context\":\"https:\/\/schema.org\",\"@graph\":[{\"@type\":\"WebPage\",\"@id\":\"https:\/\/www.fore.fr\/apprentissage\/inscription-jobdating\/\",\"url\":\"https:\/\/www.fore.fr\/apprentissage\/inscription-jobdating\/\",\"name\":\"Inscription JOBDATING - FORE ALTERNANCE\",\"isPartOf\":{\"@id\":\"https:\/\/www.fore.fr\/apprentissage\/#website\"},\"datePublished\":\"2024-06-14T13:20:34+00:00\",\"dateModified\":\"2024-06-14T13:21:33+00:00\",\"breadcrumb\":{\"@id\":\"https:\/\/www.fore.fr\/apprentissage\/inscription-jobdating\/#breadcrumb\"},\"inLanguage\":\"fr-FR\",\"potentialAction\":[{\"@type\":\"ReadAction\",\"target\":[\"https:\/\/www.fore.fr\/apprentissage\/inscription-jobdating\/\"]}]},{\"@type\":\"BreadcrumbList\",\"@id\":\"https:\/\/www.fore.fr\/apprentissage\/inscription-jobdating\/#breadcrumb\",\"itemListElement\":[{\"@type\":\"ListItem\",\"position\":1,\"name\":\"Accueil\",\"item\":\"https:\/\/www.fore.fr\/apprentissage\/\"},{\"@type\":\"ListItem\",\"position\":2,\"name\":\"Inscription JOBDATING\"}]},{\"@type\":\"WebSite\",\"@id\":\"https:\/\/www.fore.fr\/apprentissage\/#website\",\"url\":\"https:\/\/www.fore.fr\/apprentissage\/\",\"name\":\"FORE ALTERNANCE\",\"description\":\"D\u00c9COUVREZ NOTRE OFFRE DE FORMATION COMPL\u00c8TE EN APPRENTISSAGE &amp; PROFESSIONNALISATION !\",\"publisher\":{\"@id\":\"https:\/\/www.fore.fr\/apprentissage\/#organization\"},\"potentialAction\":[{\"@type\":\"SearchAction\",\"target\":{\"@type\":\"EntryPoint\",\"urlTemplate\":\"https:\/\/www.fore.fr\/apprentissage\/?s={search_term_string}\"},\"query-input\":\"required name=search_term_string\"}],\"inLanguage\":\"fr-FR\"},{\"@type\":\"Organization\",\"@id\":\"https:\/\/www.fore.fr\/apprentissage\/#organization\",\"name\":\"Fore\",\"url\":\"https:\/\/www.fore.fr\/apprentissage\/\",\"logo\":{\"@type\":\"ImageObject\",\"inLanguage\":\"fr-FR\",\"@id\":\"https:\/\/www.fore.fr\/apprentissage\/#\/schema\/logo\/image\/\",\"url\":\"\",\"contentUrl\":\"\",\"caption\":\"Fore\"},\"image\":{\"@id\":\"https:\/\/www.fore.fr\/apprentissage\/#\/schema\/logo\/image\/\"},\"sameAs\":[\"https:\/\/www.facebook.com\/Fore97\",\"https:\/\/www.instagram.com\/fore.formation\"]}]}<\/script>\n<!-- \/ Yoast SEO plugin. -->","yoast_head_json":{"title":"Inscription JOBDATING - FORE ALTERNANCE","robots":{"index":"index","follow":"follow","max-snippet":"max-snippet:-1","max-image-preview":"max-image-preview:large","max-video-preview":"max-video-preview:-1"},"canonical":"https:\/\/www.fore.fr\/apprentissage\/inscription-jobdating\/","og_locale":"fr_FR","og_type":"article","og_title":"Inscription JOBDATING - FORE ALTERNANCE","og_description":"INSCRIPTION EN LIGNE JOBDATING Merci de remplir tous les champs obligatoires marqu\u00e9s d&rsquo;un *","og_url":"https:\/\/www.fore.fr\/apprentissage\/inscription-jobdating\/","og_site_name":"FORE ALTERNANCE","article_publisher":"https:\/\/www.facebook.com\/Fore97","article_modified_time":"2024-06-14T13:21:33+00:00","twitter_card":"summary_large_image","twitter_misc":{"Dur\u00e9e de lecture estim\u00e9e":"1 minute"},"schema":{"@context":"https:\/\/schema.org","@graph":[{"@type":"WebPage","@id":"https:\/\/www.fore.fr\/apprentissage\/inscription-jobdating\/","url":"https:\/\/www.fore.fr\/apprentissage\/inscription-jobdating\/","name":"Inscription JOBDATING - FORE ALTERNANCE","isPartOf":{"@id":"https:\/\/www.fore.fr\/apprentissage\/#website"},"datePublished":"2024-06-14T13:20:34+00:00","dateModified":"2024-06-14T13:21:33+00:00","breadcrumb":{"@id":"https:\/\/www.fore.fr\/apprentissage\/inscription-jobdating\/#breadcrumb"},"inLanguage":"fr-FR","potentialAction":[{"@type":"ReadAction","target":["https:\/\/www.fore.fr\/apprentissage\/inscription-jobdating\/"]}]},{"@type":"BreadcrumbList","@id":"https:\/\/www.fore.fr\/apprentissage\/inscription-jobdating\/#breadcrumb","itemListElement":[{"@type":"ListItem","position":1,"name":"Accueil","item":"https:\/\/www.fore.fr\/apprentissage\/"},{"@type":"ListItem","position":2,"name":"Inscription JOBDATING"}]},{"@type":"WebSite","@id":"https:\/\/www.fore.fr\/apprentissage\/#website","url":"https:\/\/www.fore.fr\/apprentissage\/","name":"FORE ALTERNANCE","description":"D\u00c9COUVREZ NOTRE OFFRE DE FORMATION COMPL\u00c8TE EN APPRENTISSAGE &amp; PROFESSIONNALISATION !","publisher":{"@id":"https:\/\/www.fore.fr\/apprentissage\/#organization"},"potentialAction":[{"@type":"SearchAction","target":{"@type":"EntryPoint","urlTemplate":"https:\/\/www.fore.fr\/apprentissage\/?s={search_term_string}"},"query-input":"required name=search_term_string"}],"inLanguage":"fr-FR"},{"@type":"Organization","@id":"https:\/\/www.fore.fr\/apprentissage\/#organization","name":"Fore","url":"https:\/\/www.fore.fr\/apprentissage\/","logo":{"@type":"ImageObject","inLanguage":"fr-FR","@id":"https:\/\/www.fore.fr\/apprentissage\/#\/schema\/logo\/image\/","url":"","contentUrl":"","caption":"Fore"},"image":{"@id":"https:\/\/www.fore.fr\/apprentissage\/#\/schema\/logo\/image\/"},"sameAs":["https:\/\/www.facebook.com\/Fore97","https:\/\/www.instagram.com\/fore.formation"]}]}},"_links":{"self":[{"href":"https:\/\/www.fore.fr\/apprentissage\/wp-json\/wp\/v2\/pages\/5292"}],"collection":[{"href":"https:\/\/www.fore.fr\/apprentissage\/wp-json\/wp\/v2\/pages"}],"about":[{"href":"https:\/\/www.fore.fr\/apprentissage\/wp-json\/wp\/v2\/types\/page"}],"author":[{"embeddable":true,"href":"https:\/\/www.fore.fr\/apprentissage\/wp-json\/wp\/v2\/users\/1"}],"replies":[{"embeddable":true,"href":"https:\/\/www.fore.fr\/apprentissage\/wp-json\/wp\/v2\/comments?post=5292"}],"version-history":[{"count":2,"href":"https:\/\/www.fore.fr\/apprentissage\/wp-json\/wp\/v2\/pages\/5292\/revisions"}],"predecessor-version":[{"id":5296,"href":"https:\/\/www.fore.fr\/apprentissage\/wp-json\/wp\/v2\/pages\/5292\/revisions\/5296"}],"wp:attachment":[{"href":"https:\/\/www.fore.fr\/apprentissage\/wp-json\/wp\/v2\/media?parent=5292"}],"curies":[{"name":"wp","href":"https:\/\/api.w.org\/{rel}","templated":true}]}}