{"id":5453,"date":"2024-07-22T21:45:16","date_gmt":"2024-07-22T19:45:16","guid":{"rendered":"https:\/\/www.fore.fr\/apprentissage\/?page_id=5453"},"modified":"2024-08-23T17:20:05","modified_gmt":"2024-08-23T15:20:05","slug":"parrainage","status":"publish","type":"page","link":"https:\/\/www.fore.fr\/apprentissage\/parrainage\/","title":{"rendered":"PARRAINAGE D&rsquo;UN(E) ALTERNANT(E)"},"content":{"rendered":"\n<figure class=\"wp-block-image size-full\"><img loading=\"lazy\" decoding=\"async\" width=\"1080\" height=\"480\" src=\"https:\/\/www.fore.fr\/apprentissage\/wp-content\/uploads\/2024\/08\/CFA-971-PARRAINAGE-2024-BAN-SITE.jpg\" alt=\"\" class=\"wp-image-5537\" srcset=\"https:\/\/www.fore.fr\/apprentissage\/wp-content\/uploads\/2024\/08\/CFA-971-PARRAINAGE-2024-BAN-SITE.jpg 1080w, https:\/\/www.fore.fr\/apprentissage\/wp-content\/uploads\/2024\/08\/CFA-971-PARRAINAGE-2024-BAN-SITE-300x133.jpg 300w, https:\/\/www.fore.fr\/apprentissage\/wp-content\/uploads\/2024\/08\/CFA-971-PARRAINAGE-2024-BAN-SITE-1024x455.jpg 1024w, https:\/\/www.fore.fr\/apprentissage\/wp-content\/uploads\/2024\/08\/CFA-971-PARRAINAGE-2024-BAN-SITE-768x341.jpg 768w\" sizes=\"(max-width: 767px) 89vw, (max-width: 1000px) 54vw, (max-width: 1071px) 543px, 580px\" \/><\/figure>\n\n\n\n<h1 class=\"wp-block-heading has-text-color\" style=\"color:#e70031\"><strong>Je parraine un(e) alternant(e) !<\/strong><\/h1>\n\n\n\n<p class=\"has-medium-font-size\"><strong><mark style=\"background-color:rgba(0, 0, 0, 0);color:#652881\" class=\"has-inline-color\">N\u2019attends plus pour devenir ambassadeur de ton CFA !<\/mark> <\/strong><\/p>\n\n\n\n<p><strong>Parrainer un(e) alternant(e) au CFA+FORE, c\u2019est promouvoir ton centre de formation et valoriser ton dipl\u00f4me.<\/strong><\/p>\n\n\n\n<p><strong>Tu es d\u00e9j\u00e0 ETUDIANT(E) chez nous ?<\/strong><br>Pour toute inscription d\u2019un(e) filleul(e) = 1 bon cadeau offert*<\/p>\n\n\n\n<p class=\"has-small-font-size\">*(voir conditions chez FORE).<\/p>\n\n\n\n<figure class=\"wp-block-image size-large\"><img loading=\"lazy\" decoding=\"async\" width=\"1024\" height=\"352\" src=\"https:\/\/www.fore.fr\/apprentissage\/wp-content\/uploads\/2024\/08\/CFA-971-PARRAINAGE-2024-BAN-SITE-2-1024x352.jpg\" alt=\"\" class=\"wp-image-5538\" srcset=\"https:\/\/www.fore.fr\/apprentissage\/wp-content\/uploads\/2024\/08\/CFA-971-PARRAINAGE-2024-BAN-SITE-2-1024x352.jpg 1024w, https:\/\/www.fore.fr\/apprentissage\/wp-content\/uploads\/2024\/08\/CFA-971-PARRAINAGE-2024-BAN-SITE-2-300x103.jpg 300w, https:\/\/www.fore.fr\/apprentissage\/wp-content\/uploads\/2024\/08\/CFA-971-PARRAINAGE-2024-BAN-SITE-2-768x264.jpg 768w, https:\/\/www.fore.fr\/apprentissage\/wp-content\/uploads\/2024\/08\/CFA-971-PARRAINAGE-2024-BAN-SITE-2.jpg 1080w\" sizes=\"(max-width: 767px) 89vw, (max-width: 1000px) 54vw, (max-width: 1071px) 543px, 580px\" \/><\/figure>\n\n\n\n<div class=\"wp-block-buttons is-content-justification-center is-layout-flex wp-container-core-buttons-is-layout-1 wp-block-buttons-is-layout-flex\">\n<div class=\"wp-block-button\"><a class=\"wp-block-button__link has-background has-text-align-center wp-element-button\" href=\"https:\/\/www.fore.fr\/apprentissage\/inscription-en-ligne\/\" style=\"background-color:#e70031\">JE PARRAINE<\/a><\/div>\n<\/div>\n\n\n\n<p class=\"has-small-font-size\"><strong>R\u00c8GLEMENT DU PARRAINAGE<br>ORGANISATEUR<\/strong><br>Le CFA+FORE est un centre de formation en apprentissage en Guadeloupe. Il permet \u00e0 des jeunes sous statut \u00e9tudiant, apprenti ou alternant de suivre des parcours et des cycles de formation \u00e0 vocation professionnelle permettant d\u2019acqu\u00e9rir des connaissances, de d\u00e9velopper des capacit\u00e9s et de ma\u00eetriser des comp\u00e9tences, d\u00e9finies en collaboration avec les meilleurs praticiens.<\/p>\n\n\n\n<p class=\"has-small-font-size\">Le CFA+FORE (FORE ALTERNANCE), dont le si\u00e8ge social est situ\u00e9 au 604B rue Alfred Lumi\u00e8re, ZI JARRY, 97122 Baie-Mahault en Guadeloupe, enregistr\u00e9e sous le num\u00e9ro SIREN 440620524, repr\u00e9sent\u00e9e par Mme. Christine GUENIOT en sa qualit\u00e9 de Directrice de centre, du groupe TALIS OUTRE MER, repr\u00e9sent\u00e9 par M. Samuel DANEYROLE, Directeur G\u00e9n\u00e9ral.<\/p>\n\n\n\n<p class=\"has-small-font-size\"><strong>PRINCIPE DE L\u2019OP\u00c9RATION<\/strong><br>L\u2019Op\u00e9ration a d\u00e9but\u00e9 le 1er Juillet 2024 \u00e0 0h00h (heure locale) et se terminera le 30 septembre 2024 \u00e0 23h59 (heure locale).<\/p>\n\n\n\n<p class=\"has-small-font-size\"><strong>QUI PEUT \u00caTRE PARRAIN ?<\/strong><br>Toutes les personnes physiques admises\/inscrites sous statut d\u2019alternant, contrat d\u2019apprentissage ou de professionnalisation au sein des Etablissements du CFA+FORE au 1er Juillet 2024 ;<br>Tous les candidats ayant \u00e9t\u00e9 admis pour la rentr\u00e9e de septembre 2024 au CFA+FORE ;<br>Tous les anciens apprenants ayant \u00e9t\u00e9 inscrits au sein du CFA+FORE ;<br>Qui n\u2019ont pas fait l\u2019objet d\u2019une exclusion ou de toute mesure disciplinaire<br><strong>QUI PEUT \u00caTRE FILLEUL ?<\/strong><br>Toute personne physique inscrite dans l\u2019une des formations du CFA+FORE, ayant sign\u00e9 un contrat d\u2019apprentissage ou un contrat de professionnalisation avec une entreprise, et toujours pr\u00e9sent \u00e0 l\u2019arr\u00eat\u00e9 des effectifs officiels le 30\/11\/2024<br>Le filleul ne devra pas avoir candidat\u00e9 \u00e0 l\u2019une de nos formations ou avoir \u00e9t\u00e9 en contact avec nos \u00e9quipes avant la date de compl\u00e9tion de ce formulaire, ni \u00eatre en poursuites d\u2019\u00e9tudes dans une des formations du CFA<br><strong>IL EST PR\u00c9CIS\u00c9 QUE :<\/strong><br>Un(e) m\u00eame Filleul(e) ne pourra pas \u00eatre parrain\u00e9 plus d\u2019une (1) fois au sein de l\u2019\u00e9tablissements CFA+FORE,<br>Un(e) m\u00eame Parrain\/Marraine ne pourra pas parrainer plus de 5 Filleul(e)s.<\/p>\n\n\n\n<div class=\"wp-block-buttons is-content-justification-center is-layout-flex wp-container-core-buttons-is-layout-2 wp-block-buttons-is-layout-flex\">\n<div class=\"wp-block-button\"><a class=\"wp-block-button__link has-background has-text-align-center wp-element-button\" href=\"https:\/\/www.fore.fr\/apprentissage\/inscription-en-ligne\/\" style=\"background-color:#e70031\">JE PARRAINE<\/a><\/div>\n<\/div>\n","protected":false},"excerpt":{"rendered":"<p>Je parraine un(e) alternant(e) ! N\u2019attends plus pour devenir ambassadeur de ton CFA ! Parrainer un(e) alternant(e) au CFA+FORE, c\u2019est promouvoir ton centre de formation et valoriser ton dipl\u00f4me. Tu es d\u00e9j\u00e0 ETUDIANT(E) chez nous ?Pour toute inscription d\u2019un(e) filleul(e) = 1 bon cadeau offert* *(voir conditions chez FORE). R\u00c8GLEMENT DU PARRAINAGEORGANISATEURLe CFA+FORE est un &hellip; <\/p>\n<p class=\"link-more\"><a href=\"https:\/\/www.fore.fr\/apprentissage\/parrainage\/\" class=\"more-link\">Continuer la lecture<span class=\"screen-reader-text\"> de &laquo;&nbsp;PARRAINAGE D&rsquo;UN(E) ALTERNANT(E)&nbsp;&raquo;<\/span><\/a><\/p>\n","protected":false},"author":1,"featured_media":0,"parent":0,"menu_order":0,"comment_status":"closed","ping_status":"closed","template":"","meta":{"footnotes":""},"class_list":["post-5453","page","type-page","status-publish","hentry"],"yoast_head":"<!-- This site is optimized with the Yoast SEO plugin v21.6 - https:\/\/yoast.com\/wordpress\/plugins\/seo\/ -->\n<title>PARRAINAGE D&#039;UN(E) ALTERNANT(E) - FORE ALTERNANCE<\/title>\n<meta name=\"description\" content=\"Parrainer un(e) alternant(e) au CFA+FORE, c\u2019est promouvoir ton centre de formation et valoriser ton dipl\u00f4me.\" \/>\n<meta name=\"robots\" content=\"index, follow, max-snippet:-1, max-image-preview:large, max-video-preview:-1\" \/>\n<link rel=\"canonical\" href=\"https:\/\/www.fore.fr\/apprentissage\/parrainage\/\" \/>\n<meta property=\"og:locale\" content=\"fr_FR\" \/>\n<meta property=\"og:type\" content=\"article\" \/>\n<meta property=\"og:title\" content=\"PARRAINAGE D&#039;UN(E) ALTERNANT(E) - FORE ALTERNANCE\" \/>\n<meta property=\"og:description\" content=\"Parrainer un(e) alternant(e) au CFA+FORE, c\u2019est promouvoir ton centre de formation et valoriser ton dipl\u00f4me.\" \/>\n<meta property=\"og:url\" content=\"https:\/\/www.fore.fr\/apprentissage\/parrainage\/\" \/>\n<meta property=\"og:site_name\" content=\"FORE ALTERNANCE\" \/>\n<meta property=\"article:publisher\" content=\"https:\/\/www.facebook.com\/Fore97\" \/>\n<meta property=\"article:modified_time\" content=\"2024-08-23T15:20:05+00:00\" \/>\n<meta property=\"og:image\" content=\"https:\/\/www.fore.fr\/apprentissage\/wp-content\/uploads\/2024\/08\/CFA-971-PARRAINAGE-2024-BAN-SITE.jpg\" \/>\n<meta name=\"twitter:card\" content=\"summary_large_image\" \/>\n<meta name=\"twitter:label1\" content=\"Dur\u00e9e de lecture estim\u00e9e\" \/>\n\t<meta name=\"twitter:data1\" content=\"3 minutes\" \/>\n<script type=\"application\/ld+json\" class=\"yoast-schema-graph\">{\"@context\":\"https:\/\/schema.org\",\"@graph\":[{\"@type\":\"WebPage\",\"@id\":\"https:\/\/www.fore.fr\/apprentissage\/parrainage\/\",\"url\":\"https:\/\/www.fore.fr\/apprentissage\/parrainage\/\",\"name\":\"PARRAINAGE D'UN(E) ALTERNANT(E) - FORE ALTERNANCE\",\"isPartOf\":{\"@id\":\"https:\/\/www.fore.fr\/apprentissage\/#website\"},\"datePublished\":\"2024-07-22T19:45:16+00:00\",\"dateModified\":\"2024-08-23T15:20:05+00:00\",\"description\":\"Parrainer un(e) alternant(e) au CFA+FORE, c\u2019est promouvoir ton centre de formation et valoriser ton dipl\u00f4me.\",\"breadcrumb\":{\"@id\":\"https:\/\/www.fore.fr\/apprentissage\/parrainage\/#breadcrumb\"},\"inLanguage\":\"fr-FR\",\"potentialAction\":[{\"@type\":\"ReadAction\",\"target\":[\"https:\/\/www.fore.fr\/apprentissage\/parrainage\/\"]}]},{\"@type\":\"BreadcrumbList\",\"@id\":\"https:\/\/www.fore.fr\/apprentissage\/parrainage\/#breadcrumb\",\"itemListElement\":[{\"@type\":\"ListItem\",\"position\":1,\"name\":\"Accueil\",\"item\":\"https:\/\/www.fore.fr\/apprentissage\/\"},{\"@type\":\"ListItem\",\"position\":2,\"name\":\"PARRAINAGE D&rsquo;UN(E) ALTERNANT(E)\"}]},{\"@type\":\"WebSite\",\"@id\":\"https:\/\/www.fore.fr\/apprentissage\/#website\",\"url\":\"https:\/\/www.fore.fr\/apprentissage\/\",\"name\":\"FORE ALTERNANCE\",\"description\":\"D\u00c9COUVREZ NOTRE OFFRE DE FORMATION COMPL\u00c8TE EN APPRENTISSAGE &amp; PROFESSIONNALISATION !\",\"publisher\":{\"@id\":\"https:\/\/www.fore.fr\/apprentissage\/#organization\"},\"potentialAction\":[{\"@type\":\"SearchAction\",\"target\":{\"@type\":\"EntryPoint\",\"urlTemplate\":\"https:\/\/www.fore.fr\/apprentissage\/?s={search_term_string}\"},\"query-input\":\"required name=search_term_string\"}],\"inLanguage\":\"fr-FR\"},{\"@type\":\"Organization\",\"@id\":\"https:\/\/www.fore.fr\/apprentissage\/#organization\",\"name\":\"Fore\",\"url\":\"https:\/\/www.fore.fr\/apprentissage\/\",\"logo\":{\"@type\":\"ImageObject\",\"inLanguage\":\"fr-FR\",\"@id\":\"https:\/\/www.fore.fr\/apprentissage\/#\/schema\/logo\/image\/\",\"url\":\"\",\"contentUrl\":\"\",\"caption\":\"Fore\"},\"image\":{\"@id\":\"https:\/\/www.fore.fr\/apprentissage\/#\/schema\/logo\/image\/\"},\"sameAs\":[\"https:\/\/www.facebook.com\/Fore97\",\"https:\/\/www.instagram.com\/fore.formation\"]}]}<\/script>\n<!-- \/ Yoast SEO plugin. -->","yoast_head_json":{"title":"PARRAINAGE D'UN(E) ALTERNANT(E) - FORE ALTERNANCE","description":"Parrainer un(e) alternant(e) au CFA+FORE, c\u2019est promouvoir ton centre de formation et valoriser ton dipl\u00f4me.","robots":{"index":"index","follow":"follow","max-snippet":"max-snippet:-1","max-image-preview":"max-image-preview:large","max-video-preview":"max-video-preview:-1"},"canonical":"https:\/\/www.fore.fr\/apprentissage\/parrainage\/","og_locale":"fr_FR","og_type":"article","og_title":"PARRAINAGE D'UN(E) ALTERNANT(E) - FORE ALTERNANCE","og_description":"Parrainer un(e) alternant(e) au CFA+FORE, c\u2019est promouvoir ton centre de formation et valoriser ton dipl\u00f4me.","og_url":"https:\/\/www.fore.fr\/apprentissage\/parrainage\/","og_site_name":"FORE ALTERNANCE","article_publisher":"https:\/\/www.facebook.com\/Fore97","article_modified_time":"2024-08-23T15:20:05+00:00","og_image":[{"url":"https:\/\/www.fore.fr\/apprentissage\/wp-content\/uploads\/2024\/08\/CFA-971-PARRAINAGE-2024-BAN-SITE.jpg"}],"twitter_card":"summary_large_image","twitter_misc":{"Dur\u00e9e de lecture estim\u00e9e":"3 minutes"},"schema":{"@context":"https:\/\/schema.org","@graph":[{"@type":"WebPage","@id":"https:\/\/www.fore.fr\/apprentissage\/parrainage\/","url":"https:\/\/www.fore.fr\/apprentissage\/parrainage\/","name":"PARRAINAGE D'UN(E) ALTERNANT(E) - FORE ALTERNANCE","isPartOf":{"@id":"https:\/\/www.fore.fr\/apprentissage\/#website"},"datePublished":"2024-07-22T19:45:16+00:00","dateModified":"2024-08-23T15:20:05+00:00","description":"Parrainer un(e) alternant(e) au CFA+FORE, c\u2019est promouvoir ton centre de formation et valoriser ton dipl\u00f4me.","breadcrumb":{"@id":"https:\/\/www.fore.fr\/apprentissage\/parrainage\/#breadcrumb"},"inLanguage":"fr-FR","potentialAction":[{"@type":"ReadAction","target":["https:\/\/www.fore.fr\/apprentissage\/parrainage\/"]}]},{"@type":"BreadcrumbList","@id":"https:\/\/www.fore.fr\/apprentissage\/parrainage\/#breadcrumb","itemListElement":[{"@type":"ListItem","position":1,"name":"Accueil","item":"https:\/\/www.fore.fr\/apprentissage\/"},{"@type":"ListItem","position":2,"name":"PARRAINAGE D&rsquo;UN(E) ALTERNANT(E)"}]},{"@type":"WebSite","@id":"https:\/\/www.fore.fr\/apprentissage\/#website","url":"https:\/\/www.fore.fr\/apprentissage\/","name":"FORE ALTERNANCE","description":"D\u00c9COUVREZ NOTRE OFFRE DE FORMATION COMPL\u00c8TE EN APPRENTISSAGE &amp; PROFESSIONNALISATION !","publisher":{"@id":"https:\/\/www.fore.fr\/apprentissage\/#organization"},"potentialAction":[{"@type":"SearchAction","target":{"@type":"EntryPoint","urlTemplate":"https:\/\/www.fore.fr\/apprentissage\/?s={search_term_string}"},"query-input":"required name=search_term_string"}],"inLanguage":"fr-FR"},{"@type":"Organization","@id":"https:\/\/www.fore.fr\/apprentissage\/#organization","name":"Fore","url":"https:\/\/www.fore.fr\/apprentissage\/","logo":{"@type":"ImageObject","inLanguage":"fr-FR","@id":"https:\/\/www.fore.fr\/apprentissage\/#\/schema\/logo\/image\/","url":"","contentUrl":"","caption":"Fore"},"image":{"@id":"https:\/\/www.fore.fr\/apprentissage\/#\/schema\/logo\/image\/"},"sameAs":["https:\/\/www.facebook.com\/Fore97","https:\/\/www.instagram.com\/fore.formation"]}]}},"_links":{"self":[{"href":"https:\/\/www.fore.fr\/apprentissage\/wp-json\/wp\/v2\/pages\/5453"}],"collection":[{"href":"https:\/\/www.fore.fr\/apprentissage\/wp-json\/wp\/v2\/pages"}],"about":[{"href":"https:\/\/www.fore.fr\/apprentissage\/wp-json\/wp\/v2\/types\/page"}],"author":[{"embeddable":true,"href":"https:\/\/www.fore.fr\/apprentissage\/wp-json\/wp\/v2\/users\/1"}],"replies":[{"embeddable":true,"href":"https:\/\/www.fore.fr\/apprentissage\/wp-json\/wp\/v2\/comments?post=5453"}],"version-history":[{"count":7,"href":"https:\/\/www.fore.fr\/apprentissage\/wp-json\/wp\/v2\/pages\/5453\/revisions"}],"predecessor-version":[{"id":5540,"href":"https:\/\/www.fore.fr\/apprentissage\/wp-json\/wp\/v2\/pages\/5453\/revisions\/5540"}],"wp:attachment":[{"href":"https:\/\/www.fore.fr\/apprentissage\/wp-json\/wp\/v2\/media?parent=5453"}],"curies":[{"name":"wp","href":"https:\/\/api.w.org\/{rel}","templated":true}]}}