{"id":10,"date":"2020-04-23T19:23:27","date_gmt":"2020-04-23T17:23:27","guid":{"rendered":"http:\/\/www.fore.fr\/apprentissage\/?page_id=10"},"modified":"2023-12-19T19:27:39","modified_gmt":"2023-12-19T18:27:39","slug":"contact","status":"publish","type":"page","link":"https:\/\/www.fore.fr\/entreprise\/contact\/","title":{"rendered":"Contact"},"content":{"rendered":"\n<h2 class=\"wp-block-heading has-text-color\" id=\"contactez-nous\" style=\"color:#e70031\"><strong>Contactez-Nous<\/strong><\/h2>\n\n\n\n<h6 class=\"wp-block-heading\" id=\"une-equipe-dynamique-a-votre-ecoute\">Nos coordonn\u00e9es<\/h6>\n\n\n\n<p><strong>FORE ENTREPRISE<br><\/strong>Rue Claude Emmanuel Blandin \/ Moudong Sud \/ 97122 Baie-Mahault<br><strong>0590 38 00 40<\/strong><br><strong><a href=\"mailto:fore.entreprise@fore.fr\">fore.entreprise@fore.fr<\/a><\/strong><\/p>\n\n\n\n<h6 class=\"wp-block-heading\" id=\"une-equipe-dynamique-a-votre-ecoute-1\"><mark style=\"background-color:rgba(0, 0, 0, 0);color:#e70031\" class=\"has-inline-color\">Une \u00e9quipe dynamique, \u00e0 votre \u00e9coute !<\/mark><\/h6>\n\n\n\n<figure class=\"wp-block-table is-style-stripes\" style=\"font-size:15px\"><table class=\"has-white-background-color has-background\"><tbody><tr><td><strong>Nadine Fran\u00e7ois<\/strong><br>Directrice D\u00e9l\u00e9gu\u00e9e<br><strong><a href=\"mailto:nadine.francois@fore.fr\">nadine.francois@fore.fr<\/a> <\/strong><\/td><td><strong>Julien Toulet<br><\/strong>Responsable de Formation<strong><br><a href=\"mailto:julien.toulet@fore.fr\"><strong>julien.toulet@fore.fr<\/strong><\/a><\/strong><\/td><\/tr><tr><td><strong>Pierre D&rsquo;Allard<\/strong><br>Conseil en Formation<br><strong><a href=\"mailto:pierre.dallard@fore.fr\">pierre.dallard@fore.fr<\/a>  <\/strong><\/td><td><strong><strong>Doris Yeye<\/strong><br><\/strong>Charg\u00e9e de facturation<strong><br><a href=\"mailto:doris.yeye@fore.fr\"><strong>doris.yeye@fore.fr<\/strong><\/a> <\/strong><\/td><\/tr><tr><td><strong>Philippe Fardella<\/strong><br>Coordonateur P\u00e9dagogique<br><a href=\"mailto:philippe.fardella@fore.fr\"><strong>philippe.fardella@fore.fr<\/strong><\/a> <\/td><td><strong><strong>Fabienne Belliard<\/strong><br><\/strong>Assistante de Formation<strong><br><a href=\"mailto:fabienne.belliard@fore.fr\"><strong>fabienne.belliard@fore.fr<\/strong><\/a> <\/strong><\/td><\/tr><tr><td><strong>Nancy El-Mer<\/strong><br>Assistante de Formation<br><a href=\"mailto:nancy.el-mer@fore.fr\"><strong>nancy.el-mer@fore.fr<\/strong><\/a><\/td><td><strong>Roberte Gratte<\/strong><br>Charg\u00e9e de Formation<br><a href=\"mailto:roberte.gratte@fore.fr\"><strong>roberte.gratte@fore.fr<\/strong><\/a> <\/td><\/tr><tr><td><strong><strong>Isabelle Dorzile<\/strong><br><\/strong>Responsable de Formation<strong><br><strong><a href=\"mailto:isabelle.dorzile@fore.fr\">isabelle.dorzile@fore.fr<\/a> <\/strong><\/strong><\/td><td><\/td><\/tr><\/tbody><\/table><\/figure>\n\n\n\n<div class=\"wp-block-media-text alignwide is-stacked-on-mobile\" style=\"grid-template-columns:23% auto\"><figure class=\"wp-block-media-text__media\"><img decoding=\"async\" src=\"https:\/\/www.fore.fr\/idn\/wp-content\/uploads\/2023\/02\/HANDICAP-FORE-20X20.jpg\" alt=\"\" class=\"wp-image-2410 size-full\"\/><\/figure><div class=\"wp-block-media-text__content\">\n<p style=\"font-size:15px\"><strong><em>Si vous souhaitez des informations compl\u00e9mentaires sur nos formations : pr\u00e9 requis, objectifs, dur\u00e9e, modalit\u00e9s et d\u00e9lais d&rsquo;acc\u00e8s, tarifs, m\u00e9thodes mobilis\u00e9es et modalit\u00e9s d&rsquo;\u00e9valuation, accessibilit\u00e9 aux personnes handicap\u00e9es <\/em><\/strong>:<br><strong>contactez-nous au 0590 38 00 40.<\/strong><br>(R\u00e9f\u00e9rent Handicap : Pierre D&rsquo;Allard)<\/p>\n<\/div><\/div>\n\n\n\n<p><em>L&rsquo;acc\u00e8s \u00e0 nos formations se fait sur simple demande.&nbsp;<\/em><br><em>Pour les stages inter-entreprises, un calendrier p\u00e9riodique est fix\u00e9 et transmis par diff\u00e9rents biais (site internet, mailing, &#8230;)<\/em> <br><em>Pour les stages Intra-entreprises, le d\u00e9lai organisationnel se fait en lien avec le client. Il faut compter un d\u00e9lais minimum de 5 jours avant le d\u00e9but de la formation.<\/em><\/p>\n\n\n\n<h1 class=\"wp-block-heading\" id=\"accedez-a-la-fiche-detaillee-de-nos-locaux\"><strong>Acc\u00e9dez \u00e0 la fiche d\u00e9taill\u00e9e de nos locaux :<\/strong><\/h1>\n\n\n\n<div data-wp-interactive=\"core\/file\" class=\"wp-block-file\"><object data-wp-bind--hidden=\"!state.hasPdfPreview\" hidden class=\"wp-block-file__embed\" data=\"https:\/\/www.fore.fr\/entreprise\/wp-content\/uploads\/2020\/04\/FORE_LOCAUX-MOUDONG.pdf\" type=\"application\/pdf\" style=\"width:100%;height:600px\" aria-label=\"Contenu embarqu\u00e9 LOCAUX FORE MOUDONG.\"><\/object><a id=\"wp-block-file--media-db9c3ac8-16db-46de-930a-9e501b95128a\" href=\"https:\/\/www.fore.fr\/entreprise\/wp-content\/uploads\/2020\/04\/FORE_LOCAUX-MOUDONG.pdf\">LOCAUX FORE MOUDONG<\/a><a href=\"https:\/\/www.fore.fr\/entreprise\/wp-content\/uploads\/2020\/04\/FORE_LOCAUX-MOUDONG.pdf\" class=\"wp-block-file__button wp-element-button\" download aria-describedby=\"wp-block-file--media-db9c3ac8-16db-46de-930a-9e501b95128a\">T\u00e9l\u00e9charger<\/a><\/div>\n\n\n\n<hr class=\"wp-block-separator has-css-opacity\"\/>\n\n\n\n<p>Merci de remplir les champs ci-dessous, nous vous r\u00e9pondrons tr\u00e8s rapidement !<\/p>\n\n\n\n<div class=\"wpcf7 no-js\" id=\"wpcf7-f262-o1\" lang=\"fr-FR\" dir=\"ltr\" data-wpcf7-id=\"262\">\n<div class=\"screen-reader-response\"><p role=\"status\" aria-live=\"polite\" aria-atomic=\"true\"><\/p> <ul><\/ul><\/div>\n<form action=\"\/entreprise\/wp-json\/wp\/v2\/pages\/10#wpcf7-f262-o1\" method=\"post\" class=\"wpcf7-form init\" aria-label=\"Formulaire de contact\" novalidate=\"novalidate\" data-status=\"init\">\n<fieldset class=\"hidden-fields-container\"><input type=\"hidden\" name=\"_wpcf7\" value=\"262\" \/><input type=\"hidden\" name=\"_wpcf7_version\" value=\"6.1.5\" \/><input type=\"hidden\" name=\"_wpcf7_locale\" value=\"fr_FR\" \/><input type=\"hidden\" name=\"_wpcf7_unit_tag\" value=\"wpcf7-f262-o1\" \/><input type=\"hidden\" name=\"_wpcf7_container_post\" value=\"0\" \/><input type=\"hidden\" name=\"_wpcf7_posted_data_hash\" value=\"\" \/>\n<\/fieldset>\n<p><label> Votre nom (obligatoire)<br \/>\n<span class=\"wpcf7-form-control-wrap\" data-name=\"your-name\"><input size=\"40\" maxlength=\"400\" class=\"wpcf7-form-control wpcf7-text wpcf7-validates-as-required\" aria-required=\"true\" aria-invalid=\"false\" value=\"\" type=\"text\" name=\"your-name\" \/><\/span> <\/label><br \/>\n<label> Entreprise<br \/>\n<span class=\"wpcf7-form-control-wrap\" data-name=\"Entreprise\"><input size=\"40\" maxlength=\"400\" class=\"wpcf7-form-control wpcf7-text\" aria-invalid=\"false\" value=\"\" type=\"text\" name=\"Entreprise\" \/><\/span><\/label><br \/>\n<label> Votre adresse de messagerie (obligatoire)<br \/>\n<span class=\"wpcf7-form-control-wrap\" data-name=\"your-email\"><input size=\"40\" maxlength=\"400\" class=\"wpcf7-form-control wpcf7-email wpcf7-validates-as-required wpcf7-text wpcf7-validates-as-email\" aria-required=\"true\" aria-invalid=\"false\" value=\"\" type=\"email\" name=\"your-email\" \/><\/span> <\/label>\n<\/p>\n<p><label> Objet<br \/>\n<span class=\"wpcf7-form-control-wrap\" data-name=\"your-subject\"><input size=\"40\" maxlength=\"400\" class=\"wpcf7-form-control wpcf7-text\" aria-invalid=\"false\" value=\"\" type=\"text\" name=\"your-subject\" \/><\/span> <\/label>\n<\/p>\n<p><label> Votre message<br \/>\n<span class=\"wpcf7-form-control-wrap\" data-name=\"your-message\"><textarea cols=\"40\" rows=\"10\" maxlength=\"2000\" class=\"wpcf7-form-control wpcf7-textarea\" aria-invalid=\"false\" name=\"your-message\"><\/textarea><\/span> <\/label>\n<\/p>\n<p><input class=\"wpcf7-form-control wpcf7-submit has-spinner\" type=\"submit\" value=\"Envoyer\" \/>\n<\/p><p style=\"display: none !important;\" class=\"akismet-fields-container\" data-prefix=\"_wpcf7_ak_\"><label>&#916;<textarea name=\"_wpcf7_ak_hp_textarea\" cols=\"45\" rows=\"8\" maxlength=\"100\"><\/textarea><\/label><input type=\"hidden\" id=\"ak_js_1\" name=\"_wpcf7_ak_js\" value=\"36\"\/><script>document.getElementById( \"ak_js_1\" ).setAttribute( \"value\", ( new Date() ).getTime() );<\/script><\/p><div class=\"wpcf7-response-output\" aria-hidden=\"true\"><\/div>\n<\/form>\n<\/div>\n\n\n\n\n<figure class=\"wp-block-image size-full\"><img loading=\"lazy\" decoding=\"async\" width=\"800\" height=\"268\" src=\"https:\/\/www.fore.fr\/entreprise\/wp-content\/uploads\/2023\/12\/banniere-qualiopi-entreprise.jpg\" alt=\"\" class=\"wp-image-3726\" srcset=\"https:\/\/www.fore.fr\/entreprise\/wp-content\/uploads\/2023\/12\/banniere-qualiopi-entreprise.jpg 800w, https:\/\/www.fore.fr\/entreprise\/wp-content\/uploads\/2023\/12\/banniere-qualiopi-entreprise-300x101.jpg 300w, https:\/\/www.fore.fr\/entreprise\/wp-content\/uploads\/2023\/12\/banniere-qualiopi-entreprise-768x257.jpg 768w\" sizes=\"auto, (max-width: 767px) 89vw, (max-width: 1000px) 54vw, (max-width: 1071px) 543px, 580px\" \/><\/figure>\n","protected":false},"excerpt":{"rendered":"<p>Contactez-Nous Nos coordonn\u00e9es FORE ENTREPRISERue Claude Emmanuel Blandin \/ Moudong Sud \/ 97122 Baie-Mahault0590 38 00 40fore.entreprise@fore.fr Une \u00e9quipe dynamique, \u00e0 votre \u00e9coute ! Nadine Fran\u00e7oisDirectrice D\u00e9l\u00e9gu\u00e9enadine.francois@fore.fr Julien TouletResponsable de Formationjulien.toulet@fore.fr Pierre D&rsquo;AllardConseil en Formationpierre.dallard@fore.fr Doris YeyeCharg\u00e9e de facturationdoris.yeye@fore.fr Philippe FardellaCoordonateur P\u00e9dagogiquephilippe.fardella@fore.fr Fabienne BelliardAssistante de Formationfabienne.belliard@fore.fr Nancy El-MerAssistante de Formationnancy.el-mer@fore.fr Roberte GratteCharg\u00e9e de Formationroberte.gratte@fore.fr Isabelle &hellip; <\/p>\n<p class=\"link-more\"><a href=\"https:\/\/www.fore.fr\/entreprise\/contact\/\" class=\"more-link\">Continuer la lecture<span class=\"screen-reader-text\"> de &laquo;&nbsp;Contact&nbsp;&raquo;<\/span><\/a><\/p>\n","protected":false},"author":1,"featured_media":0,"parent":0,"menu_order":0,"comment_status":"closed","ping_status":"closed","template":"","meta":{"footnotes":""},"class_list":["post-10","page","type-page","status-publish","hentry"],"_links":{"self":[{"href":"https:\/\/www.fore.fr\/entreprise\/wp-json\/wp\/v2\/pages\/10","targetHints":{"allow":["GET"]}}],"collection":[{"href":"https:\/\/www.fore.fr\/entreprise\/wp-json\/wp\/v2\/pages"}],"about":[{"href":"https:\/\/www.fore.fr\/entreprise\/wp-json\/wp\/v2\/types\/page"}],"author":[{"embeddable":true,"href":"https:\/\/www.fore.fr\/entreprise\/wp-json\/wp\/v2\/users\/1"}],"replies":[{"embeddable":true,"href":"https:\/\/www.fore.fr\/entreprise\/wp-json\/wp\/v2\/comments?post=10"}],"version-history":[{"count":32,"href":"https:\/\/www.fore.fr\/entreprise\/wp-json\/wp\/v2\/pages\/10\/revisions"}],"predecessor-version":[{"id":3733,"href":"https:\/\/www.fore.fr\/entreprise\/wp-json\/wp\/v2\/pages\/10\/revisions\/3733"}],"wp:attachment":[{"href":"https:\/\/www.fore.fr\/entreprise\/wp-json\/wp\/v2\/media?parent=10"}],"curies":[{"name":"wp","href":"https:\/\/api.w.org\/{rel}","templated":true}]}}