{"id":1438,"date":"2021-11-04T18:37:39","date_gmt":"2021-11-04T17:37:39","guid":{"rendered":"http:\/\/www.fore.fr\/entreprise\/?page_id=1438"},"modified":"2024-11-05T02:02:54","modified_gmt":"2024-11-05T01:02:54","slug":"prevention-et-sante-au-travail","status":"publish","type":"page","link":"https:\/\/www.fore.fr\/entreprise\/prevention-et-sante-au-travail\/","title":{"rendered":"PR\u00c9VENTION,  HYGI\u00c8NE ET SANT\u00c9 AU TRAVAIL"},"content":{"rendered":"\n<h1 class=\"wp-block-heading has-text-color\" style=\"color:#e70031\"><strong>PR\u00c9VENTION, HYGI\u00c8NE ET SANT\u00c9 AU TRAVAIL<\/strong><\/h1>\n\n\n\n<p class=\"has-black-color has-text-color has-background\" style=\"background-color:#eeeeef;font-size:17px;font-style:normal;font-weight:900\"><strong>Pr\u00e9vention des risques li\u00e9s \u00e0 l\u2019activit\u00e9 physique \u2013 PRAP : <strong>85% de r\u00e9ussite<\/strong><br>Sauveteur Secouriste du Travail \u2013 INITIATION : <strong>96% de r\u00e9ussite<\/strong><br>Sauveteur Secouriste du Travail \u2013 RECYCLAGE : <strong>100% de r\u00e9ussite<\/strong><\/strong><\/p>\n\n\n\n<h6 class=\"wp-block-heading\">Nous vous proposons une gamme compl\u00e8te de formations professionnelles pour PR\u00c9VENTION, HYGI\u00c8NE ET SANT\u00c9 AU TRAVAIL.<br>CONSULTEZ &gt; CHOISISSEZ &gt; CONTACTEZ-NOUS !<\/h6>\n\n\n<ul class=\"wp-block-latest-posts__list is-grid columns-2 has-dates wp-block-latest-posts\"><li><a class=\"wp-block-latest-posts__post-title\" href=\"https:\/\/www.fore.fr\/entreprise\/prevention-des-risques-lies-a-lactivite-physique-prap-2\/\">PRAP &#8211; PR\u00c9VENTION DES RISQUES LI\u00c9S A L\u2019ACTIVIT\u00c9 PHYSIQUE<\/a><time datetime=\"2024-11-05T01:38:16+01:00\" class=\"wp-block-latest-posts__post-date\">5 novembre 2024<\/time><\/li>\n<li><a class=\"wp-block-latest-posts__post-title\" href=\"https:\/\/www.fore.fr\/entreprise\/sensibilisation-au-travail-en-espace-confine\/\">SENSIBILISATION AU TRAVAIL EN ESPACE CONFIN\u00c9<\/a><time datetime=\"2024-11-04T23:22:07+01:00\" class=\"wp-block-latest-posts__post-date\">4 novembre 2024<\/time><\/li>\n<li><a class=\"wp-block-latest-posts__post-title\" href=\"https:\/\/www.fore.fr\/entreprise\/sst-sauveteur-secouriste-du-travail\/\">SST &#8211; SAUVETEUR SECOURISTE DU TRAVAIL<\/a><time datetime=\"2024-11-04T23:17:26+01:00\" class=\"wp-block-latest-posts__post-date\">4 novembre 2024<\/time><\/li>\n<li><a class=\"wp-block-latest-posts__post-title\" href=\"https:\/\/www.fore.fr\/entreprise\/sauveteur-secouriste-du-travail-mac-sst\/\">SAUVETEUR SECOURISTE DU TRAVAIL (MAC SST)\u00a0<\/a><time datetime=\"2024-11-04T23:14:36+01:00\" class=\"wp-block-latest-posts__post-date\">4 novembre 2024<\/time><\/li>\n<li><a class=\"wp-block-latest-posts__post-title\" href=\"https:\/\/www.fore.fr\/entreprise\/maintien-et-lactualisation-des-competences-des-acteurs-prap-macprap-ibc\/\">MAINTIEN ET L\u2019ACTUALISATION DES COMP\u00c9TENCES DES ACTEURS PRAP ( MACPRAP IBC)<\/a><time datetime=\"2024-11-04T23:06:51+01:00\" class=\"wp-block-latest-posts__post-date\">4 novembre 2024<\/time><\/li>\n<li><a class=\"wp-block-latest-posts__post-title\" href=\"https:\/\/www.fore.fr\/entreprise\/gestes-et-postures-2\/\">GESTES ET POSTURES<\/a><time datetime=\"2024-11-04T23:01:03+01:00\" class=\"wp-block-latest-posts__post-date\">4 novembre 2024<\/time><\/li>\n<li><a class=\"wp-block-latest-posts__post-title\" href=\"https:\/\/www.fore.fr\/entreprise\/formation-prevention-du-risque-de-braquage\/\">FORMATION PREVENTION DU RISQUE DE BRAQUAGE<\/a><time datetime=\"2024-11-04T22:57:50+01:00\" class=\"wp-block-latest-posts__post-date\">4 novembre 2024<\/time><\/li>\n<li><a class=\"wp-block-latest-posts__post-title\" href=\"https:\/\/www.fore.fr\/entreprise\/devenir-referent-sante-securite-au-travail\/\">DEVENIR REFERENT SANTE SECURITE AU TRAVAIL<\/a><time datetime=\"2024-11-04T22:53:04+01:00\" class=\"wp-block-latest-posts__post-date\">4 novembre 2024<\/time><\/li>\n<\/ul>\n\n\n<p><\/p>\n","protected":false},"excerpt":{"rendered":"<p>PR\u00c9VENTION, HYGI\u00c8NE ET SANT\u00c9 AU TRAVAIL Pr\u00e9vention des risques li\u00e9s \u00e0 l\u2019activit\u00e9 physique \u2013 PRAP : 85% de r\u00e9ussiteSauveteur Secouriste du Travail \u2013 INITIATION : 96% de r\u00e9ussiteSauveteur Secouriste du Travail \u2013 RECYCLAGE : 100% de r\u00e9ussite Nous vous proposons une gamme compl\u00e8te de formations professionnelles pour PR\u00c9VENTION, HYGI\u00c8NE ET SANT\u00c9 AU TRAVAIL.CONSULTEZ &gt; CHOISISSEZ &hellip; <\/p>\n<p class=\"link-more\"><a href=\"https:\/\/www.fore.fr\/entreprise\/prevention-et-sante-au-travail\/\" class=\"more-link\">Continuer la lecture<span class=\"screen-reader-text\"> de &laquo;&nbsp;PR\u00c9VENTION,  HYGI\u00c8NE ET SANT\u00c9 AU TRAVAIL&nbsp;&raquo;<\/span><\/a><\/p>\n","protected":false},"author":1,"featured_media":0,"parent":0,"menu_order":0,"comment_status":"closed","ping_status":"closed","template":"","meta":{"footnotes":""},"class_list":["post-1438","page","type-page","status-publish","hentry"],"_links":{"self":[{"href":"https:\/\/www.fore.fr\/entreprise\/wp-json\/wp\/v2\/pages\/1438","targetHints":{"allow":["GET"]}}],"collection":[{"href":"https:\/\/www.fore.fr\/entreprise\/wp-json\/wp\/v2\/pages"}],"about":[{"href":"https:\/\/www.fore.fr\/entreprise\/wp-json\/wp\/v2\/types\/page"}],"author":[{"embeddable":true,"href":"https:\/\/www.fore.fr\/entreprise\/wp-json\/wp\/v2\/users\/1"}],"replies":[{"embeddable":true,"href":"https:\/\/www.fore.fr\/entreprise\/wp-json\/wp\/v2\/comments?post=1438"}],"version-history":[{"count":7,"href":"https:\/\/www.fore.fr\/entreprise\/wp-json\/wp\/v2\/pages\/1438\/revisions"}],"predecessor-version":[{"id":4266,"href":"https:\/\/www.fore.fr\/entreprise\/wp-json\/wp\/v2\/pages\/1438\/revisions\/4266"}],"wp:attachment":[{"href":"https:\/\/www.fore.fr\/entreprise\/wp-json\/wp\/v2\/media?parent=1438"}],"curies":[{"name":"wp","href":"https:\/\/api.w.org\/{rel}","templated":true}]}}