{"id":1440,"date":"2021-11-04T18:40:38","date_gmt":"2021-11-04T17:40:38","guid":{"rendered":"http:\/\/www.fore.fr\/entreprise\/?page_id=1440"},"modified":"2024-11-05T02:01:34","modified_gmt":"2024-11-05T01:01:34","slug":"habilitation-electrique-mecanique","status":"publish","type":"page","link":"https:\/\/www.fore.fr\/entreprise\/habilitation-electrique-mecanique\/","title":{"rendered":"HABILITATION \u00c9LECTRIQUE\/ M\u00c9CANIQUE"},"content":{"rendered":"\n<h1 class=\"wp-block-heading has-text-color\" style=\"color:#e70031\"><strong>HABILITATION \u00c9LECTRIQUE\/ M\u00c9CANIQUE<\/strong><\/h1>\n\n\n\n<p class=\"has-black-color has-text-color has-background\" style=\"background-color:#f0f1f1;font-size:17px;font-style:normal;font-weight:900\"><strong>Pr\u00e9paration \u00e0 l\u2019habilitation m\u00e9canique M2 \/ MR : 100<strong>% de r\u00e9ussite<\/strong><\/strong><br><strong>Pr\u00e9paration \u00e0 l\u2019habilitation m\u00e9canique M1\/M2 : 92<strong>% de r\u00e9ussite<\/strong><\/strong><br><strong>Habilitation \u00e9lectrique : 95<strong>% de r\u00e9ussite<\/strong><\/strong><\/p>\n\n\n\n<h6 class=\"wp-block-heading\">Nous vous proposons une gamme compl\u00e8te de formations professionnelles pour HABILITATION \u00c9LECTRIQUE\/ M\u00c9CANIQUE.<br>CONSULTEZ &gt; CHOISISSEZ &gt; CONTACTEZ-NOUS !<\/h6>\n\n\n<ul class=\"wp-block-latest-posts__list is-grid columns-2 has-dates wp-block-latest-posts\"><li><a class=\"wp-block-latest-posts__post-title\" href=\"https:\/\/www.fore.fr\/entreprise\/preparation-a-lhabilitation-mecanique-m2-mr-2\/\">PR\u00c9PARATION A L&rsquo;HABILITATION M\u00c9CANIQUE (M2\/MR)<\/a><time datetime=\"2024-11-04T22:22:17+01:00\" class=\"wp-block-latest-posts__post-date\">4 novembre 2024<\/time><\/li>\n<li><a class=\"wp-block-latest-posts__post-title\" href=\"https:\/\/www.fore.fr\/entreprise\/preparation-a-lhabilitation-electrique-pour-electricien-b2v-br-bc-be-he-h2v\/\">PR\u00c9PARATION \u00c0 L\u2019HABILITATION \u00c9LECTRIQUE POUR \u00c9LECTRICIEN (B2V\/BR\/BC\/ BE-HE\/H2V)<\/a><time datetime=\"2024-11-04T22:18:57+01:00\" class=\"wp-block-latest-posts__post-date\">4 novembre 2024<\/time><\/li>\n<li><a class=\"wp-block-latest-posts__post-title\" href=\"https:\/\/www.fore.fr\/entreprise\/preparation-a-lhabilitation-electrique-hf-bf\/\">PR\u00c9PARATION \u00c0 L\u2019HABILITATION \u00c9LECTRIQUE (HF \u2013 BF )<\/a><time datetime=\"2024-11-04T22:15:01+01:00\" class=\"wp-block-latest-posts__post-date\">4 novembre 2024<\/time><\/li>\n<li><a class=\"wp-block-latest-posts__post-title\" href=\"https:\/\/www.fore.fr\/entreprise\/preparation-a-lhabilitationelectrique-h0-b0-v\/\">PR\u00c9PARATION \u00c0 L\u2019HABILITATION \u00c9LECTRIQUE (H0\/B0\/V)<\/a><time datetime=\"2024-11-04T22:09:16+01:00\" class=\"wp-block-latest-posts__post-date\">4 novembre 2024<\/time><\/li>\n<li><a class=\"wp-block-latest-posts__post-title\" href=\"https:\/\/www.fore.fr\/entreprise\/preparation-a-lhabilitation-electrique-bs-be-hov-2\/\">PR\u00c9PARATION \u00c0 L\u2019HABILITATION \u00c9LECTRIQUE (BS BE HOV)<\/a><time datetime=\"2024-11-04T22:05:45+01:00\" class=\"wp-block-latest-posts__post-date\">4 novembre 2024<\/time><\/li>\n<li><a class=\"wp-block-latest-posts__post-title\" href=\"https:\/\/www.fore.fr\/entreprise\/preparation-a-lhabilitation-electrique-br-pv\/\">PR\u00c9PARATION \u00c0 L\u2019HABILITATION \u00c9LECTRIQUE (BR PV)<\/a><time datetime=\"2024-11-04T22:01:25+01:00\" class=\"wp-block-latest-posts__post-date\">4 novembre 2024<\/time><\/li>\n<\/ul>\n\n\n<p><\/p>\n","protected":false},"excerpt":{"rendered":"<p>HABILITATION \u00c9LECTRIQUE\/ M\u00c9CANIQUE Pr\u00e9paration \u00e0 l\u2019habilitation m\u00e9canique M2 \/ MR : 100% de r\u00e9ussitePr\u00e9paration \u00e0 l\u2019habilitation m\u00e9canique M1\/M2 : 92% de r\u00e9ussiteHabilitation \u00e9lectrique : 95% de r\u00e9ussite Nous vous proposons une gamme compl\u00e8te de formations professionnelles pour HABILITATION \u00c9LECTRIQUE\/ M\u00c9CANIQUE.CONSULTEZ &gt; CHOISISSEZ &gt; CONTACTEZ-NOUS !<\/p>\n","protected":false},"author":1,"featured_media":0,"parent":0,"menu_order":0,"comment_status":"closed","ping_status":"closed","template":"","meta":{"footnotes":""},"class_list":["post-1440","page","type-page","status-publish","hentry"],"_links":{"self":[{"href":"https:\/\/www.fore.fr\/entreprise\/wp-json\/wp\/v2\/pages\/1440","targetHints":{"allow":["GET"]}}],"collection":[{"href":"https:\/\/www.fore.fr\/entreprise\/wp-json\/wp\/v2\/pages"}],"about":[{"href":"https:\/\/www.fore.fr\/entreprise\/wp-json\/wp\/v2\/types\/page"}],"author":[{"embeddable":true,"href":"https:\/\/www.fore.fr\/entreprise\/wp-json\/wp\/v2\/users\/1"}],"replies":[{"embeddable":true,"href":"https:\/\/www.fore.fr\/entreprise\/wp-json\/wp\/v2\/comments?post=1440"}],"version-history":[{"count":5,"href":"https:\/\/www.fore.fr\/entreprise\/wp-json\/wp\/v2\/pages\/1440\/revisions"}],"predecessor-version":[{"id":4264,"href":"https:\/\/www.fore.fr\/entreprise\/wp-json\/wp\/v2\/pages\/1440\/revisions\/4264"}],"wp:attachment":[{"href":"https:\/\/www.fore.fr\/entreprise\/wp-json\/wp\/v2\/media?parent=1440"}],"curies":[{"name":"wp","href":"https:\/\/api.w.org\/{rel}","templated":true}]}}