{"id":1456,"date":"2021-11-04T18:51:08","date_gmt":"2021-11-04T17:51:08","guid":{"rendered":"http:\/\/www.fore.fr\/entreprise\/?page_id=1456"},"modified":"2024-11-25T22:16:38","modified_gmt":"2024-11-25T21:16:38","slug":"caces-btp","status":"publish","type":"page","link":"https:\/\/www.fore.fr\/entreprise\/caces-btp\/","title":{"rendered":"CACES\u00ae BTP"},"content":{"rendered":"\n<h1 class=\"wp-block-heading has-text-color\" style=\"color:#e70031\"><strong>CACES\u00ae BTP<\/strong><\/h1>\n\n\n\n<p class=\"has-black-color has-text-color has-background\" style=\"background-color:#eaecee;font-size:17px;font-style:normal;font-weight:900\"><strong>CACES\u00ae R482 : <strong>100% de r\u00e9ussite<\/strong><br>CACES\u00ae R489 : <strong>97% de r\u00e9ussite<\/strong><\/strong><br><strong>CACES\u00ae R485 : <strong>97% de r\u00e9ussite<\/strong><\/strong><\/p>\n\n\n\n<h6 class=\"wp-block-heading\">Nous vous proposons une gamme compl\u00e8te de formations professionnelles pour CACES\u00ae BTP.<br>CONSULTEZ &gt; CHOISISSEZ &gt; CONTACTEZ-NOUS !<\/h6>\n\n\n<ul class=\"wp-block-latest-posts__list is-grid columns-2 has-dates wp-block-latest-posts\"><li><a class=\"wp-block-latest-posts__post-title\" href=\"https:\/\/www.fore.fr\/entreprise\/caces-chariot-r489-cat-5-recyclage\/\">CACES\u00ae &#8211; CHARIOT R489 CAT 5 &#8211; RECYCLAGE<\/a><time datetime=\"2024-11-04T21:39:57+01:00\" class=\"wp-block-latest-posts__post-date\">4 novembre 2024<\/time><\/li>\n<li><a class=\"wp-block-latest-posts__post-title\" href=\"https:\/\/www.fore.fr\/entreprise\/caces-chariot-r489-cat-3-recyclage\/\">CACES\u00ae &#8211; CHARIOT R489 CAT 3 &#8211; RECYCLAGE<\/a><time datetime=\"2024-11-04T21:38:06+01:00\" class=\"wp-block-latest-posts__post-date\">4 novembre 2024<\/time><\/li>\n<li><a class=\"wp-block-latest-posts__post-title\" href=\"https:\/\/www.fore.fr\/entreprise\/caces-chariot-r489-cat-3-et-5-recyclage\/\">CACES\u00ae &#8211; CHARIOT R489 CAT 3 ET 5 &#8211; RECYCLAGE<\/a><time datetime=\"2024-11-04T21:36:31+01:00\" class=\"wp-block-latest-posts__post-date\">4 novembre 2024<\/time><\/li>\n<li><a class=\"wp-block-latest-posts__post-title\" href=\"https:\/\/www.fore.fr\/entreprise\/caces-chariot-r489-cat-1a-3-et-5-recyclage\/\">CACES\u00ae &#8211; CHARIOT R489 CAT 1A, 3 ET 5 &#8211; RECYCLAGE<\/a><time datetime=\"2024-11-04T21:34:25+01:00\" class=\"wp-block-latest-posts__post-date\">4 novembre 2024<\/time><\/li>\n<li><a class=\"wp-block-latest-posts__post-title\" href=\"https:\/\/www.fore.fr\/entreprise\/caces-chariot-r489-cat-1a-recyclage\/\">CACES\u00ae &#8211; CHARIOT R489 CAT 1A &#8211; RECYCLAGE<\/a><time datetime=\"2024-11-04T21:32:12+01:00\" class=\"wp-block-latest-posts__post-date\">4 novembre 2024<\/time><\/li>\n<li><a class=\"wp-block-latest-posts__post-title\" href=\"https:\/\/www.fore.fr\/entreprise\/caces-chariot-r489-cat-5-initial\/\">CACES\u00ae &#8211; CHARIOT R489 CAT 5 &#8211; INITIAL<\/a><time datetime=\"2024-11-04T21:28:39+01:00\" class=\"wp-block-latest-posts__post-date\">4 novembre 2024<\/time><\/li>\n<li><a class=\"wp-block-latest-posts__post-title\" href=\"https:\/\/www.fore.fr\/entreprise\/caces-chariot-r489-cat-3-initial\/\">CACES\u00ae &#8211; CHARIOT R489 CAT 3 &#8211; INITIAL<\/a><time datetime=\"2024-11-04T21:27:05+01:00\" class=\"wp-block-latest-posts__post-date\">4 novembre 2024<\/time><\/li>\n<li><a class=\"wp-block-latest-posts__post-title\" href=\"https:\/\/www.fore.fr\/entreprise\/caces-chariot-r489-cat-3-et-5-initial\/\">CACES\u00ae &#8211; CHARIOT R489 CAT 3 ET 5 &#8211; INITIAL<\/a><time datetime=\"2024-11-04T21:25:13+01:00\" class=\"wp-block-latest-posts__post-date\">4 novembre 2024<\/time><\/li>\n<li><a class=\"wp-block-latest-posts__post-title\" href=\"https:\/\/www.fore.fr\/entreprise\/caces-chariot-r489-cat-1a-initial\/\">CACES\u00ae &#8211; CHARIOT R489 CAT 1A &#8211; INITIAL<\/a><time datetime=\"2024-11-04T21:14:01+01:00\" class=\"wp-block-latest-posts__post-date\">4 novembre 2024<\/time><\/li>\n<li><a class=\"wp-block-latest-posts__post-title\" href=\"https:\/\/www.fore.fr\/entreprise\/caces-chariot-r489-cat-1a-3-et-5-initial\/\">CACES\u00ae &#8211; CHARIOT R489 CAT 1A, 3 ET 5 &#8211; INITIAL<\/a><time datetime=\"2024-11-04T21:08:54+01:00\" class=\"wp-block-latest-posts__post-date\">4 novembre 2024<\/time><\/li>\n<li><a class=\"wp-block-latest-posts__post-title\" href=\"https:\/\/www.fore.fr\/entreprise\/caces-chariot-r482-cat-f-recyclage\/\">CACES\u00ae &#8211; CHARIOT R482 CAT F &#8211; RECYCLAGE<\/a><time datetime=\"2024-11-04T21:02:19+01:00\" class=\"wp-block-latest-posts__post-date\">4 novembre 2024<\/time><\/li>\n<li><a class=\"wp-block-latest-posts__post-title\" href=\"https:\/\/www.fore.fr\/entreprise\/caces-chariot-r482-cat-c1-recyclage\/\">CACES\u00ae &#8211; CHARIOT R482 CAT C1 &#8211; RECYCLAGE<\/a><time datetime=\"2024-11-04T20:56:14+01:00\" class=\"wp-block-latest-posts__post-date\">4 novembre 2024<\/time><\/li>\n<li><a class=\"wp-block-latest-posts__post-title\" href=\"https:\/\/www.fore.fr\/entreprise\/caces-chariot-r482-cat-b1-recyclage\/\">CACES\u00ae &#8211; CHARIOT R482 CAT B1 &#8211; RECYCLAGE<\/a><time datetime=\"2024-11-04T20:54:00+01:00\" class=\"wp-block-latest-posts__post-date\">4 novembre 2024<\/time><\/li>\n<li><a class=\"wp-block-latest-posts__post-title\" href=\"https:\/\/www.fore.fr\/entreprise\/caces-chariot-r482-cat-b1-et-c1-recyclage\/\">CACES\u00ae &#8211; CHARIOT R482 CAT B1 ET C1 &#8211; RECYCLAGE<\/a><time datetime=\"2024-11-04T20:50:24+01:00\" class=\"wp-block-latest-posts__post-date\">4 novembre 2024<\/time><\/li>\n<li><a class=\"wp-block-latest-posts__post-title\" href=\"https:\/\/www.fore.fr\/entreprise\/caces-engin-de-chantier-r482-cat-a\/\">CACES\u00ae ENGIN DE CHANTIER R482 CAT. A<\/a><time datetime=\"2024-11-04T20:38:46+01:00\" class=\"wp-block-latest-posts__post-date\">4 novembre 2024<\/time><\/li>\n<li><a class=\"wp-block-latest-posts__post-title\" href=\"https:\/\/www.fore.fr\/entreprise\/caces-chariot-r482-cat-c1-initial\/\">CACES\u00ae &#8211; CHARIOT R482 CAT C1- INITIAL<\/a><time datetime=\"2024-11-04T20:28:59+01:00\" class=\"wp-block-latest-posts__post-date\">4 novembre 2024<\/time><\/li>\n<li><a class=\"wp-block-latest-posts__post-title\" href=\"https:\/\/www.fore.fr\/entreprise\/caces-chariot-r482-cat-b1-initial\/\">CACES\u00ae &#8211; CHARIOT R482 CAT B1- INITIAL<\/a><time datetime=\"2024-11-04T20:25:07+01:00\" class=\"wp-block-latest-posts__post-date\">4 novembre 2024<\/time><\/li>\n<li><a class=\"wp-block-latest-posts__post-title\" href=\"https:\/\/www.fore.fr\/entreprise\/caces-chariot-r482-cat-b1-et-c1-initial\/\">CACES\u00ae &#8211; CHARIOT R482 CAT B1 ET C1 &#8211; INITIAL<\/a><time datetime=\"2024-11-04T20:19:54+01:00\" class=\"wp-block-latest-posts__post-date\">4 novembre 2024<\/time><\/li>\n<li><a class=\"wp-block-latest-posts__post-title\" href=\"https:\/\/www.fore.fr\/entreprise\/caces-recommandation-485-categorie-2\/\">CACES\u00ae RECOMMANDATION 485 CAT\u00c9GORIE 2 : GERBEURS AUTOMOTEURS \u00c0 CONDUCTEUR ACCOMPAGNANT D\u2019HAUTEUR DE LEV\u00c9E > 2,5 M<\/a><time datetime=\"2024-11-04T17:02:16+01:00\" class=\"wp-block-latest-posts__post-date\">4 novembre 2024<\/time><\/li>\n<li><a class=\"wp-block-latest-posts__post-title\" href=\"https:\/\/www.fore.fr\/entreprise\/aces-recommandation-486a-categorie-b\/\">CACES\u00ae RECOMMANDATION 486A CATEGORIE B : PEMP \u00c0 \u00c9L\u00c9VATION MULTIDIRECTIONNELLE<\/a><time datetime=\"2024-11-04T16:53:19+01:00\" class=\"wp-block-latest-posts__post-date\">4 novembre 2024<\/time><\/li>\n<\/ul>\n\n\n<figure class=\"wp-block-image size-full is-resized\"><img loading=\"lazy\" decoding=\"async\" width=\"446\" height=\"753\" src=\"https:\/\/www.fore.fr\/entreprise\/wp-content\/uploads\/2023\/02\/organisme-testeur-caces.jpg\" alt=\"\" class=\"wp-image-3660\" style=\"width:95px;height:auto\" srcset=\"https:\/\/www.fore.fr\/entreprise\/wp-content\/uploads\/2023\/02\/organisme-testeur-caces.jpg 446w, https:\/\/www.fore.fr\/entreprise\/wp-content\/uploads\/2023\/02\/organisme-testeur-caces-178x300.jpg 178w\" sizes=\"auto, (max-width: 446px) 100vw, 446px\" \/><figcaption class=\"wp-element-caption\">N\u00b0 de Certificat : STC115<br>R482-R485-R486-R489<\/figcaption><\/figure>\n","protected":false},"excerpt":{"rendered":"<p>CACES\u00ae BTP CACES\u00ae R482 : 100% de r\u00e9ussiteCACES\u00ae R489 : 97% de r\u00e9ussiteCACES\u00ae R485 : 97% de r\u00e9ussite Nous vous proposons une gamme compl\u00e8te de formations professionnelles pour CACES\u00ae BTP.CONSULTEZ &gt; CHOISISSEZ &gt; CONTACTEZ-NOUS !<\/p>\n","protected":false},"author":1,"featured_media":0,"parent":0,"menu_order":0,"comment_status":"closed","ping_status":"closed","template":"","meta":{"footnotes":""},"class_list":["post-1456","page","type-page","status-publish","hentry"],"_links":{"self":[{"href":"https:\/\/www.fore.fr\/entreprise\/wp-json\/wp\/v2\/pages\/1456","targetHints":{"allow":["GET"]}}],"collection":[{"href":"https:\/\/www.fore.fr\/entreprise\/wp-json\/wp\/v2\/pages"}],"about":[{"href":"https:\/\/www.fore.fr\/entreprise\/wp-json\/wp\/v2\/types\/page"}],"author":[{"embeddable":true,"href":"https:\/\/www.fore.fr\/entreprise\/wp-json\/wp\/v2\/users\/1"}],"replies":[{"embeddable":true,"href":"https:\/\/www.fore.fr\/entreprise\/wp-json\/wp\/v2\/comments?post=1456"}],"version-history":[{"count":7,"href":"https:\/\/www.fore.fr\/entreprise\/wp-json\/wp\/v2\/pages\/1456\/revisions"}],"predecessor-version":[{"id":4322,"href":"https:\/\/www.fore.fr\/entreprise\/wp-json\/wp\/v2\/pages\/1456\/revisions\/4322"}],"wp:attachment":[{"href":"https:\/\/www.fore.fr\/entreprise\/wp-json\/wp\/v2\/media?parent=1456"}],"curies":[{"name":"wp","href":"https:\/\/api.w.org\/{rel}","templated":true}]}}