{"id":1464,"date":"2021-11-04T18:55:38","date_gmt":"2021-11-04T17:55:38","guid":{"rendered":"http:\/\/www.fore.fr\/entreprise\/?page_id=1464"},"modified":"2021-11-04T18:55:41","modified_gmt":"2021-11-04T17:55:41","slug":"marches-publics","status":"publish","type":"page","link":"https:\/\/www.fore.fr\/entreprise\/marches-publics\/","title":{"rendered":"MARCHES PUBLICS"},"content":{"rendered":"\n<h1 class=\"has-text-color wp-block-heading\" style=\"color:#e70031\"><strong>MARCHES PUBLICS<\/strong><\/h1>\n\n\n\n<h6 class=\"wp-block-heading\">Nous vous proposons une gamme compl\u00e8te de formations professionnelles pour MARCHES PUBLICS.<br>CONSULTEZ > CHOISISSEZ > CONTACTEZ-NOUS !<\/h6>\n\n\n<ul class=\"wp-block-latest-posts__list is-grid columns-2 has-dates wp-block-latest-posts\"><li><a class=\"wp-block-latest-posts__post-title\" href=\"https:\/\/www.fore.fr\/entreprise\/maitriser-les-codes-du-marche-publics\/\">MAITRISER LES CODES DU MARCH\u00c9 PUBLICS<\/a><time datetime=\"2024-11-05T01:00:56+01:00\" class=\"wp-block-latest-posts__post-date\">5 novembre 2024<\/time><\/li>\n<li><a class=\"wp-block-latest-posts__post-title\" href=\"https:\/\/www.fore.fr\/entreprise\/maitriser-la-dematerialisation-des-marches-publics-2\/\">MAITRISER LA D\u00c9MAT\u00c9RIALISATION DES MARCH\u00c9S PUBLICS<\/a><time datetime=\"2024-11-04T22:41:22+01:00\" class=\"wp-block-latest-posts__post-date\">4 novembre 2024<\/time><\/li>\n<\/ul>\n\n\n<p><\/p>\n","protected":false},"excerpt":{"rendered":"<p>MARCHES PUBLICS Nous vous proposons une gamme compl\u00e8te de formations professionnelles pour MARCHES PUBLICS.CONSULTEZ > CHOISISSEZ > CONTACTEZ-NOUS !<\/p>\n","protected":false},"author":1,"featured_media":0,"parent":0,"menu_order":0,"comment_status":"closed","ping_status":"closed","template":"","meta":{"footnotes":""},"class_list":["post-1464","page","type-page","status-publish","hentry"],"_links":{"self":[{"href":"https:\/\/www.fore.fr\/entreprise\/wp-json\/wp\/v2\/pages\/1464","targetHints":{"allow":["GET"]}}],"collection":[{"href":"https:\/\/www.fore.fr\/entreprise\/wp-json\/wp\/v2\/pages"}],"about":[{"href":"https:\/\/www.fore.fr\/entreprise\/wp-json\/wp\/v2\/types\/page"}],"author":[{"embeddable":true,"href":"https:\/\/www.fore.fr\/entreprise\/wp-json\/wp\/v2\/users\/1"}],"replies":[{"embeddable":true,"href":"https:\/\/www.fore.fr\/entreprise\/wp-json\/wp\/v2\/comments?post=1464"}],"version-history":[{"count":1,"href":"https:\/\/www.fore.fr\/entreprise\/wp-json\/wp\/v2\/pages\/1464\/revisions"}],"predecessor-version":[{"id":1465,"href":"https:\/\/www.fore.fr\/entreprise\/wp-json\/wp\/v2\/pages\/1464\/revisions\/1465"}],"wp:attachment":[{"href":"https:\/\/www.fore.fr\/entreprise\/wp-json\/wp\/v2\/media?parent=1464"}],"curies":[{"name":"wp","href":"https:\/\/api.w.org\/{rel}","templated":true}]}}