{"id":557,"date":"2020-05-19T17:21:24","date_gmt":"2020-05-19T15:21:24","guid":{"rendered":"http:\/\/www.fore.fr\/apprentissage\/?page_id=557"},"modified":"2025-06-16T20:19:29","modified_gmt":"2025-06-16T18:19:29","slug":"financement","status":"publish","type":"page","link":"https:\/\/www.fore.fr\/entreprise\/financement\/","title":{"rendered":"Financement"},"content":{"rendered":"\n<p>Le financement est un \u00e9l\u00e9ment important &nbsp;dans la d\u00e9cision de suivre une formation professionnelle. Il existe plusieurs solutions que vous soyez demandeur d\u2019emploi ou salari\u00e9. <\/p>\n\n\n\n<p><strong>France Travail<\/strong> est votre interlocuteur principal si vous \u00eates demandeur d\u2019emploi. Vous pouvez \u00e9galement vous adressez aux services d\u00e9di\u00e9s de la R\u00e9gion Guadeloupe ou du Conseil D\u00e9partemental de la Guadeloupe.<\/p>\n\n\n\n<p>Si vous \u00eates salari\u00e9, c\u2019est <strong>l\u2019OPCO<\/strong>, l\u2019organisme financeur de votre employeur qui est le principal financeur. Selon votre besoin, diff\u00e9rents dispositifs existent.<\/p>\n\n\n\n<p>Un autre financement possible pour les demandeurs d\u2019emploi et les salari\u00e9s, c\u2019est\u00a0<strong>le Compte Personnel de Formation<\/strong>. Une application \u00a0CPF existe et a pour objectifs de simplifier l\u2019acc\u00e8s aux formations qui y sont \u00e9ligibles.<\/p>\n\n\n\n<hr class=\"wp-block-separator has-css-opacity is-style-wide\"\/>\n\n\n\n<div class=\"wp-block-buttons is-horizontal is-content-justification-center is-layout-flex wp-container-core-buttons-is-layout-499968f5 wp-block-buttons-is-layout-flex\">\n<div class=\"wp-block-button\"><a class=\"wp-block-button__link has-vivid-red-background-color has-background has-text-align-center wp-element-button\">JE SOUHAITE \u00caTRE CONTACT\u00c9 POUR MON CPF<\/a><\/div>\n<\/div>\n\n\n\n<figure class=\"wp-block-image size-large\"><img loading=\"lazy\" decoding=\"async\" width=\"819\" height=\"1024\" src=\"https:\/\/www.fore.fr\/entreprise\/wp-content\/uploads\/2025\/06\/FORE-ENTREPRISE-POST-CPF-JUIN2025-INSTA-819x1024.jpg\" alt=\"\" class=\"wp-image-4419\" srcset=\"https:\/\/www.fore.fr\/entreprise\/wp-content\/uploads\/2025\/06\/FORE-ENTREPRISE-POST-CPF-JUIN2025-INSTA-819x1024.jpg 819w, https:\/\/www.fore.fr\/entreprise\/wp-content\/uploads\/2025\/06\/FORE-ENTREPRISE-POST-CPF-JUIN2025-INSTA-240x300.jpg 240w, https:\/\/www.fore.fr\/entreprise\/wp-content\/uploads\/2025\/06\/FORE-ENTREPRISE-POST-CPF-JUIN2025-INSTA-768x960.jpg 768w, https:\/\/www.fore.fr\/entreprise\/wp-content\/uploads\/2025\/06\/FORE-ENTREPRISE-POST-CPF-JUIN2025-INSTA.jpg 1080w\" sizes=\"auto, (max-width: 767px) 89vw, (max-width: 1000px) 54vw, (max-width: 1071px) 543px, 580px\" \/><\/figure>\n\n\n\n<h1 class=\"wp-block-heading has-vivid-red-color has-text-color has-link-color wp-elements-664f5fdc7796d1e2ab0bfc33d1bb91be\" id=\"le-comte-personnel-de-formation-cpf\"><strong><strong>LE COMTE PERSONNEL DE FORMATION &#8211; CPF<\/strong><\/strong><\/h1>\n\n\n\n<p>Gr\u00e2ce au\u00a0CPF vos droits \u00e0 la formation professionnelle vous suivent tout au long de votre carri\u00e8re.<\/p>\n\n\n\n<p>Lorsque vous travaillez, vous cumulez des droits au titre du Compte Personnel de Formation (CPF) qui sont report\u00e9s automatiquement dans votre compte activit\u00e9. Vous pouvez utiliser ces droits CPF et ainsi mener \u00e0 bien votre projet professionnel.<\/p>\n\n\n\n<p><strong>Pour utiliser vos&nbsp;droits CPF, il faut :<\/strong><\/p>\n\n\n\n<ol class=\"wp-block-list\">\n<li>Cr\u00e9er votre compte sur le site&nbsp;<a rel=\"noreferrer noopener\" href=\"https:\/\/www.moncompteformation.gouv.fr\/\" target=\"_blank\"><strong>moncompteformation.gouv.fr<\/strong><\/a>&nbsp;(munissez-vous de votre num\u00e9ro de s\u00e9curit\u00e9 sociale)<\/li>\n\n\n\n<li>Trouver la formation pour laquelle vous souhaitez mobiliser votre CPF<\/li>\n\n\n\n<li>Vous inscrire en choisissant la session de formation qui vous int\u00e9resse<\/li>\n\n\n\n<li>Compl\u00e9ter, modifier ou supprimer les \u00e9l\u00e9ments demand\u00e9s vous concernant et envoyer votre dossier<\/li>\n\n\n\n<li>Attendre la r\u00e9ponse de l&rsquo;organisme de formation, qui a 2 jours ouvr\u00e9s pour vous r\u00e9pondre<\/li>\n\n\n\n<li>Votre compte vous indique les droits&nbsp;dont vous disposez pour effectuer une formation. Si vous n&rsquo;avez pas assez de droits&nbsp;sur votre compte, des financements compl\u00e9mentaires peuvent vous \u00eatre accord\u00e9s au moment de la validation de votre dossier.<\/li>\n<\/ol>\n\n\n\n<p><strong>Nous sommes l\u00e0 pour vous aider \u00e0 mieux comprendre et faciliter la recherche de financement. <\/strong><br><strong>N\u2019h\u00e9sitez pas \u00e0 nous contacter.<br>0590 38 00 40 \/ <a href=\"mailto:fore.entreprise@fore.fr\">fore.entreprise@fore.fr<\/a> <\/strong><\/p>\n\n\n\n<hr class=\"wp-block-separator has-css-opacity is-style-wide\"\/>\n\n\n\n<figure class=\"wp-block-image size-full\"><img loading=\"lazy\" decoding=\"async\" width=\"800\" height=\"268\" src=\"https:\/\/www.fore.fr\/entreprise\/wp-content\/uploads\/2023\/12\/banniere-qualiopi-entreprise.jpg\" alt=\"\" class=\"wp-image-3726\" srcset=\"https:\/\/www.fore.fr\/entreprise\/wp-content\/uploads\/2023\/12\/banniere-qualiopi-entreprise.jpg 800w, https:\/\/www.fore.fr\/entreprise\/wp-content\/uploads\/2023\/12\/banniere-qualiopi-entreprise-300x101.jpg 300w, https:\/\/www.fore.fr\/entreprise\/wp-content\/uploads\/2023\/12\/banniere-qualiopi-entreprise-768x257.jpg 768w\" sizes=\"auto, (max-width: 767px) 89vw, (max-width: 1000px) 54vw, (max-width: 1071px) 543px, 580px\" \/><\/figure>\n","protected":false},"excerpt":{"rendered":"<p>Le financement est un \u00e9l\u00e9ment important &nbsp;dans la d\u00e9cision de suivre une formation professionnelle. Il existe plusieurs solutions que vous soyez demandeur d\u2019emploi ou salari\u00e9. France Travail est votre interlocuteur principal si vous \u00eates demandeur d\u2019emploi. Vous pouvez \u00e9galement vous adressez aux services d\u00e9di\u00e9s de la R\u00e9gion Guadeloupe ou du Conseil D\u00e9partemental de la Guadeloupe. &hellip; <\/p>\n<p class=\"link-more\"><a href=\"https:\/\/www.fore.fr\/entreprise\/financement\/\" class=\"more-link\">Continuer la lecture<span class=\"screen-reader-text\"> de &laquo;&nbsp;Financement&nbsp;&raquo;<\/span><\/a><\/p>\n","protected":false},"author":1,"featured_media":0,"parent":0,"menu_order":0,"comment_status":"closed","ping_status":"closed","template":"","meta":{"footnotes":""},"class_list":["post-557","page","type-page","status-publish","hentry"],"_links":{"self":[{"href":"https:\/\/www.fore.fr\/entreprise\/wp-json\/wp\/v2\/pages\/557","targetHints":{"allow":["GET"]}}],"collection":[{"href":"https:\/\/www.fore.fr\/entreprise\/wp-json\/wp\/v2\/pages"}],"about":[{"href":"https:\/\/www.fore.fr\/entreprise\/wp-json\/wp\/v2\/types\/page"}],"author":[{"embeddable":true,"href":"https:\/\/www.fore.fr\/entreprise\/wp-json\/wp\/v2\/users\/1"}],"replies":[{"embeddable":true,"href":"https:\/\/www.fore.fr\/entreprise\/wp-json\/wp\/v2\/comments?post=557"}],"version-history":[{"count":33,"href":"https:\/\/www.fore.fr\/entreprise\/wp-json\/wp\/v2\/pages\/557\/revisions"}],"predecessor-version":[{"id":4422,"href":"https:\/\/www.fore.fr\/entreprise\/wp-json\/wp\/v2\/pages\/557\/revisions\/4422"}],"wp:attachment":[{"href":"https:\/\/www.fore.fr\/entreprise\/wp-json\/wp\/v2\/media?parent=557"}],"curies":[{"name":"wp","href":"https:\/\/api.w.org\/{rel}","templated":true}]}}