{"id":10,"date":"2020-04-23T19:23:27","date_gmt":"2020-04-23T17:23:27","guid":{"rendered":"http:\/\/www.fore.fr\/apprentissage\/?page_id=10"},"modified":"2026-03-13T14:09:51","modified_gmt":"2026-03-13T13:09:51","slug":"contact","status":"publish","type":"page","link":"https:\/\/www.fore.fr\/idn\/contact\/","title":{"rendered":"Contact"},"content":{"rendered":"\n<h2 class=\"wp-block-heading has-text-color\" style=\"color:#e70031\"><strong>Contactez-Nous<\/strong><\/h2>\n\n\n\n<div class=\"wp-block-media-text alignwide is-stacked-on-mobile\"><figure class=\"wp-block-media-text__media\"><img loading=\"lazy\" decoding=\"async\" width=\"1024\" height=\"1024\" src=\"https:\/\/www.fore.fr\/idn\/wp-content\/uploads\/2026\/03\/Insta-qualiopi-idn-1024x1024.jpg\" alt=\"\" class=\"wp-image-3648 size-full\" srcset=\"https:\/\/www.fore.fr\/idn\/wp-content\/uploads\/2026\/03\/Insta-qualiopi-idn-1024x1024.jpg 1024w, https:\/\/www.fore.fr\/idn\/wp-content\/uploads\/2026\/03\/Insta-qualiopi-idn-300x300.jpg 300w, https:\/\/www.fore.fr\/idn\/wp-content\/uploads\/2026\/03\/Insta-qualiopi-idn-150x150.jpg 150w, https:\/\/www.fore.fr\/idn\/wp-content\/uploads\/2026\/03\/Insta-qualiopi-idn-768x768.jpg 768w, https:\/\/www.fore.fr\/idn\/wp-content\/uploads\/2026\/03\/Insta-qualiopi-idn-100x100.jpg 100w, https:\/\/www.fore.fr\/idn\/wp-content\/uploads\/2026\/03\/Insta-qualiopi-idn.jpg 1080w\" sizes=\"(max-width: 767px) 89vw, (max-width: 1000px) 54vw, (max-width: 1071px) 543px, 580px\" \/><\/figure><div class=\"wp-block-media-text__content\">\n<h6 class=\"wp-block-heading\">Une \u00e9quipe dynamique, \u00e0 votre \u00e9coute !<\/h6>\n\n\n\n<p><strong>FORE ILES DU NORD<br><\/strong>18, rue Canne \u00e0 Sucre &#8211; Hope Estate<br>97150 Saint-Martin<br><strong>0590 87 41 20<\/strong><\/p>\n\n\n\n<p><strong><a href=\"mailto:idn@fore.fr\">idn@fore.fr<\/a><\/strong><br><strong><a href=\"mailto:apprentissage.idn@fore.fr\">apprentissage.idn@fore.fr<\/a><\/strong><\/p>\n<\/div><\/div>\n\n\n\n<div class=\"wp-block-media-text alignwide is-stacked-on-mobile\" style=\"grid-template-columns:27% auto\"><figure class=\"wp-block-media-text__media\"><img loading=\"lazy\" decoding=\"async\" width=\"567\" height=\"567\" src=\"https:\/\/www.fore.fr\/idn\/wp-content\/uploads\/2023\/02\/HANDICAP-FORE-20X20.jpg\" alt=\"\" class=\"wp-image-2410 size-full\" srcset=\"https:\/\/www.fore.fr\/idn\/wp-content\/uploads\/2023\/02\/HANDICAP-FORE-20X20.jpg 567w, https:\/\/www.fore.fr\/idn\/wp-content\/uploads\/2023\/02\/HANDICAP-FORE-20X20-300x300.jpg 300w, https:\/\/www.fore.fr\/idn\/wp-content\/uploads\/2023\/02\/HANDICAP-FORE-20X20-150x150.jpg 150w, https:\/\/www.fore.fr\/idn\/wp-content\/uploads\/2023\/02\/HANDICAP-FORE-20X20-100x100.jpg 100w\" sizes=\"(max-width: 567px) 100vw, 567px\" \/><\/figure><div class=\"wp-block-media-text__content\">\n<p style=\"font-size:15px\"><strong><em>Si vous souhaitez des informations compl\u00e9mentaires sur nos formations : pr\u00e9 requis, objectifs, dur\u00e9e, modalit\u00e9s et d\u00e9lais d&rsquo;acc\u00e8s, tarifs, m\u00e9thodes mobilis\u00e9es et modalit\u00e9s d&rsquo;\u00e9valuation, accessibilit\u00e9 aux personnes handicap\u00e9es <\/em>contactez-nous au 0590 87 41 20.<\/strong><br><em>R\u00e9f\u00e9rent handicap&nbsp;&gt;&nbsp;<strong>Michella ROSAMONT<\/strong><\/em><br><em>R\u00e9f\u00e9rent mobilit\u00e9&nbsp;&gt;&nbsp;<strong>Michella ROSAMONT<\/strong><\/em><\/p>\n<\/div><\/div>\n\n\n\n<p><strong>Plus d&rsquo;information sur les indicateurs de suivi de nos formations &nbsp;sur&nbsp;<a href=\"https:\/\/www.inserjeunes.education.gouv.fr\/diffusion\/accueil\" target=\"_blank\" rel=\"noreferrer noopener\">https:\/\/www.inserjeunes.education.gouv.fr\/diffusion\/accueil<\/a><\/strong><\/p>\n\n\n\n<h1 class=\"wp-block-heading\"><strong>Acc\u00e9dez \u00e0 la fiche d\u00e9taill\u00e9e de nos locaux :<\/strong><\/h1>\n\n\n\n<div class=\"wp-block-file\"><a id=\"wp-block-file--media-e384c978-7534-4440-8517-c88c162c07e8\" href=\"https:\/\/migration.fore.fr\/idn\/wp-content\/uploads\/2020\/04\/FORE_LOCAUX-SAINTMARTIN.pdf\" target=\"_blank\" rel=\"noreferrer noopener\">FORE_LOCAUX-SAINTMARTIN<\/a><a href=\"https:\/\/migration.fore.fr\/idn\/wp-content\/uploads\/2020\/04\/FORE_LOCAUX-SAINTMARTIN.pdf\" class=\"wp-block-file__button wp-element-button\" download aria-describedby=\"wp-block-file--media-e384c978-7534-4440-8517-c88c162c07e8\">T\u00e9l\u00e9charger<\/a><\/div>\n\n\n\n<p>Merci de remplir les champs ci-dessous, nous vous r\u00e9pondrons tr\u00e8s rapidement !<\/p>\n\n\n\n<div class=\"wpcf7 no-js\" id=\"wpcf7-f262-o1\" lang=\"fr-FR\" dir=\"ltr\">\n<div class=\"screen-reader-response\"><p role=\"status\" aria-live=\"polite\" aria-atomic=\"true\"><\/p> <ul><\/ul><\/div>\n<form action=\"\/idn\/wp-json\/wp\/v2\/pages\/10#wpcf7-f262-o1\" method=\"post\" class=\"wpcf7-form init\" aria-label=\"Formulaire de contact\" novalidate=\"novalidate\" data-status=\"init\">\n<div style=\"display: none;\">\n<input type=\"hidden\" name=\"_wpcf7\" value=\"262\" \/>\n<input type=\"hidden\" name=\"_wpcf7_version\" value=\"5.9.8\" \/>\n<input type=\"hidden\" name=\"_wpcf7_locale\" value=\"fr_FR\" \/>\n<input type=\"hidden\" name=\"_wpcf7_unit_tag\" value=\"wpcf7-f262-o1\" \/>\n<input type=\"hidden\" name=\"_wpcf7_container_post\" value=\"0\" \/>\n<input type=\"hidden\" name=\"_wpcf7_posted_data_hash\" value=\"\" \/>\n<\/div>\n<p><label> Votre nom (obligatoire)<br \/>\n<span class=\"wpcf7-form-control-wrap\" data-name=\"your-name\"><input size=\"40\" maxlength=\"400\" class=\"wpcf7-form-control wpcf7-text wpcf7-validates-as-required\" aria-required=\"true\" aria-invalid=\"false\" value=\"\" type=\"text\" name=\"your-name\" \/><\/span> <\/label><br \/>\n<label> Entreprise<br \/>\n<span class=\"wpcf7-form-control-wrap\" data-name=\"Entreprise\"><input size=\"40\" maxlength=\"400\" class=\"wpcf7-form-control wpcf7-text\" aria-invalid=\"false\" value=\"\" type=\"text\" name=\"Entreprise\" \/><\/span><\/label><br \/>\n<label> Votre adresse de messagerie (obligatoire)<br \/>\n<span class=\"wpcf7-form-control-wrap\" data-name=\"your-email\"><input size=\"40\" maxlength=\"400\" class=\"wpcf7-form-control wpcf7-email wpcf7-validates-as-required wpcf7-text wpcf7-validates-as-email\" aria-required=\"true\" aria-invalid=\"false\" value=\"\" type=\"email\" name=\"your-email\" \/><\/span> <\/label>\n<\/p>\n<p><label> Objet<br \/>\n<span class=\"wpcf7-form-control-wrap\" data-name=\"your-subject\"><input size=\"40\" maxlength=\"400\" class=\"wpcf7-form-control wpcf7-text\" aria-invalid=\"false\" value=\"\" type=\"text\" name=\"your-subject\" \/><\/span> <\/label>\n<\/p>\n<p><label> Votre message<br \/>\n<span class=\"wpcf7-form-control-wrap\" data-name=\"your-message\"><textarea cols=\"40\" rows=\"10\" maxlength=\"2000\" class=\"wpcf7-form-control wpcf7-textarea\" aria-invalid=\"false\" name=\"your-message\"><\/textarea><\/span> <\/label>\n<\/p>\n<p><input class=\"wpcf7-form-control wpcf7-submit has-spinner\" type=\"submit\" value=\"Envoyer\" \/>\n<\/p><p style=\"display: none !important;\"><label>&#916;<textarea name=\"_wpcf7_ak_hp_textarea\" cols=\"45\" rows=\"8\" maxlength=\"100\"><\/textarea><\/label><input type=\"hidden\" id=\"ak_js_1\" name=\"_wpcf7_ak_js\" value=\"185\"\/><script>document.getElementById( \"ak_js_1\" ).setAttribute( \"value\", ( new Date() ).getTime() );<\/script><\/p><div class=\"wpcf7-response-output\" aria-hidden=\"true\"><\/div>\n<\/form>\n<\/div>\n\n\n\n\n<figure class=\"wp-block-image size-full\"><img loading=\"lazy\" decoding=\"async\" width=\"800\" height=\"268\" src=\"https:\/\/www.fore.fr\/idn\/wp-content\/uploads\/2026\/03\/banniere-qualiopi-idn.jpg\" alt=\"\" class=\"wp-image-3645\" srcset=\"https:\/\/www.fore.fr\/idn\/wp-content\/uploads\/2026\/03\/banniere-qualiopi-idn.jpg 800w, https:\/\/www.fore.fr\/idn\/wp-content\/uploads\/2026\/03\/banniere-qualiopi-idn-300x101.jpg 300w, https:\/\/www.fore.fr\/idn\/wp-content\/uploads\/2026\/03\/banniere-qualiopi-idn-768x257.jpg 768w\" sizes=\"(max-width: 767px) 89vw, (max-width: 1000px) 54vw, (max-width: 1071px) 543px, 580px\" \/><\/figure>\n","protected":false},"excerpt":{"rendered":"<p>Contactez-Nous Une \u00e9quipe dynamique, \u00e0 votre \u00e9coute ! FORE ILES DU NORD18, rue Canne \u00e0 Sucre &#8211; Hope Estate97150 Saint-Martin0590 87 41 20 idn@fore.frapprentissage.idn@fore.fr Si vous souhaitez des informations compl\u00e9mentaires sur nos formations : pr\u00e9 requis, objectifs, dur\u00e9e, modalit\u00e9s et d\u00e9lais d&rsquo;acc\u00e8s, tarifs, m\u00e9thodes mobilis\u00e9es et modalit\u00e9s d&rsquo;\u00e9valuation, accessibilit\u00e9 aux personnes handicap\u00e9es contactez-nous au 0590 &hellip; <\/p>\n<p class=\"link-more\"><a href=\"https:\/\/www.fore.fr\/idn\/contact\/\" class=\"more-link\">Continuer la lecture<span class=\"screen-reader-text\"> de &laquo;&nbsp;Contact&nbsp;&raquo;<\/span><\/a><\/p>\n","protected":false},"author":1,"featured_media":0,"parent":0,"menu_order":0,"comment_status":"closed","ping_status":"closed","template":"","meta":{"footnotes":""},"yoast_head":"<!-- This site is optimized with the Yoast SEO plugin v23.5 - https:\/\/yoast.com\/wordpress\/plugins\/seo\/ -->\n<title>Contact - Formations Fore Iles du Nord<\/title>\n<meta name=\"robots\" content=\"index, follow, max-snippet:-1, max-image-preview:large, max-video-preview:-1\" \/>\n<link rel=\"canonical\" href=\"https:\/\/www.fore.fr\/idn\/contact\/\" \/>\n<meta property=\"og:locale\" content=\"fr_FR\" \/>\n<meta property=\"og:type\" content=\"article\" \/>\n<meta property=\"og:title\" content=\"Contact - Formations Fore Iles du Nord\" \/>\n<meta property=\"og:description\" content=\"Contactez-Nous Une \u00e9quipe dynamique, \u00e0 votre \u00e9coute ! FORE ILES DU NORD18, rue Canne \u00e0 Sucre &#8211; Hope Estate97150 Saint-Martin0590 87 41 20 idn@fore.frapprentissage.idn@fore.fr Si vous souhaitez des informations compl\u00e9mentaires sur nos formations : pr\u00e9 requis, objectifs, dur\u00e9e, modalit\u00e9s et d\u00e9lais d&rsquo;acc\u00e8s, tarifs, m\u00e9thodes mobilis\u00e9es et modalit\u00e9s d&rsquo;\u00e9valuation, accessibilit\u00e9 aux personnes handicap\u00e9es contactez-nous au 0590 &hellip; Continuer la lecture de &laquo;&nbsp;Contact&nbsp;&raquo;\" \/>\n<meta property=\"og:url\" content=\"https:\/\/www.fore.fr\/idn\/contact\/\" \/>\n<meta property=\"og:site_name\" content=\"Formations Fore Iles du Nord\" \/>\n<meta property=\"article:publisher\" content=\"https:\/\/www.facebook.com\/Fore97\" \/>\n<meta property=\"article:modified_time\" content=\"2026-03-13T13:09:51+00:00\" \/>\n<meta property=\"og:image\" content=\"https:\/\/www.fore.fr\/idn\/wp-content\/uploads\/2026\/03\/Insta-qualiopi-idn-1024x1024.jpg\" \/>\n<meta name=\"twitter:card\" content=\"summary_large_image\" \/>\n<meta name=\"twitter:label1\" content=\"Dur\u00e9e de lecture estim\u00e9e\" \/>\n\t<meta name=\"twitter:data1\" content=\"2 minutes\" \/>\n<script type=\"application\/ld+json\" class=\"yoast-schema-graph\">{\"@context\":\"https:\/\/schema.org\",\"@graph\":[{\"@type\":\"WebPage\",\"@id\":\"https:\/\/www.fore.fr\/idn\/contact\/\",\"url\":\"https:\/\/www.fore.fr\/idn\/contact\/\",\"name\":\"Contact - Formations Fore Iles du Nord\",\"isPartOf\":{\"@id\":\"https:\/\/www.fore.fr\/idn\/#website\"},\"primaryImageOfPage\":{\"@id\":\"https:\/\/www.fore.fr\/idn\/contact\/#primaryimage\"},\"image\":{\"@id\":\"https:\/\/www.fore.fr\/idn\/contact\/#primaryimage\"},\"thumbnailUrl\":\"https:\/\/www.fore.fr\/idn\/wp-content\/uploads\/2026\/03\/Insta-qualiopi-idn-1024x1024.jpg\",\"datePublished\":\"2020-04-23T17:23:27+00:00\",\"dateModified\":\"2026-03-13T13:09:51+00:00\",\"breadcrumb\":{\"@id\":\"https:\/\/www.fore.fr\/idn\/contact\/#breadcrumb\"},\"inLanguage\":\"fr-FR\",\"potentialAction\":[{\"@type\":\"ReadAction\",\"target\":[\"https:\/\/www.fore.fr\/idn\/contact\/\"]}]},{\"@type\":\"ImageObject\",\"inLanguage\":\"fr-FR\",\"@id\":\"https:\/\/www.fore.fr\/idn\/contact\/#primaryimage\",\"url\":\"https:\/\/www.fore.fr\/idn\/wp-content\/uploads\/2026\/03\/Insta-qualiopi-idn.jpg\",\"contentUrl\":\"https:\/\/www.fore.fr\/idn\/wp-content\/uploads\/2026\/03\/Insta-qualiopi-idn.jpg\",\"width\":1080,\"height\":1080},{\"@type\":\"BreadcrumbList\",\"@id\":\"https:\/\/www.fore.fr\/idn\/contact\/#breadcrumb\",\"itemListElement\":[{\"@type\":\"ListItem\",\"position\":1,\"name\":\"Accueil\",\"item\":\"https:\/\/www.fore.fr\/idn\/\"},{\"@type\":\"ListItem\",\"position\":2,\"name\":\"Contact\"}]},{\"@type\":\"WebSite\",\"@id\":\"https:\/\/www.fore.fr\/idn\/#website\",\"url\":\"https:\/\/www.fore.fr\/idn\/\",\"name\":\"Formations Fore Iles du Nord\",\"description\":\"D\u00c9COUVREZ NOTRE OFFRE DE FORMATION COMPL\u00c8TE A SAINT-MARTIN !\",\"publisher\":{\"@id\":\"https:\/\/www.fore.fr\/idn\/#organization\"},\"potentialAction\":[{\"@type\":\"SearchAction\",\"target\":{\"@type\":\"EntryPoint\",\"urlTemplate\":\"https:\/\/www.fore.fr\/idn\/?s={search_term_string}\"},\"query-input\":{\"@type\":\"PropertyValueSpecification\",\"valueRequired\":true,\"valueName\":\"search_term_string\"}}],\"inLanguage\":\"fr-FR\"},{\"@type\":\"Organization\",\"@id\":\"https:\/\/www.fore.fr\/idn\/#organization\",\"name\":\"Fore\",\"url\":\"https:\/\/www.fore.fr\/idn\/\",\"logo\":{\"@type\":\"ImageObject\",\"inLanguage\":\"fr-FR\",\"@id\":\"https:\/\/www.fore.fr\/idn\/#\/schema\/logo\/image\/\",\"url\":\"\",\"contentUrl\":\"\",\"caption\":\"Fore\"},\"image\":{\"@id\":\"https:\/\/www.fore.fr\/idn\/#\/schema\/logo\/image\/\"},\"sameAs\":[\"https:\/\/www.facebook.com\/Fore97\",\"https:\/\/www.instagram.com\/fore.formation\"]}]}<\/script>\n<!-- \/ Yoast SEO plugin. -->","yoast_head_json":{"title":"Contact - Formations Fore Iles du Nord","robots":{"index":"index","follow":"follow","max-snippet":"max-snippet:-1","max-image-preview":"max-image-preview:large","max-video-preview":"max-video-preview:-1"},"canonical":"https:\/\/www.fore.fr\/idn\/contact\/","og_locale":"fr_FR","og_type":"article","og_title":"Contact - Formations Fore Iles du Nord","og_description":"Contactez-Nous Une \u00e9quipe dynamique, \u00e0 votre \u00e9coute ! FORE ILES DU NORD18, rue Canne \u00e0 Sucre &#8211; Hope Estate97150 Saint-Martin0590 87 41 20 idn@fore.frapprentissage.idn@fore.fr Si vous souhaitez des informations compl\u00e9mentaires sur nos formations : pr\u00e9 requis, objectifs, dur\u00e9e, modalit\u00e9s et d\u00e9lais d&rsquo;acc\u00e8s, tarifs, m\u00e9thodes mobilis\u00e9es et modalit\u00e9s d&rsquo;\u00e9valuation, accessibilit\u00e9 aux personnes handicap\u00e9es contactez-nous au 0590 &hellip; Continuer la lecture de &laquo;&nbsp;Contact&nbsp;&raquo;","og_url":"https:\/\/www.fore.fr\/idn\/contact\/","og_site_name":"Formations Fore Iles du Nord","article_publisher":"https:\/\/www.facebook.com\/Fore97","article_modified_time":"2026-03-13T13:09:51+00:00","og_image":[{"url":"https:\/\/www.fore.fr\/idn\/wp-content\/uploads\/2026\/03\/Insta-qualiopi-idn-1024x1024.jpg"}],"twitter_card":"summary_large_image","twitter_misc":{"Dur\u00e9e de lecture estim\u00e9e":"2 minutes"},"schema":{"@context":"https:\/\/schema.org","@graph":[{"@type":"WebPage","@id":"https:\/\/www.fore.fr\/idn\/contact\/","url":"https:\/\/www.fore.fr\/idn\/contact\/","name":"Contact - Formations Fore Iles du Nord","isPartOf":{"@id":"https:\/\/www.fore.fr\/idn\/#website"},"primaryImageOfPage":{"@id":"https:\/\/www.fore.fr\/idn\/contact\/#primaryimage"},"image":{"@id":"https:\/\/www.fore.fr\/idn\/contact\/#primaryimage"},"thumbnailUrl":"https:\/\/www.fore.fr\/idn\/wp-content\/uploads\/2026\/03\/Insta-qualiopi-idn-1024x1024.jpg","datePublished":"2020-04-23T17:23:27+00:00","dateModified":"2026-03-13T13:09:51+00:00","breadcrumb":{"@id":"https:\/\/www.fore.fr\/idn\/contact\/#breadcrumb"},"inLanguage":"fr-FR","potentialAction":[{"@type":"ReadAction","target":["https:\/\/www.fore.fr\/idn\/contact\/"]}]},{"@type":"ImageObject","inLanguage":"fr-FR","@id":"https:\/\/www.fore.fr\/idn\/contact\/#primaryimage","url":"https:\/\/www.fore.fr\/idn\/wp-content\/uploads\/2026\/03\/Insta-qualiopi-idn.jpg","contentUrl":"https:\/\/www.fore.fr\/idn\/wp-content\/uploads\/2026\/03\/Insta-qualiopi-idn.jpg","width":1080,"height":1080},{"@type":"BreadcrumbList","@id":"https:\/\/www.fore.fr\/idn\/contact\/#breadcrumb","itemListElement":[{"@type":"ListItem","position":1,"name":"Accueil","item":"https:\/\/www.fore.fr\/idn\/"},{"@type":"ListItem","position":2,"name":"Contact"}]},{"@type":"WebSite","@id":"https:\/\/www.fore.fr\/idn\/#website","url":"https:\/\/www.fore.fr\/idn\/","name":"Formations Fore Iles du Nord","description":"D\u00c9COUVREZ NOTRE OFFRE DE FORMATION COMPL\u00c8TE A SAINT-MARTIN !","publisher":{"@id":"https:\/\/www.fore.fr\/idn\/#organization"},"potentialAction":[{"@type":"SearchAction","target":{"@type":"EntryPoint","urlTemplate":"https:\/\/www.fore.fr\/idn\/?s={search_term_string}"},"query-input":{"@type":"PropertyValueSpecification","valueRequired":true,"valueName":"search_term_string"}}],"inLanguage":"fr-FR"},{"@type":"Organization","@id":"https:\/\/www.fore.fr\/idn\/#organization","name":"Fore","url":"https:\/\/www.fore.fr\/idn\/","logo":{"@type":"ImageObject","inLanguage":"fr-FR","@id":"https:\/\/www.fore.fr\/idn\/#\/schema\/logo\/image\/","url":"","contentUrl":"","caption":"Fore"},"image":{"@id":"https:\/\/www.fore.fr\/idn\/#\/schema\/logo\/image\/"},"sameAs":["https:\/\/www.facebook.com\/Fore97","https:\/\/www.instagram.com\/fore.formation"]}]}},"_links":{"self":[{"href":"https:\/\/www.fore.fr\/idn\/wp-json\/wp\/v2\/pages\/10"}],"collection":[{"href":"https:\/\/www.fore.fr\/idn\/wp-json\/wp\/v2\/pages"}],"about":[{"href":"https:\/\/www.fore.fr\/idn\/wp-json\/wp\/v2\/types\/page"}],"author":[{"embeddable":true,"href":"https:\/\/www.fore.fr\/idn\/wp-json\/wp\/v2\/users\/1"}],"replies":[{"embeddable":true,"href":"https:\/\/www.fore.fr\/idn\/wp-json\/wp\/v2\/comments?post=10"}],"version-history":[{"count":25,"href":"https:\/\/www.fore.fr\/idn\/wp-json\/wp\/v2\/pages\/10\/revisions"}],"predecessor-version":[{"id":3659,"href":"https:\/\/www.fore.fr\/idn\/wp-json\/wp\/v2\/pages\/10\/revisions\/3659"}],"wp:attachment":[{"href":"https:\/\/www.fore.fr\/idn\/wp-json\/wp\/v2\/media?parent=10"}],"curies":[{"name":"wp","href":"https:\/\/api.w.org\/{rel}","templated":true}]}}