{"id":1263,"date":"2020-12-02T22:21:39","date_gmt":"2020-12-02T21:21:39","guid":{"rendered":"http:\/\/www.fore.fr\/idn\/?page_id=1263"},"modified":"2021-07-28T16:08:08","modified_gmt":"2021-07-28T14:08:08","slug":"jpo","status":"publish","type":"page","link":"https:\/\/www.fore.fr\/idn\/jpo\/","title":{"rendered":"Journ\u00e9es Portes Ouvertes Apprentissage &#8211; Saint-Martin"},"content":{"rendered":"\n<h1 class=\"has-white-color has-vivid-red-background-color has-text-color has-background wp-block-heading\"> <strong>Change ta vie, Deviens Apprenti !<\/strong><\/h1>\n\n\n\n<h2 class=\"has-text-color wp-block-heading\" style=\"color:#e70031\"><strong><span class=\"has-inline-color has-vivid-cyan-blue-color\">Les Journ\u00e9es Portes Ouvertes Apprentissage &#8211; Saint-Martin<\/span><\/strong><\/h2>\n\n\n\n<div class=\"wp-block-media-text alignwide is-stacked-on-mobile\"><figure class=\"wp-block-media-text__media\"><img loading=\"lazy\" decoding=\"async\" width=\"1024\" height=\"1024\" src=\"https:\/\/migration.fore.fr\/idn\/wp-content\/uploads\/2021\/07\/1080x1080-JPO-Apprentissage-ForeIDN-1024x1024.jpg\" alt=\"\" class=\"wp-image-1392\" srcset=\"https:\/\/www.fore.fr\/idn\/wp-content\/uploads\/2021\/07\/1080x1080-JPO-Apprentissage-ForeIDN-1024x1024.jpg 1024w, https:\/\/www.fore.fr\/idn\/wp-content\/uploads\/2021\/07\/1080x1080-JPO-Apprentissage-ForeIDN-300x300.jpg 300w, https:\/\/www.fore.fr\/idn\/wp-content\/uploads\/2021\/07\/1080x1080-JPO-Apprentissage-ForeIDN-150x150.jpg 150w, https:\/\/www.fore.fr\/idn\/wp-content\/uploads\/2021\/07\/1080x1080-JPO-Apprentissage-ForeIDN-768x768.jpg 768w, https:\/\/www.fore.fr\/idn\/wp-content\/uploads\/2021\/07\/1080x1080-JPO-Apprentissage-ForeIDN-100x100.jpg 100w, https:\/\/www.fore.fr\/idn\/wp-content\/uploads\/2021\/07\/1080x1080-JPO-Apprentissage-ForeIDN.jpg 1080w\" sizes=\"(max-width: 767px) 89vw, (max-width: 1000px) 54vw, (max-width: 1071px) 543px, 580px\" \/><\/figure><div class=\"wp-block-media-text__content\">\n<p class=\"has-text-color\" style=\"color:#e70031\"><strong>RETROUVEZ NOUS TOUS LES MARDIS &amp; JEUDIS<\/strong><br><strong><span class=\"has-inline-color has-vivid-cyan-blue-color\">14H<\/span><\/strong><span class=\"has-inline-color has-vivid-cyan-blue-color\"> \/ R\u00e9union d&rsquo;information<\/span><br>. L&rsquo;APPRENTISSAGE, C\u2019EST QUOI ?<br>. D\u00c9COUVERTE DE NOS FILI\u00c8RES<br><br><strong>12 POSTES \u00c0 POURVOIR PAR M\u00c9TIER<\/strong><\/p>\n\n\n\n<p><strong>FORE ILES DU NORD<br><\/strong>18, rue Canne \u00e0 Sucre &#8211; Hope Estate<br>97150 Saint-Martin<br><strong>0590 87 41 20<\/strong><br><strong><a href=\"mailto:apprentissage.idn@fore.fr\">manon.bisson@fore.fr<\/a><\/strong><\/p>\n<\/div><\/div>\n\n\n\n<p><strong>Les Fili\u00e8res pr\u00e9sent\u00e9es :<\/strong><br>. <a href=\"https:\/\/migration.fore.fr\/idn\/titre-professionnel-vendeur-se-conseil-en-magasin\/\">VENDEUR.SE CONSEIL EN MAGASIN<\/a><br>. <a href=\"https:\/\/migration.fore.fr\/idn\/titre-professionnel-secretaire-assistant-e\/\">SECRETAIRE ASSISTANT.E<\/a><br>. <a href=\"https:\/\/migration.fore.fr\/idn\/titre-professionnel-serveurse-en-restauration\/\">SERVEUR.SE EN RESTAURATION<\/a><\/p>\n\n\n\n<p>Vous souhaitez plus de renseignement sur nos <strong><span class=\"has-inline-color has-vivid-red-color\">Journ\u00e9es Portes Ouvertes Apprentissage<\/span><\/strong>, merci de remplir les champs ci-dessous, <strong>nous vous r\u00e9pondrons d\u00e8s que possible<\/strong>.<\/p>\n\n\n\n<div class=\"wpcf7 no-js\" id=\"wpcf7-f1268-o1\" lang=\"fr-FR\" dir=\"ltr\">\n<div class=\"screen-reader-response\"><p role=\"status\" aria-live=\"polite\" aria-atomic=\"true\"><\/p> <ul><\/ul><\/div>\n<form action=\"\/idn\/wp-json\/wp\/v2\/pages\/1263#wpcf7-f1268-o1\" method=\"post\" class=\"wpcf7-form init\" aria-label=\"Formulaire de contact\" novalidate=\"novalidate\" data-status=\"init\">\n<div style=\"display: none;\">\n<input type=\"hidden\" name=\"_wpcf7\" value=\"1268\" \/>\n<input type=\"hidden\" name=\"_wpcf7_version\" value=\"5.9.8\" \/>\n<input type=\"hidden\" name=\"_wpcf7_locale\" value=\"fr_FR\" \/>\n<input type=\"hidden\" name=\"_wpcf7_unit_tag\" value=\"wpcf7-f1268-o1\" \/>\n<input type=\"hidden\" name=\"_wpcf7_container_post\" value=\"0\" \/>\n<input type=\"hidden\" name=\"_wpcf7_posted_data_hash\" value=\"\" \/>\n<\/div>\n<p><label> Votre nom (obligatoire)<br \/>\n<span class=\"wpcf7-form-control-wrap\" data-name=\"your-name\"><input size=\"40\" maxlength=\"400\" class=\"wpcf7-form-control wpcf7-text wpcf7-validates-as-required\" aria-required=\"true\" aria-invalid=\"false\" value=\"\" type=\"text\" name=\"your-name\" \/><\/span> <\/label><br \/>\n<label> Votre adresse de messagerie (obligatoire)<br \/>\n<span class=\"wpcf7-form-control-wrap\" data-name=\"your-email\"><input size=\"40\" maxlength=\"400\" class=\"wpcf7-form-control wpcf7-email wpcf7-validates-as-required wpcf7-text wpcf7-validates-as-email\" aria-required=\"true\" aria-invalid=\"false\" value=\"\" type=\"email\" name=\"your-email\" \/><\/span> <\/label>\n<\/p>\n<p><label> Objet<br \/>\n<span class=\"wpcf7-form-control-wrap\" data-name=\"your-subject\"><input size=\"40\" maxlength=\"400\" class=\"wpcf7-form-control wpcf7-text\" aria-invalid=\"false\" value=\"\" type=\"text\" name=\"your-subject\" \/><\/span> <\/label>\n<\/p>\n<p><label> Votre message<br \/>\n<span class=\"wpcf7-form-control-wrap\" data-name=\"your-message\"><textarea cols=\"40\" rows=\"10\" maxlength=\"2000\" class=\"wpcf7-form-control wpcf7-textarea\" aria-invalid=\"false\" name=\"your-message\"><\/textarea><\/span> <\/label>\n<\/p>\n<p><input class=\"wpcf7-form-control wpcf7-submit has-spinner\" type=\"submit\" value=\"Envoyer\" \/>\n<\/p><p style=\"display: none !important;\"><label>&#916;<textarea name=\"_wpcf7_ak_hp_textarea\" cols=\"45\" rows=\"8\" maxlength=\"100\"><\/textarea><\/label><input type=\"hidden\" id=\"ak_js_1\" name=\"_wpcf7_ak_js\" value=\"240\"\/><script>document.getElementById( \"ak_js_1\" ).setAttribute( \"value\", ( new Date() ).getTime() );<\/script><\/p><div class=\"wpcf7-response-output\" aria-hidden=\"true\"><\/div>\n<\/form>\n<\/div>\n\n","protected":false},"excerpt":{"rendered":"<p>Change ta vie, Deviens Apprenti ! Les Journ\u00e9es Portes Ouvertes Apprentissage &#8211; Saint-Martin RETROUVEZ NOUS TOUS LES MARDIS &amp; JEUDIS14H \/ R\u00e9union d&rsquo;information. L&rsquo;APPRENTISSAGE, C\u2019EST QUOI ?. D\u00c9COUVERTE DE NOS FILI\u00c8RES 12 POSTES \u00c0 POURVOIR PAR M\u00c9TIER FORE ILES DU NORD18, rue Canne \u00e0 Sucre &#8211; Hope Estate97150 Saint-Martin0590 87 41 20manon.bisson@fore.fr Les Fili\u00e8res pr\u00e9sent\u00e9es &hellip; <\/p>\n<p class=\"link-more\"><a href=\"https:\/\/www.fore.fr\/idn\/jpo\/\" class=\"more-link\">Continuer la lecture<span class=\"screen-reader-text\"> de &laquo;&nbsp;Journ\u00e9es Portes Ouvertes Apprentissage &#8211; Saint-Martin&nbsp;&raquo;<\/span><\/a><\/p>\n","protected":false},"author":1,"featured_media":0,"parent":0,"menu_order":0,"comment_status":"closed","ping_status":"closed","template":"","meta":{"footnotes":""},"yoast_head":"<!-- This site is optimized with the Yoast SEO plugin v23.5 - https:\/\/yoast.com\/wordpress\/plugins\/seo\/ -->\n<title>Journ\u00e9es Portes Ouvertes Apprentissage - Saint-Martin - Formations Fore Iles du Nord<\/title>\n<meta name=\"description\" content=\"RETROUVEZ NOUS TOUS LES MARDIS &amp; JEUDIS \/ 14H R\u00e9union d&#039;information - Journ\u00e9es Portes Ouvertes Apprentissage - Saint-Martin - Formations Fore Iles du Nord\" \/>\n<meta name=\"robots\" content=\"index, follow, max-snippet:-1, max-image-preview:large, max-video-preview:-1\" \/>\n<link rel=\"canonical\" href=\"https:\/\/www.fore.fr\/idn\/jpo\/\" \/>\n<meta property=\"og:locale\" content=\"fr_FR\" \/>\n<meta property=\"og:type\" content=\"article\" \/>\n<meta property=\"og:title\" content=\"Journ\u00e9es Portes Ouvertes Apprentissage - Saint-Martin - Formations Fore Iles du Nord\" \/>\n<meta property=\"og:description\" content=\"RETROUVEZ NOUS TOUS LES MARDIS &amp; JEUDIS \/ 14H R\u00e9union d&#039;information - Journ\u00e9es Portes Ouvertes Apprentissage - Saint-Martin - Formations Fore Iles du Nord\" \/>\n<meta property=\"og:url\" content=\"https:\/\/www.fore.fr\/idn\/jpo\/\" \/>\n<meta property=\"og:site_name\" content=\"Formations Fore Iles du Nord\" \/>\n<meta property=\"article:publisher\" content=\"https:\/\/www.facebook.com\/Fore97\" \/>\n<meta property=\"article:modified_time\" content=\"2021-07-28T14:08:08+00:00\" \/>\n<meta property=\"og:image\" content=\"https:\/\/migration.fore.fr\/idn\/wp-content\/uploads\/2021\/07\/1080x1080-JPO-Apprentissage-ForeIDN-1024x1024.jpg\" \/>\n<meta name=\"twitter:card\" content=\"summary_large_image\" \/>\n<meta name=\"twitter:label1\" content=\"Dur\u00e9e de lecture estim\u00e9e\" \/>\n\t<meta name=\"twitter:data1\" content=\"1 minute\" \/>\n<script type=\"application\/ld+json\" class=\"yoast-schema-graph\">{\"@context\":\"https:\/\/schema.org\",\"@graph\":[{\"@type\":\"WebPage\",\"@id\":\"https:\/\/www.fore.fr\/idn\/jpo\/\",\"url\":\"https:\/\/www.fore.fr\/idn\/jpo\/\",\"name\":\"Journ\u00e9es Portes Ouvertes Apprentissage - Saint-Martin - Formations Fore Iles du Nord\",\"isPartOf\":{\"@id\":\"https:\/\/www.fore.fr\/idn\/#website\"},\"primaryImageOfPage\":{\"@id\":\"https:\/\/www.fore.fr\/idn\/jpo\/#primaryimage\"},\"image\":{\"@id\":\"https:\/\/www.fore.fr\/idn\/jpo\/#primaryimage\"},\"thumbnailUrl\":\"https:\/\/migration.fore.fr\/idn\/wp-content\/uploads\/2021\/07\/1080x1080-JPO-Apprentissage-ForeIDN-1024x1024.jpg\",\"datePublished\":\"2020-12-02T21:21:39+00:00\",\"dateModified\":\"2021-07-28T14:08:08+00:00\",\"description\":\"RETROUVEZ NOUS TOUS LES MARDIS & JEUDIS \/ 14H R\u00e9union d'information - Journ\u00e9es Portes Ouvertes Apprentissage - Saint-Martin - Formations Fore Iles du Nord\",\"breadcrumb\":{\"@id\":\"https:\/\/www.fore.fr\/idn\/jpo\/#breadcrumb\"},\"inLanguage\":\"fr-FR\",\"potentialAction\":[{\"@type\":\"ReadAction\",\"target\":[\"https:\/\/www.fore.fr\/idn\/jpo\/\"]}]},{\"@type\":\"ImageObject\",\"inLanguage\":\"fr-FR\",\"@id\":\"https:\/\/www.fore.fr\/idn\/jpo\/#primaryimage\",\"url\":\"https:\/\/migration.fore.fr\/idn\/wp-content\/uploads\/2021\/07\/1080x1080-JPO-Apprentissage-ForeIDN-1024x1024.jpg\",\"contentUrl\":\"https:\/\/migration.fore.fr\/idn\/wp-content\/uploads\/2021\/07\/1080x1080-JPO-Apprentissage-ForeIDN-1024x1024.jpg\"},{\"@type\":\"BreadcrumbList\",\"@id\":\"https:\/\/www.fore.fr\/idn\/jpo\/#breadcrumb\",\"itemListElement\":[{\"@type\":\"ListItem\",\"position\":1,\"name\":\"Accueil\",\"item\":\"https:\/\/www.fore.fr\/idn\/\"},{\"@type\":\"ListItem\",\"position\":2,\"name\":\"Journ\u00e9es Portes Ouvertes Apprentissage &#8211; Saint-Martin\"}]},{\"@type\":\"WebSite\",\"@id\":\"https:\/\/www.fore.fr\/idn\/#website\",\"url\":\"https:\/\/www.fore.fr\/idn\/\",\"name\":\"Formations Fore Iles du Nord\",\"description\":\"D\u00c9COUVREZ NOTRE OFFRE DE FORMATION COMPL\u00c8TE A SAINT-MARTIN !\",\"publisher\":{\"@id\":\"https:\/\/www.fore.fr\/idn\/#organization\"},\"potentialAction\":[{\"@type\":\"SearchAction\",\"target\":{\"@type\":\"EntryPoint\",\"urlTemplate\":\"https:\/\/www.fore.fr\/idn\/?s={search_term_string}\"},\"query-input\":{\"@type\":\"PropertyValueSpecification\",\"valueRequired\":true,\"valueName\":\"search_term_string\"}}],\"inLanguage\":\"fr-FR\"},{\"@type\":\"Organization\",\"@id\":\"https:\/\/www.fore.fr\/idn\/#organization\",\"name\":\"Fore\",\"url\":\"https:\/\/www.fore.fr\/idn\/\",\"logo\":{\"@type\":\"ImageObject\",\"inLanguage\":\"fr-FR\",\"@id\":\"https:\/\/www.fore.fr\/idn\/#\/schema\/logo\/image\/\",\"url\":\"\",\"contentUrl\":\"\",\"caption\":\"Fore\"},\"image\":{\"@id\":\"https:\/\/www.fore.fr\/idn\/#\/schema\/logo\/image\/\"},\"sameAs\":[\"https:\/\/www.facebook.com\/Fore97\",\"https:\/\/www.instagram.com\/fore.formation\"]}]}<\/script>\n<!-- \/ Yoast SEO plugin. -->","yoast_head_json":{"title":"Journ\u00e9es Portes Ouvertes Apprentissage - Saint-Martin - Formations Fore Iles du Nord","description":"RETROUVEZ NOUS TOUS LES MARDIS & JEUDIS \/ 14H R\u00e9union d'information - Journ\u00e9es Portes Ouvertes Apprentissage - Saint-Martin - Formations Fore Iles du Nord","robots":{"index":"index","follow":"follow","max-snippet":"max-snippet:-1","max-image-preview":"max-image-preview:large","max-video-preview":"max-video-preview:-1"},"canonical":"https:\/\/www.fore.fr\/idn\/jpo\/","og_locale":"fr_FR","og_type":"article","og_title":"Journ\u00e9es Portes Ouvertes Apprentissage - Saint-Martin - Formations Fore Iles du Nord","og_description":"RETROUVEZ NOUS TOUS LES MARDIS & JEUDIS \/ 14H R\u00e9union d'information - Journ\u00e9es Portes Ouvertes Apprentissage - Saint-Martin - Formations Fore Iles du Nord","og_url":"https:\/\/www.fore.fr\/idn\/jpo\/","og_site_name":"Formations Fore Iles du Nord","article_publisher":"https:\/\/www.facebook.com\/Fore97","article_modified_time":"2021-07-28T14:08:08+00:00","og_image":[{"url":"https:\/\/migration.fore.fr\/idn\/wp-content\/uploads\/2021\/07\/1080x1080-JPO-Apprentissage-ForeIDN-1024x1024.jpg"}],"twitter_card":"summary_large_image","twitter_misc":{"Dur\u00e9e de lecture estim\u00e9e":"1 minute"},"schema":{"@context":"https:\/\/schema.org","@graph":[{"@type":"WebPage","@id":"https:\/\/www.fore.fr\/idn\/jpo\/","url":"https:\/\/www.fore.fr\/idn\/jpo\/","name":"Journ\u00e9es Portes Ouvertes Apprentissage - Saint-Martin - Formations Fore Iles du Nord","isPartOf":{"@id":"https:\/\/www.fore.fr\/idn\/#website"},"primaryImageOfPage":{"@id":"https:\/\/www.fore.fr\/idn\/jpo\/#primaryimage"},"image":{"@id":"https:\/\/www.fore.fr\/idn\/jpo\/#primaryimage"},"thumbnailUrl":"https:\/\/migration.fore.fr\/idn\/wp-content\/uploads\/2021\/07\/1080x1080-JPO-Apprentissage-ForeIDN-1024x1024.jpg","datePublished":"2020-12-02T21:21:39+00:00","dateModified":"2021-07-28T14:08:08+00:00","description":"RETROUVEZ NOUS TOUS LES MARDIS & JEUDIS \/ 14H R\u00e9union d'information - Journ\u00e9es Portes Ouvertes Apprentissage - Saint-Martin - Formations Fore Iles du Nord","breadcrumb":{"@id":"https:\/\/www.fore.fr\/idn\/jpo\/#breadcrumb"},"inLanguage":"fr-FR","potentialAction":[{"@type":"ReadAction","target":["https:\/\/www.fore.fr\/idn\/jpo\/"]}]},{"@type":"ImageObject","inLanguage":"fr-FR","@id":"https:\/\/www.fore.fr\/idn\/jpo\/#primaryimage","url":"https:\/\/migration.fore.fr\/idn\/wp-content\/uploads\/2021\/07\/1080x1080-JPO-Apprentissage-ForeIDN-1024x1024.jpg","contentUrl":"https:\/\/migration.fore.fr\/idn\/wp-content\/uploads\/2021\/07\/1080x1080-JPO-Apprentissage-ForeIDN-1024x1024.jpg"},{"@type":"BreadcrumbList","@id":"https:\/\/www.fore.fr\/idn\/jpo\/#breadcrumb","itemListElement":[{"@type":"ListItem","position":1,"name":"Accueil","item":"https:\/\/www.fore.fr\/idn\/"},{"@type":"ListItem","position":2,"name":"Journ\u00e9es Portes Ouvertes Apprentissage &#8211; Saint-Martin"}]},{"@type":"WebSite","@id":"https:\/\/www.fore.fr\/idn\/#website","url":"https:\/\/www.fore.fr\/idn\/","name":"Formations Fore Iles du Nord","description":"D\u00c9COUVREZ NOTRE OFFRE DE FORMATION COMPL\u00c8TE A SAINT-MARTIN !","publisher":{"@id":"https:\/\/www.fore.fr\/idn\/#organization"},"potentialAction":[{"@type":"SearchAction","target":{"@type":"EntryPoint","urlTemplate":"https:\/\/www.fore.fr\/idn\/?s={search_term_string}"},"query-input":{"@type":"PropertyValueSpecification","valueRequired":true,"valueName":"search_term_string"}}],"inLanguage":"fr-FR"},{"@type":"Organization","@id":"https:\/\/www.fore.fr\/idn\/#organization","name":"Fore","url":"https:\/\/www.fore.fr\/idn\/","logo":{"@type":"ImageObject","inLanguage":"fr-FR","@id":"https:\/\/www.fore.fr\/idn\/#\/schema\/logo\/image\/","url":"","contentUrl":"","caption":"Fore"},"image":{"@id":"https:\/\/www.fore.fr\/idn\/#\/schema\/logo\/image\/"},"sameAs":["https:\/\/www.facebook.com\/Fore97","https:\/\/www.instagram.com\/fore.formation"]}]}},"_links":{"self":[{"href":"https:\/\/www.fore.fr\/idn\/wp-json\/wp\/v2\/pages\/1263"}],"collection":[{"href":"https:\/\/www.fore.fr\/idn\/wp-json\/wp\/v2\/pages"}],"about":[{"href":"https:\/\/www.fore.fr\/idn\/wp-json\/wp\/v2\/types\/page"}],"author":[{"embeddable":true,"href":"https:\/\/www.fore.fr\/idn\/wp-json\/wp\/v2\/users\/1"}],"replies":[{"embeddable":true,"href":"https:\/\/www.fore.fr\/idn\/wp-json\/wp\/v2\/comments?post=1263"}],"version-history":[{"count":11,"href":"https:\/\/www.fore.fr\/idn\/wp-json\/wp\/v2\/pages\/1263\/revisions"}],"predecessor-version":[{"id":1411,"href":"https:\/\/www.fore.fr\/idn\/wp-json\/wp\/v2\/pages\/1263\/revisions\/1411"}],"wp:attachment":[{"href":"https:\/\/www.fore.fr\/idn\/wp-json\/wp\/v2\/media?parent=1263"}],"curies":[{"name":"wp","href":"https:\/\/api.w.org\/{rel}","templated":true}]}}