{"id":2131,"date":"2022-10-22T21:25:01","date_gmt":"2022-10-22T19:25:01","guid":{"rendered":"https:\/\/www.fore.fr\/idn\/?page_id=2131"},"modified":"2022-10-22T21:43:13","modified_gmt":"2022-10-22T19:43:13","slug":"nos-prochaines-formations","status":"publish","type":"page","link":"https:\/\/www.fore.fr\/idn\/nos-prochaines-formations\/","title":{"rendered":"Nos prochaines formations"},"content":{"rendered":"\n<h1 class=\"has-text-align-center has-white-color has-vivid-red-background-color has-text-color has-background wp-block-heading\"> <strong>Encore des places disponibles !<\/strong><\/h1>\n\n\n\n<h2 class=\"has-text-color wp-block-heading\" style=\"color:#e70031\"><strong><mark style=\"background-color:rgba(0, 0, 0, 0)\" class=\"has-inline-color has-vivid-cyan-blue-color\">Nos prochaines formations<\/mark><\/strong><\/h2>\n\n\n\n<p><strong><mark style=\"background-color:rgba(0, 0, 0, 0)\" class=\"has-inline-color has-black-color\"><a href=\"https:\/\/www.fore.fr\/idn\/wp-content\/uploads\/2022\/10\/FORE-IDN-TP-COFFREUR.SE-BANCHEUR.SE_.pdf\" target=\"_blank\" rel=\"noreferrer noopener\">TP COFFREUR.SE BANCHEUR.SE<\/a><br><a href=\"https:\/\/www.fore.fr\/idn\/wp-content\/uploads\/2022\/10\/FORE-IDN-TP-OUVRIER-DE-PRODUCTION-HORTICOLE.pdf\" target=\"_blank\" rel=\"noreferrer noopener\">TP OUVRIER.E DE PRODUCTION HORTICOLE<\/a><br><a href=\"https:\/\/www.fore.fr\/idn\/wp-content\/uploads\/2022\/10\/FORE-IDN-TP-AGENT-TECHNIQUE-DE-RE\u0301CEPTION-ET-DE-VALORISATION-DES-DE\u0301CHE\u0302TS-NIVEAU-3.pdf\" target=\"_blank\" rel=\"noreferrer noopener\">TP AGENT TECHNIQUE DE R\u00c9CEPTION ET DE VALORISATION DES D\u00c9CH\u00caTS<\/a><br>FORMATION SANT\u00c9 S\u00c9CURIT\u00c9 CONDITION DE TRAVAIL (SSCT)<\/mark><\/strong><\/p>\n\n\n\n<p><strong>FORE ILES DU NORD<br><\/strong>18, rue Canne \u00e0 Sucre &#8211; Hope Estate &#8211; 97150 Saint-Martin<br><strong>0590 87 41 20<\/strong> \/ <strong><a href=\"mailto:dilenord.joseph@fore.fr\">dilenord.joseph@fore.fr<\/a><\/strong><\/p>\n\n\n\n<p class=\"has-text-color\" style=\"color:#e70031\"><strong>DECOUVREZ NOS PROCHAINES FORMATIONS<\/strong> et contactez-nous !<\/p>\n\n\n\n<div class=\"wp-block-columns is-layout-flex wp-container-core-columns-layout-1 wp-block-columns-is-layout-flex\">\n<div class=\"wp-block-column is-layout-flow wp-block-column-is-layout-flow\">\n<div data-wp-interactive=\"\" class=\"wp-block-file\"><object data-wp-bind--hidden=\"!selectors.core.file.hasPdfPreview\" hidden class=\"wp-block-file__embed\" data=\"https:\/\/www.fore.fr\/idn\/wp-content\/uploads\/2022\/10\/FORE-IDN-TP-COFFREUR.SE-BANCHEUR.SE_.pdf\" type=\"application\/pdf\" style=\"width:100%;height:510px\" aria-label=\"Contenu embarqu\u00e9 PDF embarqu\u00e9.\"><\/object><a href=\"https:\/\/www.fore.fr\/idn\/wp-content\/uploads\/2022\/10\/FORE-IDN-TP-COFFREUR.SE-BANCHEUR.SE_.pdf\" class=\"wp-block-file__button\" download aria-describedby=\"wp-block-file--media-d4c6aa5b-400f-4712-88ef-706a3814e6ac\">T\u00e9l\u00e9charger<\/a><\/div>\n<\/div>\n\n\n\n<div class=\"wp-block-column is-layout-flow wp-block-column-is-layout-flow\">\n<div data-wp-interactive=\"\" class=\"wp-block-file\"><object data-wp-bind--hidden=\"!selectors.core.file.hasPdfPreview\" hidden class=\"wp-block-file__embed\" data=\"https:\/\/www.fore.fr\/idn\/wp-content\/uploads\/2022\/10\/FORE-IDN-TP-AGENT-TECHNIQUE-DE-RE\u0301CEPTION-ET-DE-VALORISATION-DES-DE\u0301CHE\u0302TS-NIVEAU-3.pdf\" type=\"application\/pdf\" style=\"width:100%;height:510px\" aria-label=\"Contenu embarqu\u00e9 PDF embarqu\u00e9.\"><\/object><a href=\"https:\/\/www.fore.fr\/idn\/wp-content\/uploads\/2022\/10\/FORE-IDN-TP-AGENT-TECHNIQUE-DE-RE\u0301CEPTION-ET-DE-VALORISATION-DES-DE\u0301CHE\u0302TS-NIVEAU-3.pdf\" class=\"wp-block-file__button\" download aria-describedby=\"wp-block-file--media-28713306-70b5-4fcc-bb20-d9de4e32fd70\">T\u00e9l\u00e9charger<\/a><\/div>\n<\/div>\n<\/div>\n\n\n\n<div class=\"wp-block-columns is-layout-flex wp-container-core-columns-layout-2 wp-block-columns-is-layout-flex\">\n<div class=\"wp-block-column is-layout-flow wp-block-column-is-layout-flow\">\n<div data-wp-interactive=\"\" class=\"wp-block-file\"><object data-wp-bind--hidden=\"!selectors.core.file.hasPdfPreview\" hidden class=\"wp-block-file__embed\" data=\"https:\/\/www.fore.fr\/idn\/wp-content\/uploads\/2022\/10\/FORE-IDN-TP-OUVRIER-DE-PRODUCTION-HORTICOLE.pdf\" type=\"application\/pdf\" style=\"width:100%;height:510px\" aria-label=\"Contenu embarqu\u00e9 PDF embarqu\u00e9.\"><\/object><a href=\"https:\/\/www.fore.fr\/idn\/wp-content\/uploads\/2022\/10\/FORE-IDN-TP-OUVRIER-DE-PRODUCTION-HORTICOLE.pdf\" class=\"wp-block-file__button\" download aria-describedby=\"wp-block-file--media-162a5efe-337f-4be9-a849-afdec556c861\">T\u00e9l\u00e9charger<\/a><\/div>\n<\/div>\n\n\n\n<div class=\"wp-block-column is-layout-flow wp-block-column-is-layout-flow\">\n<p>FORMATION SANT\u00c9 S\u00c9CURIT\u00c9 CONDITION DE TRAVAIL (SSCT)<\/p>\n<\/div>\n<\/div>\n\n\n\n<p>Vous souhaitez plus de renseignement sur nos <strong><mark style=\"background-color:rgba(0, 0, 0, 0)\" class=\"has-inline-color has-vivid-red-color\">prochaines formations<\/mark><\/strong>, merci de remplir les champs ci-dessous, <strong>nous vous r\u00e9pondrons d\u00e8s que possible<\/strong>.<\/p>\n\n\n\n<div class=\"wpcf7 no-js\" id=\"wpcf7-f2139-o1\" lang=\"fr-FR\" dir=\"ltr\">\n<div class=\"screen-reader-response\"><p role=\"status\" aria-live=\"polite\" aria-atomic=\"true\"><\/p> <ul><\/ul><\/div>\n<form action=\"\/idn\/wp-json\/wp\/v2\/pages\/2131#wpcf7-f2139-o1\" method=\"post\" class=\"wpcf7-form init\" aria-label=\"Formulaire de contact\" enctype=\"multipart\/form-data\" novalidate=\"novalidate\" data-status=\"init\">\n<div style=\"display: none;\">\n<input type=\"hidden\" name=\"_wpcf7\" value=\"2139\" \/>\n<input type=\"hidden\" name=\"_wpcf7_version\" value=\"5.9.8\" \/>\n<input type=\"hidden\" name=\"_wpcf7_locale\" value=\"fr_FR\" \/>\n<input type=\"hidden\" name=\"_wpcf7_unit_tag\" value=\"wpcf7-f2139-o1\" \/>\n<input type=\"hidden\" name=\"_wpcf7_container_post\" value=\"0\" \/>\n<input type=\"hidden\" name=\"_wpcf7_posted_data_hash\" value=\"\" \/>\n<\/div>\n<p><label> Merci de choisir la formation concern\u00e9e :<br \/>\n<span class=\"wpcf7-form-control-wrap\" data-name=\"listeformation\"><select class=\"wpcf7-form-control wpcf7-select wpcf7-validates-as-required\" aria-required=\"true\" aria-invalid=\"false\" name=\"listeformation\"><option value=\"\">&#8212;Veuillez choisir une option&#8212;<\/option><option value=\"TP OUVRIER.E DE PRODUCTION HORTICOLE\">TP OUVRIER.E DE PRODUCTION HORTICOLE<\/option><option value=\"TP COFFREUR.SE BANCHEUR.SE\">TP COFFREUR.SE BANCHEUR.SE<\/option><option value=\"TP AGENT TECHNIQUE DE R\u00c9CEPTION ET DE VALORISATION DES D\u00c9CH\u00caTS\">TP AGENT TECHNIQUE DE R\u00c9CEPTION ET DE VALORISATION DES D\u00c9CH\u00caTS<\/option><option value=\"FORMATION SANT\u00c9 S\u00c9CURIT\u00c9 CONDITION DE TRAVAIL (SSCT)\">FORMATION SANT\u00c9 S\u00c9CURIT\u00c9 CONDITION DE TRAVAIL (SSCT)<\/option><\/select><\/span><br \/>\n<\/label><br \/>\n<label> Votre nom (obligatoire)<br \/>\n<span class=\"wpcf7-form-control-wrap\" data-name=\"your-name\"><input size=\"40\" maxlength=\"400\" class=\"wpcf7-form-control wpcf7-text wpcf7-validates-as-required\" aria-required=\"true\" aria-invalid=\"false\" value=\"\" type=\"text\" name=\"your-name\" \/><\/span> <\/label>\n<\/p>\n<p><label> Votre Email (obligatoire)<br \/>\n<span class=\"wpcf7-form-control-wrap\" data-name=\"your-email\"><input size=\"40\" maxlength=\"400\" class=\"wpcf7-form-control wpcf7-email wpcf7-validates-as-required wpcf7-text wpcf7-validates-as-email\" aria-required=\"true\" aria-invalid=\"false\" value=\"\" type=\"email\" name=\"your-email\" \/><\/span> <\/label><br \/>\n<label> Votre t\u00e9l\u00e9phone <span class=\"wpcf7-form-control-wrap\" data-name=\"tel-704\"><input size=\"40\" maxlength=\"400\" class=\"wpcf7-form-control wpcf7-tel wpcf7-validates-as-required wpcf7-text wpcf7-validates-as-tel\" aria-required=\"true\" aria-invalid=\"false\" value=\"\" type=\"tel\" name=\"tel-704\" \/><\/span><\/label><br \/>\n<label> Objet<br \/>\n<span class=\"wpcf7-form-control-wrap\" data-name=\"your-subject\"><input size=\"40\" maxlength=\"400\" class=\"wpcf7-form-control wpcf7-text\" aria-invalid=\"false\" value=\"\" type=\"text\" name=\"your-subject\" \/><\/span> <\/label>\n<\/p>\n<p><label> Votre message<br \/>\n<span class=\"wpcf7-form-control-wrap\" data-name=\"your-message\"><textarea cols=\"40\" rows=\"10\" maxlength=\"2000\" class=\"wpcf7-form-control wpcf7-textarea\" aria-invalid=\"false\" name=\"your-message\"><\/textarea><\/span> <\/label><br \/>\n<label> Vous pouvez nous envoyer votre CV si vous le souhaitez :<br \/>\n<span class=\"wpcf7-form-control-wrap\" data-name=\"file-707\"><input size=\"40\" class=\"wpcf7-form-control wpcf7-file\" accept=\"audio\/*,video\/*,image\/*\" aria-invalid=\"false\" type=\"file\" name=\"file-707\" \/><\/span> <\/label>\n<\/p>\n<p><input class=\"wpcf7-form-control wpcf7-submit has-spinner\" type=\"submit\" value=\"Envoyer\" \/>\n<\/p><p style=\"display: none !important;\"><label>&#916;<textarea name=\"_wpcf7_ak_hp_textarea\" cols=\"45\" rows=\"8\" maxlength=\"100\"><\/textarea><\/label><input type=\"hidden\" id=\"ak_js_1\" name=\"_wpcf7_ak_js\" value=\"217\"\/><script>document.getElementById( \"ak_js_1\" ).setAttribute( \"value\", ( new Date() ).getTime() );<\/script><\/p><div class=\"wpcf7-response-output\" aria-hidden=\"true\"><\/div>\n<\/form>\n<\/div>\n\n","protected":false},"excerpt":{"rendered":"<p>Encore des places disponibles ! Nos prochaines formations TP COFFREUR.SE BANCHEUR.SETP OUVRIER.E DE PRODUCTION HORTICOLETP AGENT TECHNIQUE DE R\u00c9CEPTION ET DE VALORISATION DES D\u00c9CH\u00caTSFORMATION SANT\u00c9 S\u00c9CURIT\u00c9 CONDITION DE TRAVAIL (SSCT) FORE ILES DU NORD18, rue Canne \u00e0 Sucre &#8211; Hope Estate &#8211; 97150 Saint-Martin0590 87 41 20 \/ dilenord.joseph@fore.fr DECOUVREZ NOS PROCHAINES FORMATIONS et contactez-nous &hellip; <\/p>\n<p class=\"link-more\"><a href=\"https:\/\/www.fore.fr\/idn\/nos-prochaines-formations\/\" class=\"more-link\">Continuer la lecture<span class=\"screen-reader-text\"> de &laquo;&nbsp;Nos prochaines formations&nbsp;&raquo;<\/span><\/a><\/p>\n","protected":false},"author":1,"featured_media":0,"parent":0,"menu_order":0,"comment_status":"closed","ping_status":"closed","template":"","meta":{"footnotes":""},"yoast_head":"<!-- This site is optimized with the Yoast SEO plugin v23.5 - https:\/\/yoast.com\/wordpress\/plugins\/seo\/ -->\n<title>Nos prochaines formations - Formations Fore Iles du Nord<\/title>\n<meta name=\"description\" content=\"RETROUVEZ NOUS TOUS LES MARDIS &amp; JEUDIS \/ 14H R\u00e9union d&#039;information - Nos prochaines formations - Formations Fore Iles du Nord\" \/>\n<meta name=\"robots\" content=\"index, follow, max-snippet:-1, max-image-preview:large, max-video-preview:-1\" \/>\n<link rel=\"canonical\" href=\"https:\/\/www.fore.fr\/idn\/nos-prochaines-formations\/\" \/>\n<meta property=\"og:locale\" content=\"fr_FR\" \/>\n<meta property=\"og:type\" content=\"article\" \/>\n<meta property=\"og:title\" content=\"Nos prochaines formations - Formations Fore Iles du Nord\" \/>\n<meta property=\"og:description\" content=\"RETROUVEZ NOUS TOUS LES MARDIS &amp; JEUDIS \/ 14H R\u00e9union d&#039;information - Nos prochaines formations - Formations Fore Iles du Nord\" \/>\n<meta property=\"og:url\" content=\"https:\/\/www.fore.fr\/idn\/nos-prochaines-formations\/\" \/>\n<meta property=\"og:site_name\" content=\"Formations Fore Iles du Nord\" \/>\n<meta property=\"article:publisher\" content=\"https:\/\/www.facebook.com\/Fore97\" \/>\n<meta property=\"article:modified_time\" content=\"2022-10-22T19:43:13+00:00\" \/>\n<meta name=\"twitter:card\" content=\"summary_large_image\" \/>\n<meta name=\"twitter:label1\" content=\"Dur\u00e9e de lecture estim\u00e9e\" \/>\n\t<meta name=\"twitter:data1\" content=\"1 minute\" \/>\n<script type=\"application\/ld+json\" class=\"yoast-schema-graph\">{\"@context\":\"https:\/\/schema.org\",\"@graph\":[{\"@type\":\"WebPage\",\"@id\":\"https:\/\/www.fore.fr\/idn\/nos-prochaines-formations\/\",\"url\":\"https:\/\/www.fore.fr\/idn\/nos-prochaines-formations\/\",\"name\":\"Nos prochaines formations - Formations Fore Iles du Nord\",\"isPartOf\":{\"@id\":\"https:\/\/www.fore.fr\/idn\/#website\"},\"datePublished\":\"2022-10-22T19:25:01+00:00\",\"dateModified\":\"2022-10-22T19:43:13+00:00\",\"description\":\"RETROUVEZ NOUS TOUS LES MARDIS & JEUDIS \/ 14H R\u00e9union d'information - Nos prochaines formations - Formations Fore Iles du Nord\",\"breadcrumb\":{\"@id\":\"https:\/\/www.fore.fr\/idn\/nos-prochaines-formations\/#breadcrumb\"},\"inLanguage\":\"fr-FR\",\"potentialAction\":[{\"@type\":\"ReadAction\",\"target\":[\"https:\/\/www.fore.fr\/idn\/nos-prochaines-formations\/\"]}]},{\"@type\":\"BreadcrumbList\",\"@id\":\"https:\/\/www.fore.fr\/idn\/nos-prochaines-formations\/#breadcrumb\",\"itemListElement\":[{\"@type\":\"ListItem\",\"position\":1,\"name\":\"Accueil\",\"item\":\"https:\/\/www.fore.fr\/idn\/\"},{\"@type\":\"ListItem\",\"position\":2,\"name\":\"Nos prochaines formations\"}]},{\"@type\":\"WebSite\",\"@id\":\"https:\/\/www.fore.fr\/idn\/#website\",\"url\":\"https:\/\/www.fore.fr\/idn\/\",\"name\":\"Formations Fore Iles du Nord\",\"description\":\"D\u00c9COUVREZ NOTRE OFFRE DE FORMATION COMPL\u00c8TE A SAINT-MARTIN !\",\"publisher\":{\"@id\":\"https:\/\/www.fore.fr\/idn\/#organization\"},\"potentialAction\":[{\"@type\":\"SearchAction\",\"target\":{\"@type\":\"EntryPoint\",\"urlTemplate\":\"https:\/\/www.fore.fr\/idn\/?s={search_term_string}\"},\"query-input\":{\"@type\":\"PropertyValueSpecification\",\"valueRequired\":true,\"valueName\":\"search_term_string\"}}],\"inLanguage\":\"fr-FR\"},{\"@type\":\"Organization\",\"@id\":\"https:\/\/www.fore.fr\/idn\/#organization\",\"name\":\"Fore\",\"url\":\"https:\/\/www.fore.fr\/idn\/\",\"logo\":{\"@type\":\"ImageObject\",\"inLanguage\":\"fr-FR\",\"@id\":\"https:\/\/www.fore.fr\/idn\/#\/schema\/logo\/image\/\",\"url\":\"\",\"contentUrl\":\"\",\"caption\":\"Fore\"},\"image\":{\"@id\":\"https:\/\/www.fore.fr\/idn\/#\/schema\/logo\/image\/\"},\"sameAs\":[\"https:\/\/www.facebook.com\/Fore97\",\"https:\/\/www.instagram.com\/fore.formation\"]}]}<\/script>\n<!-- \/ Yoast SEO plugin. -->","yoast_head_json":{"title":"Nos prochaines formations - Formations Fore Iles du Nord","description":"RETROUVEZ NOUS TOUS LES MARDIS & JEUDIS \/ 14H R\u00e9union d'information - Nos prochaines formations - Formations Fore Iles du Nord","robots":{"index":"index","follow":"follow","max-snippet":"max-snippet:-1","max-image-preview":"max-image-preview:large","max-video-preview":"max-video-preview:-1"},"canonical":"https:\/\/www.fore.fr\/idn\/nos-prochaines-formations\/","og_locale":"fr_FR","og_type":"article","og_title":"Nos prochaines formations - Formations Fore Iles du Nord","og_description":"RETROUVEZ NOUS TOUS LES MARDIS & JEUDIS \/ 14H R\u00e9union d'information - Nos prochaines formations - Formations Fore Iles du Nord","og_url":"https:\/\/www.fore.fr\/idn\/nos-prochaines-formations\/","og_site_name":"Formations Fore Iles du Nord","article_publisher":"https:\/\/www.facebook.com\/Fore97","article_modified_time":"2022-10-22T19:43:13+00:00","twitter_card":"summary_large_image","twitter_misc":{"Dur\u00e9e de lecture estim\u00e9e":"1 minute"},"schema":{"@context":"https:\/\/schema.org","@graph":[{"@type":"WebPage","@id":"https:\/\/www.fore.fr\/idn\/nos-prochaines-formations\/","url":"https:\/\/www.fore.fr\/idn\/nos-prochaines-formations\/","name":"Nos prochaines formations - Formations Fore Iles du Nord","isPartOf":{"@id":"https:\/\/www.fore.fr\/idn\/#website"},"datePublished":"2022-10-22T19:25:01+00:00","dateModified":"2022-10-22T19:43:13+00:00","description":"RETROUVEZ NOUS TOUS LES MARDIS & JEUDIS \/ 14H R\u00e9union d'information - Nos prochaines formations - Formations Fore Iles du Nord","breadcrumb":{"@id":"https:\/\/www.fore.fr\/idn\/nos-prochaines-formations\/#breadcrumb"},"inLanguage":"fr-FR","potentialAction":[{"@type":"ReadAction","target":["https:\/\/www.fore.fr\/idn\/nos-prochaines-formations\/"]}]},{"@type":"BreadcrumbList","@id":"https:\/\/www.fore.fr\/idn\/nos-prochaines-formations\/#breadcrumb","itemListElement":[{"@type":"ListItem","position":1,"name":"Accueil","item":"https:\/\/www.fore.fr\/idn\/"},{"@type":"ListItem","position":2,"name":"Nos prochaines formations"}]},{"@type":"WebSite","@id":"https:\/\/www.fore.fr\/idn\/#website","url":"https:\/\/www.fore.fr\/idn\/","name":"Formations Fore Iles du Nord","description":"D\u00c9COUVREZ NOTRE OFFRE DE FORMATION COMPL\u00c8TE A SAINT-MARTIN !","publisher":{"@id":"https:\/\/www.fore.fr\/idn\/#organization"},"potentialAction":[{"@type":"SearchAction","target":{"@type":"EntryPoint","urlTemplate":"https:\/\/www.fore.fr\/idn\/?s={search_term_string}"},"query-input":{"@type":"PropertyValueSpecification","valueRequired":true,"valueName":"search_term_string"}}],"inLanguage":"fr-FR"},{"@type":"Organization","@id":"https:\/\/www.fore.fr\/idn\/#organization","name":"Fore","url":"https:\/\/www.fore.fr\/idn\/","logo":{"@type":"ImageObject","inLanguage":"fr-FR","@id":"https:\/\/www.fore.fr\/idn\/#\/schema\/logo\/image\/","url":"","contentUrl":"","caption":"Fore"},"image":{"@id":"https:\/\/www.fore.fr\/idn\/#\/schema\/logo\/image\/"},"sameAs":["https:\/\/www.facebook.com\/Fore97","https:\/\/www.instagram.com\/fore.formation"]}]}},"_links":{"self":[{"href":"https:\/\/www.fore.fr\/idn\/wp-json\/wp\/v2\/pages\/2131"}],"collection":[{"href":"https:\/\/www.fore.fr\/idn\/wp-json\/wp\/v2\/pages"}],"about":[{"href":"https:\/\/www.fore.fr\/idn\/wp-json\/wp\/v2\/types\/page"}],"author":[{"embeddable":true,"href":"https:\/\/www.fore.fr\/idn\/wp-json\/wp\/v2\/users\/1"}],"replies":[{"embeddable":true,"href":"https:\/\/www.fore.fr\/idn\/wp-json\/wp\/v2\/comments?post=2131"}],"version-history":[{"count":7,"href":"https:\/\/www.fore.fr\/idn\/wp-json\/wp\/v2\/pages\/2131\/revisions"}],"predecessor-version":[{"id":2147,"href":"https:\/\/www.fore.fr\/idn\/wp-json\/wp\/v2\/pages\/2131\/revisions\/2147"}],"wp:attachment":[{"href":"https:\/\/www.fore.fr\/idn\/wp-json\/wp\/v2\/media?parent=2131"}],"curies":[{"name":"wp","href":"https:\/\/api.w.org\/{rel}","templated":true}]}}