{"id":2758,"date":"2025-12-19T12:59:41","date_gmt":"2025-12-19T11:59:41","guid":{"rendered":"https:\/\/www.fore.fr\/idn\/?page_id=2758"},"modified":"2026-04-20T20:59:08","modified_gmt":"2026-04-20T18:59:08","slug":"tcf","status":"publish","type":"page","link":"https:\/\/www.fore.fr\/idn\/tcf\/","title":{"rendered":"Tests Linguistiques et Civiques"},"content":{"rendered":"\n<h2 class=\"wp-block-heading has-text-align-center has-white-color has-vivid-red-background-color has-text-color has-background\" id=\"programme-1\"><strong><strong>Test de Connaissance du Fran\u00e7ais<\/strong><\/strong><\/h2>\n\n\n\n<h2 class=\"wp-block-heading\">LES DIFF\u00c9RENTS TESTS DE CONNAISSANCE DU FRAN\u00c7AIS<\/h2>\n\n\n\n<p>Nous proposons tous les tests pr\u00e9sent\u00e9s sur papier et sur ordinateur.<\/p>\n\n\n\n<div class=\"wp-block-columns is-layout-flex wp-container-core-columns-layout-1 wp-block-columns-is-layout-flex\">\n<div class=\"wp-block-column is-layout-flow wp-block-column-is-layout-flow\">\n<div data-wp-interactive=\"\" class=\"wp-block-file\"><object data-wp-bind--hidden=\"!selectors.core.file.hasPdfPreview\" hidden class=\"wp-block-file__embed\" data=\"https:\/\/www.fore.fr\/idn\/wp-content\/uploads\/2026\/04\/TCF-IRN.pdf\" type=\"application\/pdf\" style=\"width:100%;height:600px\" aria-label=\"Contenu embarqu\u00e9 TCF IRN.\"><\/object><a id=\"wp-block-file--media-a2a38b16-ab27-483d-81b7-177c9ddcf11d\" href=\"https:\/\/www.fore.fr\/idn\/wp-content\/uploads\/2026\/04\/TCF-IRN.pdf\" target=\"_blank\" rel=\"noreferrer noopener\">TCF IRN<\/a><a href=\"https:\/\/www.fore.fr\/idn\/wp-content\/uploads\/2026\/04\/TCF-IRN.pdf\" class=\"wp-block-file__button wp-element-button\" download aria-describedby=\"wp-block-file--media-a2a38b16-ab27-483d-81b7-177c9ddcf11d\">T\u00e9l\u00e9charger<\/a><\/div>\n<\/div>\n\n\n\n<div class=\"wp-block-column is-layout-flow wp-block-column-is-layout-flow\">\n<div data-wp-interactive=\"\" class=\"wp-block-file\"><object data-wp-bind--hidden=\"!selectors.core.file.hasPdfPreview\" hidden class=\"wp-block-file__embed\" data=\"https:\/\/www.fore.fr\/idn\/wp-content\/uploads\/2026\/04\/TCF-TP.pdf\" type=\"application\/pdf\" style=\"width:100%;height:600px\" aria-label=\"Contenu embarqu\u00e9 TCF TP.\"><\/object><a id=\"wp-block-file--media-286f87de-d00e-442f-945b-e82dcc26a88a\" href=\"https:\/\/www.fore.fr\/idn\/wp-content\/uploads\/2026\/04\/TCF-TP.pdf\" target=\"_blank\" rel=\"noreferrer noopener\">TCF TP<\/a><a href=\"https:\/\/www.fore.fr\/idn\/wp-content\/uploads\/2026\/04\/TCF-TP.pdf\" class=\"wp-block-file__button wp-element-button\" download aria-describedby=\"wp-block-file--media-286f87de-d00e-442f-945b-e82dcc26a88a\">T\u00e9l\u00e9charger<\/a><\/div>\n<\/div>\n<\/div>\n\n\n\n<div class=\"wp-block-columns is-layout-flex wp-container-core-columns-layout-2 wp-block-columns-is-layout-flex\">\n<div class=\"wp-block-column is-layout-flow wp-block-column-is-layout-flow\">\n<div data-wp-interactive=\"\" class=\"wp-block-file\"><object data-wp-bind--hidden=\"!selectors.core.file.hasPdfPreview\" hidden class=\"wp-block-file__embed\" data=\"https:\/\/www.fore.fr\/idn\/wp-content\/uploads\/2026\/04\/TCF-QUEBEC.pdf\" type=\"application\/pdf\" style=\"width:100%;height:600px\" aria-label=\"Contenu embarqu\u00e9 TCF QUEBEC.\"><\/object><a id=\"wp-block-file--media-c434189b-c6a0-45b7-b7fb-74b7fffa04f2\" href=\"https:\/\/www.fore.fr\/idn\/wp-content\/uploads\/2026\/04\/TCF-QUEBEC.pdf\" target=\"_blank\" rel=\"noreferrer noopener\">TCF QUEBEC<\/a><a href=\"https:\/\/www.fore.fr\/idn\/wp-content\/uploads\/2026\/04\/TCF-QUEBEC.pdf\" class=\"wp-block-file__button wp-element-button\" download aria-describedby=\"wp-block-file--media-c434189b-c6a0-45b7-b7fb-74b7fffa04f2\">T\u00e9l\u00e9charger<\/a><\/div>\n<\/div>\n\n\n\n<div class=\"wp-block-column is-layout-flow wp-block-column-is-layout-flow\">\n<div data-wp-interactive=\"\" class=\"wp-block-file\"><object data-wp-bind--hidden=\"!selectors.core.file.hasPdfPreview\" hidden class=\"wp-block-file__embed\" data=\"https:\/\/www.fore.fr\/idn\/wp-content\/uploads\/2026\/04\/TCF-CANADA.pdf\" type=\"application\/pdf\" style=\"width:100%;height:600px\" aria-label=\"Contenu embarqu\u00e9 TCF CANADA.\"><\/object><a id=\"wp-block-file--media-68f2cbab-1a18-4f48-a9cf-0cf34864cd3c\" href=\"https:\/\/www.fore.fr\/idn\/wp-content\/uploads\/2026\/04\/TCF-CANADA.pdf\" target=\"_blank\" rel=\"noreferrer noopener\">TCF CANADA<\/a><a href=\"https:\/\/www.fore.fr\/idn\/wp-content\/uploads\/2026\/04\/TCF-CANADA.pdf\" class=\"wp-block-file__button wp-element-button\" download aria-describedby=\"wp-block-file--media-68f2cbab-1a18-4f48-a9cf-0cf34864cd3c\">T\u00e9l\u00e9charger<\/a><\/div>\n<\/div>\n<\/div>\n\n\n\n<h2 class=\"wp-block-heading has-text-align-center has-white-color has-black-background-color has-text-color has-background\" id=\"programme-1\"><strong>TOEIC (Test of English for International Communication)<\/strong><\/h2>\n\n\n\n<p><strong>TOEIC Listening and Reading<\/strong><br>La dur\u00e9e de l\u2019examen est de 2h30&nbsp;:<\/p>\n\n\n\n<ul>\n<li>30 minutes explications des consignes,<\/li>\n\n\n\n<li>2 heures d\u2019examen sans pause (1 h partie Listening 100 questions, 1h partie Reading 100 questions)<br><br>Organisation des sessions selon la demande, sous un d\u00e9lai de 1 mois.<\/li>\n<\/ul>\n\n\n\n<p class=\"has-white-color has-text-color has-background\" style=\"background-color:#e4032c\"><strong>Pour toutes informations et inscriptions<\/strong> :  <strong>0590 87 41 20<\/strong><br>Michella ROSAMONT (TOEIC listening and Reading) \/ <a href=\"mailto:michella.rosamont@fore.fr\"><strong>michella.rosamont@fore.fr<\/strong><\/a><\/p>\n\n\n\n<h4 class=\"wp-block-heading has-text-align-center has-white-color has-black-background-color has-text-color has-background\" id=\"programme-1\"><strong>TARIFS<\/strong><\/h4>\n\n\n\n<p><strong>TCF&nbsp;<\/strong><br>TCF IRN , QUEBEC, CANADA : Nous contacter<br>Pr\u00e9 requis TCF : savoir, lire , \u00e9crire et comprendre le fran\u00e7ais<br>D\u00e9lais d&rsquo;inscription : 1 mois en avance<\/p>\n\n\n\n<p><strong>TOEIC<\/strong><br>Prix TOEIC : Nous contacter<br>Pr\u00e9 requis TOEIC : savoir, lire , \u00e9crire et comprendre l&rsquo;anglais<br>D\u00e9lais d&rsquo;inscription : 1 mois en avance<\/p>\n\n\n\n<p><strong>Pour informations&nbsp;:<\/strong> <br>Paiement par carte, ch\u00e8que ou virement bancaire.<br>Possibilit\u00e9 de financer votre formation avec le CPF.<br><\/p>\n\n\n\n<h2 class=\"wp-block-heading has-text-align-center has-white-color has-vivid-red-background-color has-text-color has-background\" id=\"programme-1\"><strong><strong>Test Civique<\/strong><\/strong><\/h2>\n\n\n\n<p class=\"has-vivid-red-color has-text-color has-link-color wp-elements-b1c156d4d3b0b038da10de2c36d9e4b1\"><strong>LIEN D\u2019ACC\u00c8S INSCRIPTION :<\/strong><br><a href=\"https:\/\/test-civique.fr\/inscription\/EB36243A5F470BFA64376EB08D562D9756FF\" target=\"_blank\" rel=\"noreferrer noopener\">https:\/\/test-civique.fr\/inscription\/EB36243A5F470BFA64376EB08D562D9756FF<\/a><\/p>\n\n\n\n<figure class=\"wp-block-image size-full\"><a href=\"https:\/\/test-civique.fr\/inscription\/EB36243A5F470BFA64376EB08D562D9756FF\" target=\"_blank\" rel=\"noreferrer noopener\"><img loading=\"lazy\" decoding=\"async\" width=\"747\" height=\"544\" src=\"https:\/\/www.fore.fr\/idn\/wp-content\/uploads\/2026\/04\/VISUEL-EC.png\" alt=\"\" class=\"wp-image-3699\" srcset=\"https:\/\/www.fore.fr\/idn\/wp-content\/uploads\/2026\/04\/VISUEL-EC.png 747w, https:\/\/www.fore.fr\/idn\/wp-content\/uploads\/2026\/04\/VISUEL-EC-300x218.png 300w\" sizes=\"(max-width: 706px) 89vw, (max-width: 767px) 82vw, 740px\" \/><\/a><\/figure>\n","protected":false},"excerpt":{"rendered":"<p>Test de Connaissance du Fran\u00e7ais LES DIFF\u00c9RENTS TESTS DE CONNAISSANCE DU FRAN\u00c7AIS Nous proposons tous les tests pr\u00e9sent\u00e9s sur papier et sur ordinateur. TOEIC (Test of English for International Communication) TOEIC Listening and ReadingLa dur\u00e9e de l\u2019examen est de 2h30&nbsp;: Pour toutes informations et inscriptions : 0590 87 41 20Michella ROSAMONT (TOEIC listening and Reading) &hellip; <\/p>\n<p class=\"link-more\"><a href=\"https:\/\/www.fore.fr\/idn\/tcf\/\" class=\"more-link\">Continuer la lecture<span class=\"screen-reader-text\"> de &laquo;&nbsp;Tests Linguistiques et Civiques&nbsp;&raquo;<\/span><\/a><\/p>\n","protected":false},"author":1,"featured_media":0,"parent":0,"menu_order":0,"comment_status":"closed","ping_status":"closed","template":"","meta":{"footnotes":""},"yoast_head":"<!-- This site is optimized with the Yoast SEO plugin v23.5 - https:\/\/yoast.com\/wordpress\/plugins\/seo\/ -->\n<title>Tests Linguistiques et Civiques Formations Fore Iles du Nord<\/title>\n<meta name=\"description\" content=\"D\u00e9couvrez tous nos Tests de Connaissance en Fran\u00e7ais \u00e0 saint-Martin\" \/>\n<meta name=\"robots\" content=\"index, follow, max-snippet:-1, max-image-preview:large, max-video-preview:-1\" \/>\n<link rel=\"canonical\" href=\"https:\/\/www.fore.fr\/idn\/tcf\/\" \/>\n<meta property=\"og:locale\" content=\"fr_FR\" \/>\n<meta property=\"og:type\" content=\"article\" \/>\n<meta property=\"og:title\" content=\"Tests Linguistiques et Civiques Formations Fore Iles du Nord\" \/>\n<meta property=\"og:description\" content=\"D\u00e9couvrez tous nos Tests de Connaissance en Fran\u00e7ais \u00e0 saint-Martin\" \/>\n<meta property=\"og:url\" content=\"https:\/\/www.fore.fr\/idn\/tcf\/\" \/>\n<meta property=\"og:site_name\" content=\"Formations Fore Iles du Nord\" \/>\n<meta property=\"article:publisher\" content=\"https:\/\/www.facebook.com\/Fore97\" \/>\n<meta property=\"article:modified_time\" content=\"2026-04-20T18:59:08+00:00\" \/>\n<meta property=\"og:image\" content=\"https:\/\/www.fore.fr\/idn\/wp-content\/uploads\/2026\/04\/VISUEL-EC.png\" \/>\n<meta name=\"twitter:card\" content=\"summary_large_image\" \/>\n<meta name=\"twitter:label1\" content=\"Dur\u00e9e de lecture estim\u00e9e\" \/>\n\t<meta name=\"twitter:data1\" content=\"2 minutes\" \/>\n<script type=\"application\/ld+json\" class=\"yoast-schema-graph\">{\"@context\":\"https:\/\/schema.org\",\"@graph\":[{\"@type\":\"WebPage\",\"@id\":\"https:\/\/www.fore.fr\/idn\/tcf\/\",\"url\":\"https:\/\/www.fore.fr\/idn\/tcf\/\",\"name\":\"Tests Linguistiques et Civiques Formations Fore Iles du Nord\",\"isPartOf\":{\"@id\":\"https:\/\/www.fore.fr\/idn\/#website\"},\"primaryImageOfPage\":{\"@id\":\"https:\/\/www.fore.fr\/idn\/tcf\/#primaryimage\"},\"image\":{\"@id\":\"https:\/\/www.fore.fr\/idn\/tcf\/#primaryimage\"},\"thumbnailUrl\":\"https:\/\/www.fore.fr\/idn\/wp-content\/uploads\/2026\/04\/VISUEL-EC.png\",\"datePublished\":\"2025-12-19T11:59:41+00:00\",\"dateModified\":\"2026-04-20T18:59:08+00:00\",\"description\":\"D\u00e9couvrez tous nos Tests de Connaissance en Fran\u00e7ais \u00e0 saint-Martin\",\"breadcrumb\":{\"@id\":\"https:\/\/www.fore.fr\/idn\/tcf\/#breadcrumb\"},\"inLanguage\":\"fr-FR\",\"potentialAction\":[{\"@type\":\"ReadAction\",\"target\":[\"https:\/\/www.fore.fr\/idn\/tcf\/\"]}]},{\"@type\":\"ImageObject\",\"inLanguage\":\"fr-FR\",\"@id\":\"https:\/\/www.fore.fr\/idn\/tcf\/#primaryimage\",\"url\":\"https:\/\/www.fore.fr\/idn\/wp-content\/uploads\/2026\/04\/VISUEL-EC.png\",\"contentUrl\":\"https:\/\/www.fore.fr\/idn\/wp-content\/uploads\/2026\/04\/VISUEL-EC.png\",\"width\":747,\"height\":544},{\"@type\":\"BreadcrumbList\",\"@id\":\"https:\/\/www.fore.fr\/idn\/tcf\/#breadcrumb\",\"itemListElement\":[{\"@type\":\"ListItem\",\"position\":1,\"name\":\"Accueil\",\"item\":\"https:\/\/www.fore.fr\/idn\/\"},{\"@type\":\"ListItem\",\"position\":2,\"name\":\"Tests Linguistiques et Civiques\"}]},{\"@type\":\"WebSite\",\"@id\":\"https:\/\/www.fore.fr\/idn\/#website\",\"url\":\"https:\/\/www.fore.fr\/idn\/\",\"name\":\"Formations Fore Iles du Nord\",\"description\":\"D\u00c9COUVREZ NOTRE OFFRE DE FORMATION COMPL\u00c8TE A SAINT-MARTIN !\",\"publisher\":{\"@id\":\"https:\/\/www.fore.fr\/idn\/#organization\"},\"potentialAction\":[{\"@type\":\"SearchAction\",\"target\":{\"@type\":\"EntryPoint\",\"urlTemplate\":\"https:\/\/www.fore.fr\/idn\/?s={search_term_string}\"},\"query-input\":{\"@type\":\"PropertyValueSpecification\",\"valueRequired\":true,\"valueName\":\"search_term_string\"}}],\"inLanguage\":\"fr-FR\"},{\"@type\":\"Organization\",\"@id\":\"https:\/\/www.fore.fr\/idn\/#organization\",\"name\":\"Fore\",\"url\":\"https:\/\/www.fore.fr\/idn\/\",\"logo\":{\"@type\":\"ImageObject\",\"inLanguage\":\"fr-FR\",\"@id\":\"https:\/\/www.fore.fr\/idn\/#\/schema\/logo\/image\/\",\"url\":\"\",\"contentUrl\":\"\",\"caption\":\"Fore\"},\"image\":{\"@id\":\"https:\/\/www.fore.fr\/idn\/#\/schema\/logo\/image\/\"},\"sameAs\":[\"https:\/\/www.facebook.com\/Fore97\",\"https:\/\/www.instagram.com\/fore.formation\"]}]}<\/script>\n<!-- \/ Yoast SEO plugin. -->","yoast_head_json":{"title":"Tests Linguistiques et Civiques Formations Fore Iles du Nord","description":"D\u00e9couvrez tous nos Tests de Connaissance en Fran\u00e7ais \u00e0 saint-Martin","robots":{"index":"index","follow":"follow","max-snippet":"max-snippet:-1","max-image-preview":"max-image-preview:large","max-video-preview":"max-video-preview:-1"},"canonical":"https:\/\/www.fore.fr\/idn\/tcf\/","og_locale":"fr_FR","og_type":"article","og_title":"Tests Linguistiques et Civiques Formations Fore Iles du Nord","og_description":"D\u00e9couvrez tous nos Tests de Connaissance en Fran\u00e7ais \u00e0 saint-Martin","og_url":"https:\/\/www.fore.fr\/idn\/tcf\/","og_site_name":"Formations Fore Iles du Nord","article_publisher":"https:\/\/www.facebook.com\/Fore97","article_modified_time":"2026-04-20T18:59:08+00:00","og_image":[{"url":"https:\/\/www.fore.fr\/idn\/wp-content\/uploads\/2026\/04\/VISUEL-EC.png"}],"twitter_card":"summary_large_image","twitter_misc":{"Dur\u00e9e de lecture estim\u00e9e":"2 minutes"},"schema":{"@context":"https:\/\/schema.org","@graph":[{"@type":"WebPage","@id":"https:\/\/www.fore.fr\/idn\/tcf\/","url":"https:\/\/www.fore.fr\/idn\/tcf\/","name":"Tests Linguistiques et Civiques Formations Fore Iles du Nord","isPartOf":{"@id":"https:\/\/www.fore.fr\/idn\/#website"},"primaryImageOfPage":{"@id":"https:\/\/www.fore.fr\/idn\/tcf\/#primaryimage"},"image":{"@id":"https:\/\/www.fore.fr\/idn\/tcf\/#primaryimage"},"thumbnailUrl":"https:\/\/www.fore.fr\/idn\/wp-content\/uploads\/2026\/04\/VISUEL-EC.png","datePublished":"2025-12-19T11:59:41+00:00","dateModified":"2026-04-20T18:59:08+00:00","description":"D\u00e9couvrez tous nos Tests de Connaissance en Fran\u00e7ais \u00e0 saint-Martin","breadcrumb":{"@id":"https:\/\/www.fore.fr\/idn\/tcf\/#breadcrumb"},"inLanguage":"fr-FR","potentialAction":[{"@type":"ReadAction","target":["https:\/\/www.fore.fr\/idn\/tcf\/"]}]},{"@type":"ImageObject","inLanguage":"fr-FR","@id":"https:\/\/www.fore.fr\/idn\/tcf\/#primaryimage","url":"https:\/\/www.fore.fr\/idn\/wp-content\/uploads\/2026\/04\/VISUEL-EC.png","contentUrl":"https:\/\/www.fore.fr\/idn\/wp-content\/uploads\/2026\/04\/VISUEL-EC.png","width":747,"height":544},{"@type":"BreadcrumbList","@id":"https:\/\/www.fore.fr\/idn\/tcf\/#breadcrumb","itemListElement":[{"@type":"ListItem","position":1,"name":"Accueil","item":"https:\/\/www.fore.fr\/idn\/"},{"@type":"ListItem","position":2,"name":"Tests Linguistiques et Civiques"}]},{"@type":"WebSite","@id":"https:\/\/www.fore.fr\/idn\/#website","url":"https:\/\/www.fore.fr\/idn\/","name":"Formations Fore Iles du Nord","description":"D\u00c9COUVREZ NOTRE OFFRE DE FORMATION COMPL\u00c8TE A SAINT-MARTIN !","publisher":{"@id":"https:\/\/www.fore.fr\/idn\/#organization"},"potentialAction":[{"@type":"SearchAction","target":{"@type":"EntryPoint","urlTemplate":"https:\/\/www.fore.fr\/idn\/?s={search_term_string}"},"query-input":{"@type":"PropertyValueSpecification","valueRequired":true,"valueName":"search_term_string"}}],"inLanguage":"fr-FR"},{"@type":"Organization","@id":"https:\/\/www.fore.fr\/idn\/#organization","name":"Fore","url":"https:\/\/www.fore.fr\/idn\/","logo":{"@type":"ImageObject","inLanguage":"fr-FR","@id":"https:\/\/www.fore.fr\/idn\/#\/schema\/logo\/image\/","url":"","contentUrl":"","caption":"Fore"},"image":{"@id":"https:\/\/www.fore.fr\/idn\/#\/schema\/logo\/image\/"},"sameAs":["https:\/\/www.facebook.com\/Fore97","https:\/\/www.instagram.com\/fore.formation"]}]}},"_links":{"self":[{"href":"https:\/\/www.fore.fr\/idn\/wp-json\/wp\/v2\/pages\/2758"}],"collection":[{"href":"https:\/\/www.fore.fr\/idn\/wp-json\/wp\/v2\/pages"}],"about":[{"href":"https:\/\/www.fore.fr\/idn\/wp-json\/wp\/v2\/types\/page"}],"author":[{"embeddable":true,"href":"https:\/\/www.fore.fr\/idn\/wp-json\/wp\/v2\/users\/1"}],"replies":[{"embeddable":true,"href":"https:\/\/www.fore.fr\/idn\/wp-json\/wp\/v2\/comments?post=2758"}],"version-history":[{"count":13,"href":"https:\/\/www.fore.fr\/idn\/wp-json\/wp\/v2\/pages\/2758\/revisions"}],"predecessor-version":[{"id":3701,"href":"https:\/\/www.fore.fr\/idn\/wp-json\/wp\/v2\/pages\/2758\/revisions\/3701"}],"wp:attachment":[{"href":"https:\/\/www.fore.fr\/idn\/wp-json\/wp\/v2\/media?parent=2758"}],"curies":[{"name":"wp","href":"https:\/\/api.w.org\/{rel}","templated":true}]}}