{"id":1500,"date":"2021-10-20T14:28:27","date_gmt":"2021-10-20T12:28:27","guid":{"rendered":"http:\/\/www.fore.fr\/martinique\/?page_id=1500"},"modified":"2022-06-02T17:39:40","modified_gmt":"2022-06-02T15:39:40","slug":"les-autres-types-de-contrats","status":"publish","type":"page","link":"https:\/\/www.fore.fr\/martinique\/les-autres-types-de-contrats\/","title":{"rendered":"Les autres types de contrats"},"content":{"rendered":"\n<h2 class=\"has-text-color wp-block-heading\" style=\"color:#0071a1\"><strong><mark style=\"background-color:rgba(0, 0, 0, 0);color:#e70031\" class=\"has-inline-color\"><strong>Le Titre Professionnel, c\u2019est quoi ?<\/strong><\/mark><\/strong><\/h2>\n\n\n\n<p>\u201cUn titre professionnel est une certification professionnelle qui permet d\u2019acqu\u00e9rir des comp\u00e9tences professionnelles sp\u00e9cifiques et favorise l\u2019acc\u00e8s, \u00e0 l\u2019emploi ou l\u2019\u00e9volution professionnelle de son titulaire. Il atteste que son titulaire ma\u00eetrise les comp\u00e9tences, aptitudes et connaissances permettant l\u2019exercice d\u2019un m\u00e9tier.\u201d<br>Un titre professionnel se compose de Certificats de Comp\u00e9tences&nbsp;: le CCP<br><a href=\"https:\/\/travail-emploi.gouv.fr\/formation-professionnelle\/evoluer-professionnellement\/titres-professionnels-373014\">Source : minist\u00e8re du travail<\/a><\/p>\n\n\n\n<h2 class=\"has-text-color wp-block-heading\" style=\"color:#0071a1\"><strong><span style=\"color:#e70031\" class=\"has-inline-color\"><strong>Un CCP c\u2019est quoi ?<\/strong><\/span><\/strong><\/h2>\n\n\n\n<p>Un CCP est un certificat professionnel officiel et reconnu, sous forme d\u2019un livret de certification et d\u00e9livr\u00e9 au nom de l\u2019Etat sur le plan national par le Minist\u00e8re charg\u00e9 du Travail. Il atteste la ma\u00eetrise d\u2019un ensemble coh\u00e9rent de comp\u00e9tences, aptitudes et connaissances permettant l\u2019exercice d\u2019une ou de plusieurs des activit\u00e9s correspondant au titre vis\u00e9.<br>Chaque CCP peut \u00eatre obtenu ind\u00e9pendamment des autres, l\u2019obtention d\u2019une certification est valide \u00e0 vie. Le d\u00e9lai d\u2019obtention du titre complet est de 5 ans \u00e0 compter de la date d\u2019obtention du 1er CCP. <\/p>\n\n\n\n<h2 class=\"has-text-color wp-block-heading\" style=\"color:#0071a1\"><strong><span style=\"color:#e70031\" class=\"has-inline-color\"><strong>Peut on capitaliser les CCP dans le temps ?<\/strong><\/span><\/strong><\/h2>\n\n\n\n<p>Oui, et c\u2019est l\u00e0 tout l\u2019int\u00e9r\u00eat. Cela vous permet d\u2019\u00e9taler sur plusieurs ann\u00e9es (5 au maximum), l\u2019obtention d\u2019un titre professionnel.<br>C\u2019est pour cette raison, et d\u2019autres, que la validation partielle est avantageuse<\/p>\n\n\n\n<h2 class=\"has-text-color wp-block-heading\" style=\"color:#0071a1\"><strong><span style=\"color:#e70031\" class=\"has-inline-color\"><strong><strong>Quels sont les avantages de la validation partielle ?<\/strong><\/strong><\/span><\/strong><\/h2>\n\n\n\n<p>En fonction des situations professionnelles, tous les CCP ne sont pas n\u00e9cessairement li\u00e9s \u00e0 de la formation, certains CCP peuvent \u00e9galement \u00eatre obtenus par VAE. <br>Salari\u00e9, vous rationalisez votre gestion du temps et de continuer \u00e0 exercer votre activit\u00e9 pendant le temps de la formation.<br>Si vous \u00eates demandeur d\u2019emploi, cela peut aussi vous permettre de vous impliquer sur plusieurs projets simultan\u00e9ment.<br>D\u2019autre part, &nbsp;financer un CCP plut\u00f4t qu\u2019un titre professionnel complet est parfois plus facile. Les financements CPF sont compatibles avec l\u2019obtention d\u2019un CCP, quel que soit le titre professionnel du minist\u00e8re du travail.<\/p>\n\n\n\n<h2 class=\"has-text-color wp-block-heading\" style=\"color:#0071a1\"><strong><span style=\"color:#e70031\" class=\"has-inline-color\"><strong><strong><strong>Quelles sont les Passerelles ?<\/strong><\/strong><\/strong><\/span><\/strong><\/h2>\n\n\n\n<p>Des passerelles ont \u00e9t\u00e9 \u00e9tablies entre le Titre Professionnel et des certifications des minist\u00e8res charg\u00e9s de l&rsquo;\u00e9ducation nationale, de l&rsquo;agriculture, de la coh\u00e9sion sociale et de la sant\u00e9, ainsi que celles de la branche des salari\u00e9s du particulier employeur. <br>Votre exigibilit\u00e9 sera \u00e9tudi\u00e9e en fin de formation en vue de vos r\u00e9sultats.<\/p>\n\n\n\n<p><strong><span class=\"has-inline-color has-vivid-cyan-blue-color\">INSCRIPTIONS &amp; RENSEIGNEMENTS \/ <strong>0596 68 62 52<\/strong><\/span><\/strong><\/p>\n\n\n\n<figure class=\"wp-block-image size-full\"><img loading=\"lazy\" decoding=\"async\" width=\"800\" height=\"268\" src=\"https:\/\/www.fore.fr\/martinique\/wp-content\/uploads\/2022\/06\/banniere-qualiopi-martinique.jpg\" alt=\"\" class=\"wp-image-2767\" srcset=\"https:\/\/www.fore.fr\/martinique\/wp-content\/uploads\/2022\/06\/banniere-qualiopi-martinique.jpg 800w, https:\/\/www.fore.fr\/martinique\/wp-content\/uploads\/2022\/06\/banniere-qualiopi-martinique-300x101.jpg 300w, https:\/\/www.fore.fr\/martinique\/wp-content\/uploads\/2022\/06\/banniere-qualiopi-martinique-768x257.jpg 768w\" sizes=\"(max-width: 767px) 89vw, (max-width: 1000px) 54vw, (max-width: 1071px) 543px, 580px\" \/><\/figure>\n","protected":false},"excerpt":{"rendered":"<p>Le Titre Professionnel, c\u2019est quoi ? \u201cUn titre professionnel est une certification professionnelle qui permet d\u2019acqu\u00e9rir des comp\u00e9tences professionnelles sp\u00e9cifiques et favorise l\u2019acc\u00e8s, \u00e0 l\u2019emploi ou l\u2019\u00e9volution professionnelle de son titulaire. Il atteste que son titulaire ma\u00eetrise les comp\u00e9tences, aptitudes et connaissances permettant l\u2019exercice d\u2019un m\u00e9tier.\u201dUn titre professionnel se compose de Certificats de Comp\u00e9tences&nbsp;: le &hellip; <\/p>\n<p class=\"link-more\"><a href=\"https:\/\/www.fore.fr\/martinique\/les-autres-types-de-contrats\/\" class=\"more-link\">Continuer la lecture<span class=\"screen-reader-text\"> de &laquo;&nbsp;Les autres types de contrats&nbsp;&raquo;<\/span><\/a><\/p>\n","protected":false},"author":1,"featured_media":0,"parent":0,"menu_order":0,"comment_status":"closed","ping_status":"open","template":"","meta":{"footnotes":""},"yoast_head":"<!-- This site is optimized with the Yoast SEO plugin v23.5 - https:\/\/yoast.com\/wordpress\/plugins\/seo\/ -->\n<title>D\u00e9couvrez toutes nos formations en Apprentissage \/ FORE IDN<\/title>\n<meta name=\"description\" content=\"Le contrat d&#039;apprentissage est un contrat de travail \u00e9crit \u00e0 dur\u00e9e limit\u00e9e (CDD) ou \u00e0 dur\u00e9e ind\u00e9termin\u00e9e (CDI) entre un salari\u00e9 et un employeur.\" \/>\n<meta name=\"robots\" content=\"index, follow, max-snippet:-1, max-image-preview:large, max-video-preview:-1\" \/>\n<link rel=\"canonical\" href=\"https:\/\/www.fore.fr\/martinique\/les-autres-types-de-contrats\/\" \/>\n<meta property=\"og:locale\" content=\"fr_FR\" \/>\n<meta property=\"og:type\" content=\"article\" \/>\n<meta property=\"og:title\" content=\"D\u00e9couvrez toutes nos formations en Apprentissage \/ FORE IDN\" \/>\n<meta property=\"og:description\" content=\"Le contrat d&#039;apprentissage est un contrat de travail \u00e9crit \u00e0 dur\u00e9e limit\u00e9e (CDD) ou \u00e0 dur\u00e9e ind\u00e9termin\u00e9e (CDI) entre un salari\u00e9 et un employeur.\" \/>\n<meta property=\"og:url\" content=\"https:\/\/www.fore.fr\/martinique\/les-autres-types-de-contrats\/\" \/>\n<meta property=\"og:site_name\" content=\"Formations Fore Martinique\" \/>\n<meta property=\"article:publisher\" content=\"https:\/\/www.facebook.com\/Fore97\" \/>\n<meta property=\"article:modified_time\" content=\"2022-06-02T15:39:40+00:00\" \/>\n<meta property=\"og:image\" content=\"https:\/\/www.fore.fr\/martinique\/wp-content\/uploads\/2022\/06\/banniere-qualiopi-martinique.jpg\" \/>\n<meta name=\"twitter:card\" content=\"summary_large_image\" \/>\n<meta name=\"twitter:label1\" content=\"Dur\u00e9e de lecture estim\u00e9e\" \/>\n\t<meta name=\"twitter:data1\" content=\"3 minutes\" \/>\n<script type=\"application\/ld+json\" class=\"yoast-schema-graph\">{\"@context\":\"https:\/\/schema.org\",\"@graph\":[{\"@type\":\"WebPage\",\"@id\":\"https:\/\/www.fore.fr\/martinique\/les-autres-types-de-contrats\/\",\"url\":\"https:\/\/www.fore.fr\/martinique\/les-autres-types-de-contrats\/\",\"name\":\"D\u00e9couvrez toutes nos formations en Apprentissage \/ FORE IDN\",\"isPartOf\":{\"@id\":\"https:\/\/www.fore.fr\/martinique\/#website\"},\"primaryImageOfPage\":{\"@id\":\"https:\/\/www.fore.fr\/martinique\/les-autres-types-de-contrats\/#primaryimage\"},\"image\":{\"@id\":\"https:\/\/www.fore.fr\/martinique\/les-autres-types-de-contrats\/#primaryimage\"},\"thumbnailUrl\":\"https:\/\/www.fore.fr\/martinique\/wp-content\/uploads\/2022\/06\/banniere-qualiopi-martinique.jpg\",\"datePublished\":\"2021-10-20T12:28:27+00:00\",\"dateModified\":\"2022-06-02T15:39:40+00:00\",\"description\":\"Le contrat d'apprentissage est un contrat de travail \u00e9crit \u00e0 dur\u00e9e limit\u00e9e (CDD) ou \u00e0 dur\u00e9e ind\u00e9termin\u00e9e (CDI) entre un salari\u00e9 et un employeur.\",\"breadcrumb\":{\"@id\":\"https:\/\/www.fore.fr\/martinique\/les-autres-types-de-contrats\/#breadcrumb\"},\"inLanguage\":\"fr-FR\",\"potentialAction\":[{\"@type\":\"ReadAction\",\"target\":[\"https:\/\/www.fore.fr\/martinique\/les-autres-types-de-contrats\/\"]}]},{\"@type\":\"ImageObject\",\"inLanguage\":\"fr-FR\",\"@id\":\"https:\/\/www.fore.fr\/martinique\/les-autres-types-de-contrats\/#primaryimage\",\"url\":\"https:\/\/www.fore.fr\/martinique\/wp-content\/uploads\/2022\/06\/banniere-qualiopi-martinique.jpg\",\"contentUrl\":\"https:\/\/www.fore.fr\/martinique\/wp-content\/uploads\/2022\/06\/banniere-qualiopi-martinique.jpg\",\"width\":800,\"height\":268},{\"@type\":\"BreadcrumbList\",\"@id\":\"https:\/\/www.fore.fr\/martinique\/les-autres-types-de-contrats\/#breadcrumb\",\"itemListElement\":[{\"@type\":\"ListItem\",\"position\":1,\"name\":\"Accueil\",\"item\":\"https:\/\/www.fore.fr\/martinique\/\"},{\"@type\":\"ListItem\",\"position\":2,\"name\":\"Les autres types de contrats\"}]},{\"@type\":\"WebSite\",\"@id\":\"https:\/\/www.fore.fr\/martinique\/#website\",\"url\":\"https:\/\/www.fore.fr\/martinique\/\",\"name\":\"Formations Fore Martinique\",\"description\":\"D\u00c9COUVREZ NOTRE OFFRE DE FORMATION COMPL\u00c8TE EN ALTERNANCE &amp; CONTINUE EN MARTINIQUE\",\"publisher\":{\"@id\":\"https:\/\/www.fore.fr\/martinique\/#organization\"},\"potentialAction\":[{\"@type\":\"SearchAction\",\"target\":{\"@type\":\"EntryPoint\",\"urlTemplate\":\"https:\/\/www.fore.fr\/martinique\/?s={search_term_string}\"},\"query-input\":{\"@type\":\"PropertyValueSpecification\",\"valueRequired\":true,\"valueName\":\"search_term_string\"}}],\"inLanguage\":\"fr-FR\"},{\"@type\":\"Organization\",\"@id\":\"https:\/\/www.fore.fr\/martinique\/#organization\",\"name\":\"Fore\",\"url\":\"https:\/\/www.fore.fr\/martinique\/\",\"logo\":{\"@type\":\"ImageObject\",\"inLanguage\":\"fr-FR\",\"@id\":\"https:\/\/www.fore.fr\/martinique\/#\/schema\/logo\/image\/\",\"url\":\"\",\"contentUrl\":\"\",\"caption\":\"Fore\"},\"image\":{\"@id\":\"https:\/\/www.fore.fr\/martinique\/#\/schema\/logo\/image\/\"},\"sameAs\":[\"https:\/\/www.facebook.com\/Fore97\",\"https:\/\/www.instagram.com\/fore.formation\"]}]}<\/script>\n<!-- \/ Yoast SEO plugin. -->","yoast_head_json":{"title":"D\u00e9couvrez toutes nos formations en Apprentissage \/ FORE IDN","description":"Le contrat d'apprentissage est un contrat de travail \u00e9crit \u00e0 dur\u00e9e limit\u00e9e (CDD) ou \u00e0 dur\u00e9e ind\u00e9termin\u00e9e (CDI) entre un salari\u00e9 et un employeur.","robots":{"index":"index","follow":"follow","max-snippet":"max-snippet:-1","max-image-preview":"max-image-preview:large","max-video-preview":"max-video-preview:-1"},"canonical":"https:\/\/www.fore.fr\/martinique\/les-autres-types-de-contrats\/","og_locale":"fr_FR","og_type":"article","og_title":"D\u00e9couvrez toutes nos formations en Apprentissage \/ FORE IDN","og_description":"Le contrat d'apprentissage est un contrat de travail \u00e9crit \u00e0 dur\u00e9e limit\u00e9e (CDD) ou \u00e0 dur\u00e9e ind\u00e9termin\u00e9e (CDI) entre un salari\u00e9 et un employeur.","og_url":"https:\/\/www.fore.fr\/martinique\/les-autres-types-de-contrats\/","og_site_name":"Formations Fore Martinique","article_publisher":"https:\/\/www.facebook.com\/Fore97","article_modified_time":"2022-06-02T15:39:40+00:00","og_image":[{"url":"https:\/\/www.fore.fr\/martinique\/wp-content\/uploads\/2022\/06\/banniere-qualiopi-martinique.jpg"}],"twitter_card":"summary_large_image","twitter_misc":{"Dur\u00e9e de lecture estim\u00e9e":"3 minutes"},"schema":{"@context":"https:\/\/schema.org","@graph":[{"@type":"WebPage","@id":"https:\/\/www.fore.fr\/martinique\/les-autres-types-de-contrats\/","url":"https:\/\/www.fore.fr\/martinique\/les-autres-types-de-contrats\/","name":"D\u00e9couvrez toutes nos formations en Apprentissage \/ FORE IDN","isPartOf":{"@id":"https:\/\/www.fore.fr\/martinique\/#website"},"primaryImageOfPage":{"@id":"https:\/\/www.fore.fr\/martinique\/les-autres-types-de-contrats\/#primaryimage"},"image":{"@id":"https:\/\/www.fore.fr\/martinique\/les-autres-types-de-contrats\/#primaryimage"},"thumbnailUrl":"https:\/\/www.fore.fr\/martinique\/wp-content\/uploads\/2022\/06\/banniere-qualiopi-martinique.jpg","datePublished":"2021-10-20T12:28:27+00:00","dateModified":"2022-06-02T15:39:40+00:00","description":"Le contrat d'apprentissage est un contrat de travail \u00e9crit \u00e0 dur\u00e9e limit\u00e9e (CDD) ou \u00e0 dur\u00e9e ind\u00e9termin\u00e9e (CDI) entre un salari\u00e9 et un employeur.","breadcrumb":{"@id":"https:\/\/www.fore.fr\/martinique\/les-autres-types-de-contrats\/#breadcrumb"},"inLanguage":"fr-FR","potentialAction":[{"@type":"ReadAction","target":["https:\/\/www.fore.fr\/martinique\/les-autres-types-de-contrats\/"]}]},{"@type":"ImageObject","inLanguage":"fr-FR","@id":"https:\/\/www.fore.fr\/martinique\/les-autres-types-de-contrats\/#primaryimage","url":"https:\/\/www.fore.fr\/martinique\/wp-content\/uploads\/2022\/06\/banniere-qualiopi-martinique.jpg","contentUrl":"https:\/\/www.fore.fr\/martinique\/wp-content\/uploads\/2022\/06\/banniere-qualiopi-martinique.jpg","width":800,"height":268},{"@type":"BreadcrumbList","@id":"https:\/\/www.fore.fr\/martinique\/les-autres-types-de-contrats\/#breadcrumb","itemListElement":[{"@type":"ListItem","position":1,"name":"Accueil","item":"https:\/\/www.fore.fr\/martinique\/"},{"@type":"ListItem","position":2,"name":"Les autres types de contrats"}]},{"@type":"WebSite","@id":"https:\/\/www.fore.fr\/martinique\/#website","url":"https:\/\/www.fore.fr\/martinique\/","name":"Formations Fore Martinique","description":"D\u00c9COUVREZ NOTRE OFFRE DE FORMATION COMPL\u00c8TE EN ALTERNANCE &amp; CONTINUE EN MARTINIQUE","publisher":{"@id":"https:\/\/www.fore.fr\/martinique\/#organization"},"potentialAction":[{"@type":"SearchAction","target":{"@type":"EntryPoint","urlTemplate":"https:\/\/www.fore.fr\/martinique\/?s={search_term_string}"},"query-input":{"@type":"PropertyValueSpecification","valueRequired":true,"valueName":"search_term_string"}}],"inLanguage":"fr-FR"},{"@type":"Organization","@id":"https:\/\/www.fore.fr\/martinique\/#organization","name":"Fore","url":"https:\/\/www.fore.fr\/martinique\/","logo":{"@type":"ImageObject","inLanguage":"fr-FR","@id":"https:\/\/www.fore.fr\/martinique\/#\/schema\/logo\/image\/","url":"","contentUrl":"","caption":"Fore"},"image":{"@id":"https:\/\/www.fore.fr\/martinique\/#\/schema\/logo\/image\/"},"sameAs":["https:\/\/www.facebook.com\/Fore97","https:\/\/www.instagram.com\/fore.formation"]}]}},"_links":{"self":[{"href":"https:\/\/www.fore.fr\/martinique\/wp-json\/wp\/v2\/pages\/1500"}],"collection":[{"href":"https:\/\/www.fore.fr\/martinique\/wp-json\/wp\/v2\/pages"}],"about":[{"href":"https:\/\/www.fore.fr\/martinique\/wp-json\/wp\/v2\/types\/page"}],"author":[{"embeddable":true,"href":"https:\/\/www.fore.fr\/martinique\/wp-json\/wp\/v2\/users\/1"}],"replies":[{"embeddable":true,"href":"https:\/\/www.fore.fr\/martinique\/wp-json\/wp\/v2\/comments?post=1500"}],"version-history":[{"count":2,"href":"https:\/\/www.fore.fr\/martinique\/wp-json\/wp\/v2\/pages\/1500\/revisions"}],"predecessor-version":[{"id":2772,"href":"https:\/\/www.fore.fr\/martinique\/wp-json\/wp\/v2\/pages\/1500\/revisions\/2772"}],"wp:attachment":[{"href":"https:\/\/www.fore.fr\/martinique\/wp-json\/wp\/v2\/media?parent=1500"}],"curies":[{"name":"wp","href":"https:\/\/api.w.org\/{rel}","templated":true}]}}