{"id":1680,"date":"2022-12-01T07:06:00","date_gmt":"2022-12-01T06:06:00","guid":{"rendered":"https:\/\/www.fore.fr\/martinique\/?page_id=1680"},"modified":"2023-01-11T19:04:01","modified_gmt":"2023-01-11T18:04:01","slug":"actualites","status":"publish","type":"page","link":"https:\/\/www.fore.fr\/martinique\/actualites\/","title":{"rendered":"Actualit\u00e9s"},"content":{"rendered":"<div class=\"wp-block-post-date\"><time datetime=\"2022-12-01T07:06:00+01:00\">1 d\u00e9cembre 2022<\/time><\/div>\n\n\n<p><strong>Mesures d\u2019accompagnement pour les entreprises<br>(Source : Minist\u00e8re du Travail \/ Annonce du 1er D\u00e9cembre 2022<\/strong><\/p>\n\n\n\n<figure class=\"wp-block-image size-full\"><img loading=\"lazy\" decoding=\"async\" width=\"842\" height=\"595\" src=\"https:\/\/www.fore.fr\/martinique\/wp-content\/uploads\/2023\/01\/post-FB-appentissage-prime-dec2022.jpg\" alt=\"\" class=\"wp-image-3076\" srcset=\"https:\/\/www.fore.fr\/martinique\/wp-content\/uploads\/2023\/01\/post-FB-appentissage-prime-dec2022.jpg 842w, https:\/\/www.fore.fr\/martinique\/wp-content\/uploads\/2023\/01\/post-FB-appentissage-prime-dec2022-300x212.jpg 300w, https:\/\/www.fore.fr\/martinique\/wp-content\/uploads\/2023\/01\/post-FB-appentissage-prime-dec2022-768x543.jpg 768w\" sizes=\"(max-width: 767px) 89vw, (max-width: 1000px) 54vw, (max-width: 1071px) 543px, 580px\" \/><\/figure>\n\n\n\n<h1 class=\"has-text-color wp-block-heading\" style=\"color:#e70031\"><strong><strong>R\u00e9union d&rsquo;Information tous les Mercredis<\/strong><\/strong><\/h1>\n\n\n\n<figure class=\"wp-block-gallery has-nested-images columns-default is-cropped wp-block-gallery-1 is-layout-flex wp-block-gallery-is-layout-flex\">\n<figure class=\"wp-block-image size-large\"><a href=\"https:\/\/www.fore.fr\/martinique\/wp-content\/uploads\/2022\/03\/FORE-972-BTS-GESTION-DE-LA-PME-mars2022.jpg\" target=\"_blank\" rel=\"noopener\"><img loading=\"lazy\" decoding=\"async\" width=\"1080\" height=\"1080\" data-id=\"1948\" src=\"https:\/\/www.fore.fr\/martinique\/wp-content\/uploads\/2022\/03\/FORE-972-BTS-GESTION-DE-LA-PME-mars2022.jpg\" alt=\"\" class=\"wp-image-1948\" srcset=\"https:\/\/www.fore.fr\/martinique\/wp-content\/uploads\/2022\/03\/FORE-972-BTS-GESTION-DE-LA-PME-mars2022.jpg 1080w, https:\/\/www.fore.fr\/martinique\/wp-content\/uploads\/2022\/03\/FORE-972-BTS-GESTION-DE-LA-PME-mars2022-300x300.jpg 300w, https:\/\/www.fore.fr\/martinique\/wp-content\/uploads\/2022\/03\/FORE-972-BTS-GESTION-DE-LA-PME-mars2022-1024x1024.jpg 1024w, https:\/\/www.fore.fr\/martinique\/wp-content\/uploads\/2022\/03\/FORE-972-BTS-GESTION-DE-LA-PME-mars2022-150x150.jpg 150w, https:\/\/www.fore.fr\/martinique\/wp-content\/uploads\/2022\/03\/FORE-972-BTS-GESTION-DE-LA-PME-mars2022-768x768.jpg 768w, https:\/\/www.fore.fr\/martinique\/wp-content\/uploads\/2022\/03\/FORE-972-BTS-GESTION-DE-LA-PME-mars2022-100x100.jpg 100w\" sizes=\"(max-width: 767px) 89vw, (max-width: 1000px) 54vw, (max-width: 1071px) 543px, 580px\" \/><\/a><\/figure>\n\n\n\n<figure class=\"wp-block-image size-large\"><a href=\"https:\/\/www.fore.fr\/martinique\/wp-content\/uploads\/2022\/03\/FORE-972-BTS-MANAGEMENT-COMMERCIAL-OPERATIONNEL-mars2022-4.jpg\" target=\"_blank\" rel=\"noopener\"><img loading=\"lazy\" decoding=\"async\" width=\"1080\" height=\"1080\" data-id=\"1949\" src=\"https:\/\/www.fore.fr\/martinique\/wp-content\/uploads\/2022\/03\/FORE-972-BTS-MANAGEMENT-COMMERCIAL-OPERATIONNEL-mars2022-4.jpg\" alt=\"\" class=\"wp-image-1949\" srcset=\"https:\/\/www.fore.fr\/martinique\/wp-content\/uploads\/2022\/03\/FORE-972-BTS-MANAGEMENT-COMMERCIAL-OPERATIONNEL-mars2022-4.jpg 1080w, https:\/\/www.fore.fr\/martinique\/wp-content\/uploads\/2022\/03\/FORE-972-BTS-MANAGEMENT-COMMERCIAL-OPERATIONNEL-mars2022-4-300x300.jpg 300w, https:\/\/www.fore.fr\/martinique\/wp-content\/uploads\/2022\/03\/FORE-972-BTS-MANAGEMENT-COMMERCIAL-OPERATIONNEL-mars2022-4-1024x1024.jpg 1024w, https:\/\/www.fore.fr\/martinique\/wp-content\/uploads\/2022\/03\/FORE-972-BTS-MANAGEMENT-COMMERCIAL-OPERATIONNEL-mars2022-4-150x150.jpg 150w, https:\/\/www.fore.fr\/martinique\/wp-content\/uploads\/2022\/03\/FORE-972-BTS-MANAGEMENT-COMMERCIAL-OPERATIONNEL-mars2022-4-768x768.jpg 768w, https:\/\/www.fore.fr\/martinique\/wp-content\/uploads\/2022\/03\/FORE-972-BTS-MANAGEMENT-COMMERCIAL-OPERATIONNEL-mars2022-4-100x100.jpg 100w\" sizes=\"(max-width: 767px) 89vw, (max-width: 1000px) 54vw, (max-width: 1071px) 543px, 580px\" \/><\/a><\/figure>\n\n\n\n<figure class=\"wp-block-image size-large\"><a href=\"https:\/\/www.fore.fr\/martinique\/wp-content\/uploads\/2022\/03\/FORE-972-BTS-NEGOCIATION-DIGITALISATION-DE-LA-RELATION-CLIENT-mars2022.jpg\" target=\"_blank\" rel=\"noopener\"><img loading=\"lazy\" decoding=\"async\" width=\"1080\" height=\"1080\" data-id=\"1950\" src=\"https:\/\/www.fore.fr\/martinique\/wp-content\/uploads\/2022\/03\/FORE-972-BTS-NEGOCIATION-DIGITALISATION-DE-LA-RELATION-CLIENT-mars2022.jpg\" alt=\"\" class=\"wp-image-1950\" srcset=\"https:\/\/www.fore.fr\/martinique\/wp-content\/uploads\/2022\/03\/FORE-972-BTS-NEGOCIATION-DIGITALISATION-DE-LA-RELATION-CLIENT-mars2022.jpg 1080w, https:\/\/www.fore.fr\/martinique\/wp-content\/uploads\/2022\/03\/FORE-972-BTS-NEGOCIATION-DIGITALISATION-DE-LA-RELATION-CLIENT-mars2022-300x300.jpg 300w, https:\/\/www.fore.fr\/martinique\/wp-content\/uploads\/2022\/03\/FORE-972-BTS-NEGOCIATION-DIGITALISATION-DE-LA-RELATION-CLIENT-mars2022-1024x1024.jpg 1024w, https:\/\/www.fore.fr\/martinique\/wp-content\/uploads\/2022\/03\/FORE-972-BTS-NEGOCIATION-DIGITALISATION-DE-LA-RELATION-CLIENT-mars2022-150x150.jpg 150w, https:\/\/www.fore.fr\/martinique\/wp-content\/uploads\/2022\/03\/FORE-972-BTS-NEGOCIATION-DIGITALISATION-DE-LA-RELATION-CLIENT-mars2022-768x768.jpg 768w, https:\/\/www.fore.fr\/martinique\/wp-content\/uploads\/2022\/03\/FORE-972-BTS-NEGOCIATION-DIGITALISATION-DE-LA-RELATION-CLIENT-mars2022-100x100.jpg 100w\" sizes=\"(max-width: 767px) 89vw, (max-width: 1000px) 54vw, (max-width: 1071px) 543px, 580px\" \/><\/a><\/figure>\n<\/figure>\n\n\n\n<h1 class=\"has-text-color wp-block-heading\" style=\"color:#e70031\"><strong><strong>Cours Offerts cet \u00e9t\u00e9 !<\/strong><\/strong><\/h1>\n\n\n\n<div class=\"wp-block-media-text alignwide is-stacked-on-mobile\"><figure class=\"wp-block-media-text__media\"><img loading=\"lazy\" decoding=\"async\" width=\"1024\" height=\"1024\" src=\"https:\/\/www.fore.fr\/martinique\/wp-content\/uploads\/2022\/02\/FORE-972-COURS-FREE-FEV2022-1024x1024.jpg\" alt=\"\" class=\"wp-image-1881 size-full\" srcset=\"https:\/\/www.fore.fr\/martinique\/wp-content\/uploads\/2022\/02\/FORE-972-COURS-FREE-FEV2022-1024x1024.jpg 1024w, https:\/\/www.fore.fr\/martinique\/wp-content\/uploads\/2022\/02\/FORE-972-COURS-FREE-FEV2022-300x300.jpg 300w, https:\/\/www.fore.fr\/martinique\/wp-content\/uploads\/2022\/02\/FORE-972-COURS-FREE-FEV2022-150x150.jpg 150w, https:\/\/www.fore.fr\/martinique\/wp-content\/uploads\/2022\/02\/FORE-972-COURS-FREE-FEV2022-768x768.jpg 768w, https:\/\/www.fore.fr\/martinique\/wp-content\/uploads\/2022\/02\/FORE-972-COURS-FREE-FEV2022-100x100.jpg 100w, https:\/\/www.fore.fr\/martinique\/wp-content\/uploads\/2022\/02\/FORE-972-COURS-FREE-FEV2022.jpg 1080w\" sizes=\"(max-width: 767px) 89vw, (max-width: 1000px) 54vw, (max-width: 1071px) 543px, 580px\" \/><\/figure><div class=\"wp-block-media-text__content\">\n<p><img loading=\"lazy\" decoding=\"async\" width=\"16\" height=\"16\" src=\"https:\/\/static.xx.fbcdn.net\/images\/emoji.php\/v9\/tb0\/1\/16\/1f3af.png\" alt=\"\ud83c\udfaf\"> Tu connais l&rsquo;alternance ? <br><strong>C\u2019est se FORMER en \u00e9tant R\u00c9MUN\u00c9R\u00c9<\/strong> <br><strong><em>\ud835\uddd6\ud835\udde2\ud835\udde8\ud835\udde5\ud835\udde6 \ud835\uddda\ud835\udde5\ud835\uddd4\ud835\udde7\ud835\udde8\ud835\udddc\ud835\udde7\ud835\udde6 aux \ud835\udfed\ud835\udfec\ud835\udfec \ud835\udde3\ud835\udde5\ud835\uddd8\ud835\udde0\ud835\udddc\ud835\uddd8\ud835\udde5\ud835\udde6 \ud835\udddc\ud835\udde1\ud835\udde6\ud835\uddd6\ud835\udde5\ud835\udddc\ud835\udde7\ud835\udde6 au CFA !<\/em><\/strong><br><br><img loading=\"lazy\" decoding=\"async\" width=\"16\" height=\"16\" src=\"https:\/\/static.xx.fbcdn.net\/images\/emoji.php\/v9\/t33\/1\/16\/2705.png\" alt=\"\u2705\"> RETROUVE-NOUS cet \u00e9t\u00e9 !<br><img loading=\"lazy\" decoding=\"async\" width=\"16\" height=\"16\" src=\"https:\/\/static.xx.fbcdn.net\/images\/emoji.php\/v9\/t40\/1\/16\/25b6.png\" alt=\"\u25b6\ufe0f\"> Anglais<br><img loading=\"lazy\" decoding=\"async\" width=\"16\" height=\"16\" src=\"https:\/\/static.xx.fbcdn.net\/images\/emoji.php\/v9\/t40\/1\/16\/25b6.png\" alt=\"\u25b6\ufe0f\"> Coaching pour la recherche d\u00a0\u00bbentreprise<br><img loading=\"lazy\" decoding=\"async\" width=\"16\" height=\"16\" src=\"https:\/\/static.xx.fbcdn.net\/images\/emoji.php\/v9\/t40\/1\/16\/25b6.png\" alt=\"\u25b6\ufe0f\"> Bureautique (Pack Office)<br>&#8230;&#8230;&#8230;&#8230;&#8230;&#8230;&#8230;&#8230;&#8230;&#8230;&#8230;&#8230;&#8230;&#8230;&#8230;&#8230;&#8230;&#8230;&#8230;&#8230;&#8230;&#8230;&#8230;&#8230;<br><img loading=\"lazy\" decoding=\"async\" width=\"16\" height=\"16\" src=\"https:\/\/static.xx.fbcdn.net\/images\/emoji.php\/v9\/t6e\/1\/16\/1f534.png\" alt=\"\ud83d\udd34\"> INFOS : 0596 68 62 52 <\/p>\n<\/div><\/div>\n\n\n\n<h4 class=\"wp-block-heading\"><strong><mark style=\"background-color:rgba(0, 0, 0, 0)\" class=\"has-inline-color has-vivid-purple-color\">Je m&rsquo;inscris maintenant ! Je remplis le formulaire :<\/mark><\/strong><\/h4>\n\n\n\n<div class=\"wpcf7 no-js\" id=\"wpcf7-f1268-o1\" lang=\"fr-FR\" dir=\"ltr\">\n<div class=\"screen-reader-response\"><p role=\"status\" aria-live=\"polite\" aria-atomic=\"true\"><\/p> <ul><\/ul><\/div>\n<form action=\"\/martinique\/wp-json\/wp\/v2\/pages\/1680#wpcf7-f1268-o1\" method=\"post\" class=\"wpcf7-form init\" aria-label=\"Formulaire de contact\" enctype=\"multipart\/form-data\" novalidate=\"novalidate\" data-status=\"init\">\n<div style=\"display: none;\">\n<input type=\"hidden\" name=\"_wpcf7\" value=\"1268\" \/>\n<input type=\"hidden\" name=\"_wpcf7_version\" value=\"5.9.8\" \/>\n<input type=\"hidden\" name=\"_wpcf7_locale\" value=\"fr_FR\" \/>\n<input type=\"hidden\" name=\"_wpcf7_unit_tag\" value=\"wpcf7-f1268-o1\" \/>\n<input type=\"hidden\" name=\"_wpcf7_container_post\" value=\"0\" \/>\n<input type=\"hidden\" name=\"_wpcf7_posted_data_hash\" value=\"\" \/>\n<\/div>\n<div id=\"coursgratuits\">\n<\/div>\n<p>POUR VOUS INSCRIRE :<br \/>\n<label> Votre nom (obligatoire)<br \/>\n<span class=\"wpcf7-form-control-wrap\" data-name=\"your-name\"><input size=\"40\" maxlength=\"400\" class=\"wpcf7-form-control wpcf7-text wpcf7-validates-as-required\" aria-required=\"true\" aria-invalid=\"false\" value=\"\" type=\"text\" name=\"your-name\" \/><\/span> <\/label><br \/>\n<label> Votre adresse de messagerie (obligatoire)<br \/>\n<span class=\"wpcf7-form-control-wrap\" data-name=\"your-email\"><input size=\"40\" maxlength=\"400\" class=\"wpcf7-form-control wpcf7-email wpcf7-validates-as-required wpcf7-text wpcf7-validates-as-email\" aria-required=\"true\" aria-invalid=\"false\" value=\"\" type=\"email\" name=\"your-email\" \/><\/span> <\/label><br \/>\n<label> Votre t\u00e9l\u00e9phone (obligatoire)<br \/>\n<span class=\"wpcf7-form-control-wrap\" data-name=\"tel\"><input size=\"40\" maxlength=\"400\" class=\"wpcf7-form-control wpcf7-tel wpcf7-validates-as-required wpcf7-text wpcf7-validates-as-tel\" aria-required=\"true\" aria-invalid=\"false\" value=\"\" type=\"tel\" name=\"tel\" \/><\/span> <\/label><br \/>\n<label> Objet<br \/>\n<span class=\"wpcf7-form-control-wrap\" data-name=\"your-subject\"><input size=\"40\" maxlength=\"400\" class=\"wpcf7-form-control wpcf7-text\" aria-invalid=\"false\" value=\"\" type=\"text\" name=\"your-subject\" \/><\/span> <\/label>\n<\/p>\n<p><label> Votre message<br \/>\n<span class=\"wpcf7-form-control-wrap\" data-name=\"your-message\"><textarea cols=\"40\" rows=\"10\" maxlength=\"2000\" class=\"wpcf7-form-control wpcf7-textarea\" aria-invalid=\"false\" name=\"your-message\"><\/textarea><\/span> <\/label><br \/>\n<label> Votre CV<br \/>\n<span class=\"wpcf7-form-control-wrap\" data-name=\"file-413\"><input size=\"40\" class=\"wpcf7-form-control wpcf7-file\" accept=\"audio\/*,video\/*,image\/*\" aria-invalid=\"false\" type=\"file\" name=\"file-413\" \/><\/span> <\/label>\n<\/p>\n<p><input class=\"wpcf7-form-control wpcf7-submit has-spinner\" type=\"submit\" value=\"Envoyer\" \/>\n<\/p><p style=\"display: none !important;\" class=\"akismet-fields-container\" data-prefix=\"_wpcf7_ak_\"><label>&#916;<textarea name=\"_wpcf7_ak_hp_textarea\" cols=\"45\" rows=\"8\" maxlength=\"100\"><\/textarea><\/label><input type=\"hidden\" id=\"ak_js_1\" name=\"_wpcf7_ak_js\" value=\"215\"\/><script>document.getElementById( \"ak_js_1\" ).setAttribute( \"value\", ( new Date() ).getTime() );<\/script><\/p><div class=\"wpcf7-response-output\" aria-hidden=\"true\"><\/div>\n<\/form>\n<\/div>\n\n\n\n\n<h1 class=\"has-text-color wp-block-heading\" style=\"color:#e70031\"><strong><strong>R\u00e9unions d&rsquo;Information<\/strong><\/strong><\/h1>\n\n\n\n<div class=\"wp-block-media-text alignwide is-stacked-on-mobile\"><figure class=\"wp-block-media-text__media\"><img loading=\"lazy\" decoding=\"async\" width=\"1024\" height=\"1024\" src=\"https:\/\/www.fore.fr\/martinique\/wp-content\/uploads\/2022\/02\/FORE-972-RI-FEV2022-1024x1024.jpg\" alt=\"\" class=\"wp-image-1849 size-full\" srcset=\"https:\/\/www.fore.fr\/martinique\/wp-content\/uploads\/2022\/02\/FORE-972-RI-FEV2022-1024x1024.jpg 1024w, https:\/\/www.fore.fr\/martinique\/wp-content\/uploads\/2022\/02\/FORE-972-RI-FEV2022-300x300.jpg 300w, https:\/\/www.fore.fr\/martinique\/wp-content\/uploads\/2022\/02\/FORE-972-RI-FEV2022-150x150.jpg 150w, https:\/\/www.fore.fr\/martinique\/wp-content\/uploads\/2022\/02\/FORE-972-RI-FEV2022-768x768.jpg 768w, https:\/\/www.fore.fr\/martinique\/wp-content\/uploads\/2022\/02\/FORE-972-RI-FEV2022-100x100.jpg 100w, https:\/\/www.fore.fr\/martinique\/wp-content\/uploads\/2022\/02\/FORE-972-RI-FEV2022.jpg 1080w\" sizes=\"(max-width: 767px) 89vw, (max-width: 1000px) 54vw, (max-width: 1071px) 543px, 580px\" \/><\/figure><div class=\"wp-block-media-text__content\">\n<p><img loading=\"lazy\" decoding=\"async\" width=\"16\" height=\"16\" src=\"https:\/\/static.xx.fbcdn.net\/images\/emoji.php\/v9\/tb0\/1\/16\/1f3af.png\" alt=\"\ud83c\udfaf\"> Tu as entre 16 et 29 ans ? <br><br><strong><em>REUNIONS D&rsquo;INFORMATIONS<\/em><\/strong><br><br>RETROUVE-NOUS TOUS LES :<br><img loading=\"lazy\" decoding=\"async\" width=\"16\" height=\"16\" src=\"https:\/\/static.xx.fbcdn.net\/images\/emoji.php\/v9\/t33\/1\/16\/2705.png\" alt=\"\u2705\"> <strong>MERCREDI \u00e0 14H<\/strong><br><br>L&rsquo;apprentissage c&rsquo;est quoi ?<br>D\u00e9couverte de nos fili\u00e8res<br><br><strong>VIENS AVEC TON CV !<br><\/strong>&#8230;&#8230;&#8230;&#8230;&#8230;&#8230;&#8230;&#8230;&#8230;&#8230;&#8230;&#8230;&#8230;&#8230;&#8230;&#8230;&#8230;&#8230;&#8230;&#8230;&#8230;&#8230;&#8230;&#8230;<br><img loading=\"lazy\" decoding=\"async\" width=\"16\" height=\"16\" src=\"https:\/\/static.xx.fbcdn.net\/images\/emoji.php\/v9\/t6e\/1\/16\/1f534.png\" alt=\"\ud83d\udd34\"> INFOS : 0596 68 62 52 <\/p>\n<\/div><\/div>\n\n\n\n<figure class=\"wp-block-image size-full\"><img loading=\"lazy\" decoding=\"async\" width=\"800\" height=\"268\" src=\"https:\/\/www.fore.fr\/martinique\/wp-content\/uploads\/2022\/06\/banniere-qualiopi-martinique.jpg\" alt=\"\" class=\"wp-image-2767\" srcset=\"https:\/\/www.fore.fr\/martinique\/wp-content\/uploads\/2022\/06\/banniere-qualiopi-martinique.jpg 800w, https:\/\/www.fore.fr\/martinique\/wp-content\/uploads\/2022\/06\/banniere-qualiopi-martinique-300x101.jpg 300w, https:\/\/www.fore.fr\/martinique\/wp-content\/uploads\/2022\/06\/banniere-qualiopi-martinique-768x257.jpg 768w\" sizes=\"(max-width: 767px) 89vw, (max-width: 1000px) 54vw, (max-width: 1071px) 543px, 580px\" \/><\/figure>\n","protected":false},"excerpt":{"rendered":"<p>Mesures d\u2019accompagnement pour les entreprises(Source : Minist\u00e8re du Travail \/ Annonce du 1er D\u00e9cembre 2022 R\u00e9union d&rsquo;Information tous les Mercredis Cours Offerts cet \u00e9t\u00e9 ! Tu connais l&rsquo;alternance ? C\u2019est se FORMER en \u00e9tant R\u00c9MUN\u00c9R\u00c9 \ud835\uddd6\ud835\udde2\ud835\udde8\ud835\udde5\ud835\udde6 \ud835\uddda\ud835\udde5\ud835\uddd4\ud835\udde7\ud835\udde8\ud835\udddc\ud835\udde7\ud835\udde6 aux \ud835\udfed\ud835\udfec\ud835\udfec \ud835\udde3\ud835\udde5\ud835\uddd8\ud835\udde0\ud835\udddc\ud835\uddd8\ud835\udde5\ud835\udde6 \ud835\udddc\ud835\udde1\ud835\udde6\ud835\uddd6\ud835\udde5\ud835\udddc\ud835\udde7\ud835\udde6 au CFA ! RETROUVE-NOUS cet \u00e9t\u00e9 ! Anglais Coaching pour la recherche d\u00a0\u00bbentreprise Bureautique &hellip; <\/p>\n<p class=\"link-more\"><a href=\"https:\/\/www.fore.fr\/martinique\/actualites\/\" class=\"more-link\">Continuer la lecture<span class=\"screen-reader-text\"> de &laquo;&nbsp;Actualit\u00e9s&nbsp;&raquo;<\/span><\/a><\/p>\n","protected":false},"author":1,"featured_media":0,"parent":0,"menu_order":0,"comment_status":"closed","ping_status":"closed","template":"","meta":{"footnotes":""},"yoast_head":"<!-- This site is optimized with the Yoast SEO plugin v23.5 - https:\/\/yoast.com\/wordpress\/plugins\/seo\/ -->\n<title>Actualit\u00e9s - Formations Fore Martinique<\/title>\n<meta name=\"description\" content=\"D\u00e9couvrez toutes nos Actualit\u00e9s en Martinique - Formations Fore Martinique\" \/>\n<meta name=\"robots\" content=\"index, follow, max-snippet:-1, max-image-preview:large, max-video-preview:-1\" \/>\n<link rel=\"canonical\" href=\"https:\/\/www.fore.fr\/martinique\/actualites\/\" \/>\n<meta property=\"og:locale\" content=\"fr_FR\" \/>\n<meta property=\"og:type\" content=\"article\" \/>\n<meta property=\"og:title\" content=\"Actualit\u00e9s - Formations Fore Martinique\" \/>\n<meta property=\"og:description\" content=\"D\u00e9couvrez toutes nos Actualit\u00e9s en Martinique - Formations Fore Martinique\" \/>\n<meta property=\"og:url\" content=\"https:\/\/www.fore.fr\/martinique\/actualites\/\" \/>\n<meta property=\"og:site_name\" content=\"Formations Fore Martinique\" \/>\n<meta property=\"article:publisher\" content=\"https:\/\/www.facebook.com\/Fore97\" \/>\n<meta property=\"article:modified_time\" content=\"2023-01-11T18:04:01+00:00\" \/>\n<meta property=\"og:image\" content=\"https:\/\/www.fore.fr\/martinique\/wp-content\/uploads\/2023\/01\/post-FB-appentissage-prime-dec2022.jpg\" \/>\n<meta name=\"twitter:card\" content=\"summary_large_image\" \/>\n<meta name=\"twitter:label1\" content=\"Dur\u00e9e de lecture estim\u00e9e\" \/>\n\t<meta name=\"twitter:data1\" content=\"4 minutes\" \/>\n<script type=\"application\/ld+json\" class=\"yoast-schema-graph\">{\"@context\":\"https:\/\/schema.org\",\"@graph\":[{\"@type\":\"WebPage\",\"@id\":\"https:\/\/www.fore.fr\/martinique\/actualites\/\",\"url\":\"https:\/\/www.fore.fr\/martinique\/actualites\/\",\"name\":\"Actualit\u00e9s - Formations Fore Martinique\",\"isPartOf\":{\"@id\":\"https:\/\/www.fore.fr\/martinique\/#website\"},\"primaryImageOfPage\":{\"@id\":\"https:\/\/www.fore.fr\/martinique\/actualites\/#primaryimage\"},\"image\":{\"@id\":\"https:\/\/www.fore.fr\/martinique\/actualites\/#primaryimage\"},\"thumbnailUrl\":\"https:\/\/www.fore.fr\/martinique\/wp-content\/uploads\/2023\/01\/post-FB-appentissage-prime-dec2022.jpg\",\"datePublished\":\"2022-12-01T06:06:00+00:00\",\"dateModified\":\"2023-01-11T18:04:01+00:00\",\"description\":\"D\u00e9couvrez toutes nos Actualit\u00e9s en Martinique - Formations Fore Martinique\",\"breadcrumb\":{\"@id\":\"https:\/\/www.fore.fr\/martinique\/actualites\/#breadcrumb\"},\"inLanguage\":\"fr-FR\",\"potentialAction\":[{\"@type\":\"ReadAction\",\"target\":[\"https:\/\/www.fore.fr\/martinique\/actualites\/\"]}]},{\"@type\":\"ImageObject\",\"inLanguage\":\"fr-FR\",\"@id\":\"https:\/\/www.fore.fr\/martinique\/actualites\/#primaryimage\",\"url\":\"https:\/\/www.fore.fr\/martinique\/wp-content\/uploads\/2023\/01\/post-FB-appentissage-prime-dec2022.jpg\",\"contentUrl\":\"https:\/\/www.fore.fr\/martinique\/wp-content\/uploads\/2023\/01\/post-FB-appentissage-prime-dec2022.jpg\",\"width\":842,\"height\":595},{\"@type\":\"BreadcrumbList\",\"@id\":\"https:\/\/www.fore.fr\/martinique\/actualites\/#breadcrumb\",\"itemListElement\":[{\"@type\":\"ListItem\",\"position\":1,\"name\":\"Accueil\",\"item\":\"https:\/\/www.fore.fr\/martinique\/\"},{\"@type\":\"ListItem\",\"position\":2,\"name\":\"Actualit\u00e9s\"}]},{\"@type\":\"WebSite\",\"@id\":\"https:\/\/www.fore.fr\/martinique\/#website\",\"url\":\"https:\/\/www.fore.fr\/martinique\/\",\"name\":\"Formations Fore Martinique\",\"description\":\"D\u00c9COUVREZ NOTRE OFFRE DE FORMATION COMPL\u00c8TE EN ALTERNANCE &amp; CONTINUE EN MARTINIQUE\",\"publisher\":{\"@id\":\"https:\/\/www.fore.fr\/martinique\/#organization\"},\"potentialAction\":[{\"@type\":\"SearchAction\",\"target\":{\"@type\":\"EntryPoint\",\"urlTemplate\":\"https:\/\/www.fore.fr\/martinique\/?s={search_term_string}\"},\"query-input\":{\"@type\":\"PropertyValueSpecification\",\"valueRequired\":true,\"valueName\":\"search_term_string\"}}],\"inLanguage\":\"fr-FR\"},{\"@type\":\"Organization\",\"@id\":\"https:\/\/www.fore.fr\/martinique\/#organization\",\"name\":\"Fore\",\"url\":\"https:\/\/www.fore.fr\/martinique\/\",\"logo\":{\"@type\":\"ImageObject\",\"inLanguage\":\"fr-FR\",\"@id\":\"https:\/\/www.fore.fr\/martinique\/#\/schema\/logo\/image\/\",\"url\":\"\",\"contentUrl\":\"\",\"caption\":\"Fore\"},\"image\":{\"@id\":\"https:\/\/www.fore.fr\/martinique\/#\/schema\/logo\/image\/\"},\"sameAs\":[\"https:\/\/www.facebook.com\/Fore97\",\"https:\/\/www.instagram.com\/fore.formation\"]}]}<\/script>\n<!-- \/ Yoast SEO plugin. -->","yoast_head_json":{"title":"Actualit\u00e9s - Formations Fore Martinique","description":"D\u00e9couvrez toutes nos Actualit\u00e9s en Martinique - Formations Fore Martinique","robots":{"index":"index","follow":"follow","max-snippet":"max-snippet:-1","max-image-preview":"max-image-preview:large","max-video-preview":"max-video-preview:-1"},"canonical":"https:\/\/www.fore.fr\/martinique\/actualites\/","og_locale":"fr_FR","og_type":"article","og_title":"Actualit\u00e9s - Formations Fore Martinique","og_description":"D\u00e9couvrez toutes nos Actualit\u00e9s en Martinique - Formations Fore Martinique","og_url":"https:\/\/www.fore.fr\/martinique\/actualites\/","og_site_name":"Formations Fore Martinique","article_publisher":"https:\/\/www.facebook.com\/Fore97","article_modified_time":"2023-01-11T18:04:01+00:00","og_image":[{"url":"https:\/\/www.fore.fr\/martinique\/wp-content\/uploads\/2023\/01\/post-FB-appentissage-prime-dec2022.jpg"}],"twitter_card":"summary_large_image","twitter_misc":{"Dur\u00e9e de lecture estim\u00e9e":"4 minutes"},"schema":{"@context":"https:\/\/schema.org","@graph":[{"@type":"WebPage","@id":"https:\/\/www.fore.fr\/martinique\/actualites\/","url":"https:\/\/www.fore.fr\/martinique\/actualites\/","name":"Actualit\u00e9s - Formations Fore Martinique","isPartOf":{"@id":"https:\/\/www.fore.fr\/martinique\/#website"},"primaryImageOfPage":{"@id":"https:\/\/www.fore.fr\/martinique\/actualites\/#primaryimage"},"image":{"@id":"https:\/\/www.fore.fr\/martinique\/actualites\/#primaryimage"},"thumbnailUrl":"https:\/\/www.fore.fr\/martinique\/wp-content\/uploads\/2023\/01\/post-FB-appentissage-prime-dec2022.jpg","datePublished":"2022-12-01T06:06:00+00:00","dateModified":"2023-01-11T18:04:01+00:00","description":"D\u00e9couvrez toutes nos Actualit\u00e9s en Martinique - Formations Fore Martinique","breadcrumb":{"@id":"https:\/\/www.fore.fr\/martinique\/actualites\/#breadcrumb"},"inLanguage":"fr-FR","potentialAction":[{"@type":"ReadAction","target":["https:\/\/www.fore.fr\/martinique\/actualites\/"]}]},{"@type":"ImageObject","inLanguage":"fr-FR","@id":"https:\/\/www.fore.fr\/martinique\/actualites\/#primaryimage","url":"https:\/\/www.fore.fr\/martinique\/wp-content\/uploads\/2023\/01\/post-FB-appentissage-prime-dec2022.jpg","contentUrl":"https:\/\/www.fore.fr\/martinique\/wp-content\/uploads\/2023\/01\/post-FB-appentissage-prime-dec2022.jpg","width":842,"height":595},{"@type":"BreadcrumbList","@id":"https:\/\/www.fore.fr\/martinique\/actualites\/#breadcrumb","itemListElement":[{"@type":"ListItem","position":1,"name":"Accueil","item":"https:\/\/www.fore.fr\/martinique\/"},{"@type":"ListItem","position":2,"name":"Actualit\u00e9s"}]},{"@type":"WebSite","@id":"https:\/\/www.fore.fr\/martinique\/#website","url":"https:\/\/www.fore.fr\/martinique\/","name":"Formations Fore Martinique","description":"D\u00c9COUVREZ NOTRE OFFRE DE FORMATION COMPL\u00c8TE EN ALTERNANCE &amp; CONTINUE EN MARTINIQUE","publisher":{"@id":"https:\/\/www.fore.fr\/martinique\/#organization"},"potentialAction":[{"@type":"SearchAction","target":{"@type":"EntryPoint","urlTemplate":"https:\/\/www.fore.fr\/martinique\/?s={search_term_string}"},"query-input":{"@type":"PropertyValueSpecification","valueRequired":true,"valueName":"search_term_string"}}],"inLanguage":"fr-FR"},{"@type":"Organization","@id":"https:\/\/www.fore.fr\/martinique\/#organization","name":"Fore","url":"https:\/\/www.fore.fr\/martinique\/","logo":{"@type":"ImageObject","inLanguage":"fr-FR","@id":"https:\/\/www.fore.fr\/martinique\/#\/schema\/logo\/image\/","url":"","contentUrl":"","caption":"Fore"},"image":{"@id":"https:\/\/www.fore.fr\/martinique\/#\/schema\/logo\/image\/"},"sameAs":["https:\/\/www.facebook.com\/Fore97","https:\/\/www.instagram.com\/fore.formation"]}]}},"_links":{"self":[{"href":"https:\/\/www.fore.fr\/martinique\/wp-json\/wp\/v2\/pages\/1680"}],"collection":[{"href":"https:\/\/www.fore.fr\/martinique\/wp-json\/wp\/v2\/pages"}],"about":[{"href":"https:\/\/www.fore.fr\/martinique\/wp-json\/wp\/v2\/types\/page"}],"author":[{"embeddable":true,"href":"https:\/\/www.fore.fr\/martinique\/wp-json\/wp\/v2\/users\/1"}],"replies":[{"embeddable":true,"href":"https:\/\/www.fore.fr\/martinique\/wp-json\/wp\/v2\/comments?post=1680"}],"version-history":[{"count":17,"href":"https:\/\/www.fore.fr\/martinique\/wp-json\/wp\/v2\/pages\/1680\/revisions"}],"predecessor-version":[{"id":3092,"href":"https:\/\/www.fore.fr\/martinique\/wp-json\/wp\/v2\/pages\/1680\/revisions\/3092"}],"wp:attachment":[{"href":"https:\/\/www.fore.fr\/martinique\/wp-json\/wp\/v2\/media?parent=1680"}],"curies":[{"name":"wp","href":"https:\/\/api.w.org\/{rel}","templated":true}]}}