{"id":3556,"date":"2024-03-05T18:33:46","date_gmt":"2024-03-05T17:33:46","guid":{"rendered":"https:\/\/www.fore.fr\/martinique\/?page_id=3556"},"modified":"2024-03-05T18:45:37","modified_gmt":"2024-03-05T17:45:37","slug":"comment-sinscrire","status":"publish","type":"page","link":"https:\/\/www.fore.fr\/martinique\/comment-sinscrire\/","title":{"rendered":"Comment s&rsquo;inscrire ?"},"content":{"rendered":"\n<h2 class=\"wp-block-heading has-text-color\" style=\"color:#e70031\"><strong>Comment s&rsquo;inscrire ?<\/strong><\/h2>\n\n\n\n<p><strong>Contactez-nous pour prendre RDV au 0596 68 62 52 <\/strong><br>ou<br><strong>Venez directement nous voir avec toutes les pi\u00e8ces n\u00e9cessaires<\/strong> \u00e0 votre inscription : <br>Les Hauts de Californie, Le Lamentin<\/p>\n\n\n\n<p><strong><em>Voici les pi\u00e8ces \u00e0 nous fournir pour valider votre inscription<\/em><\/strong> : <br>&#8211; Carte vitale,<br>&#8211; Dipl\u00f4mes,<br>&#8211; Carte d&rsquo;identit\u00e9<br>&#8211; 1 photo d&rsquo;identit\u00e9 r\u00e9cente<br>&#8211; Curriculum Vitae actualis\u00e9<br>&#8211; N\u00b0  d&rsquo;enregistrement (<strong>dans le cas d&rsquo;un pr\u00e9c\u00e9dent contrat d&rsquo;apprentissage<\/strong>, pr\u00e9sent sur l&rsquo;accord de financement de l&rsquo;OPCO. Contactez l&rsquo;ancien employeur ou l&rsquo;ancien Centre de formation).<\/p>\n\n\n\n<p class=\"has-medium-font-size\"><strong><a href=\"https:\/\/www.fore.fr\/martinique\/inscription-en-ligne\/\"><mark style=\"background-color:#cf2e2e\" class=\"has-inline-color has-white-color\">INSCRIPTION EN LIGNE : C&rsquo;EST PAR ICI !<\/mark><\/a><\/strong><\/p>\n\n\n\n<p>Plus d&rsquo;information sur les indicateurs de suivi de nos formations sur&nbsp;<a href=\"https:\/\/www.inserjeunes.education.gouv.fr\/diffusion\/accueil\" target=\"_blank\" rel=\"noreferrer noopener\"><strong>https:\/\/www.inserjeunes.education.gouv.fr\/diffusion\/accueil<\/strong><\/a><\/p>\n\n\n\n<figure class=\"wp-block-image size-full\"><img loading=\"lazy\" decoding=\"async\" width=\"800\" height=\"268\" src=\"https:\/\/www.fore.fr\/martinique\/wp-content\/uploads\/2022\/06\/banniere-qualiopi-martinique.jpg\" alt=\"\" class=\"wp-image-2767\" srcset=\"https:\/\/www.fore.fr\/martinique\/wp-content\/uploads\/2022\/06\/banniere-qualiopi-martinique.jpg 800w, https:\/\/www.fore.fr\/martinique\/wp-content\/uploads\/2022\/06\/banniere-qualiopi-martinique-300x101.jpg 300w, https:\/\/www.fore.fr\/martinique\/wp-content\/uploads\/2022\/06\/banniere-qualiopi-martinique-768x257.jpg 768w\" sizes=\"(max-width: 767px) 89vw, (max-width: 1000px) 54vw, (max-width: 1071px) 543px, 580px\" \/><\/figure>\n\n\n\n<h4 class=\"wp-block-heading has-vivid-red-color has-text-color\">VOUS AVEZ UNE QUESTION ?<\/h4>\n\n\n\n<p>Merci de remplir les champs ci-dessous, nous vous r\u00e9pondrons tr\u00e8s rapidement !<\/p>\n\n\n\n<div class=\"wpcf7 no-js\" id=\"wpcf7-f262-o1\" lang=\"fr-FR\" dir=\"ltr\">\n<div class=\"screen-reader-response\"><p role=\"status\" aria-live=\"polite\" aria-atomic=\"true\"><\/p> <ul><\/ul><\/div>\n<form action=\"\/martinique\/wp-json\/wp\/v2\/pages\/3556#wpcf7-f262-o1\" method=\"post\" class=\"wpcf7-form init\" aria-label=\"Formulaire de contact\" novalidate=\"novalidate\" data-status=\"init\">\n<div style=\"display: none;\">\n<input type=\"hidden\" name=\"_wpcf7\" value=\"262\" \/>\n<input type=\"hidden\" name=\"_wpcf7_version\" value=\"5.9.8\" \/>\n<input type=\"hidden\" name=\"_wpcf7_locale\" value=\"fr_FR\" \/>\n<input type=\"hidden\" name=\"_wpcf7_unit_tag\" value=\"wpcf7-f262-o1\" \/>\n<input type=\"hidden\" name=\"_wpcf7_container_post\" value=\"0\" \/>\n<input type=\"hidden\" name=\"_wpcf7_posted_data_hash\" value=\"\" \/>\n<\/div>\n<p><label> Votre nom (obligatoire)<br \/>\n<span class=\"wpcf7-form-control-wrap\" data-name=\"your-name\"><input size=\"40\" maxlength=\"400\" class=\"wpcf7-form-control wpcf7-text wpcf7-validates-as-required\" aria-required=\"true\" aria-invalid=\"false\" value=\"\" type=\"text\" name=\"your-name\" \/><\/span> <\/label><br \/>\n<label> Entreprise<br \/>\n<span class=\"wpcf7-form-control-wrap\" data-name=\"Entreprise\"><input size=\"40\" maxlength=\"400\" class=\"wpcf7-form-control wpcf7-text\" aria-invalid=\"false\" value=\"\" type=\"text\" name=\"Entreprise\" \/><\/span><\/label><br \/>\n<label> Votre adresse de messagerie (obligatoire)<br \/>\n<span class=\"wpcf7-form-control-wrap\" data-name=\"your-email\"><input size=\"40\" maxlength=\"400\" class=\"wpcf7-form-control wpcf7-email wpcf7-validates-as-required wpcf7-text wpcf7-validates-as-email\" aria-required=\"true\" aria-invalid=\"false\" value=\"\" type=\"email\" name=\"your-email\" \/><\/span> <\/label>\n<\/p>\n<p><label> Objet<br \/>\n<span class=\"wpcf7-form-control-wrap\" data-name=\"your-subject\"><input size=\"40\" maxlength=\"400\" class=\"wpcf7-form-control wpcf7-text\" aria-invalid=\"false\" value=\"\" type=\"text\" name=\"your-subject\" \/><\/span> <\/label>\n<\/p>\n<p><label> Votre message<br \/>\n<span class=\"wpcf7-form-control-wrap\" data-name=\"your-message\"><textarea cols=\"40\" rows=\"10\" maxlength=\"2000\" class=\"wpcf7-form-control wpcf7-textarea\" aria-invalid=\"false\" name=\"your-message\"><\/textarea><\/span> <\/label>\n<\/p>\n<p><input class=\"wpcf7-form-control wpcf7-submit has-spinner\" type=\"submit\" value=\"Envoyer\" \/>\n<\/p><p style=\"display: none !important;\" class=\"akismet-fields-container\" data-prefix=\"_wpcf7_ak_\"><label>&#916;<textarea name=\"_wpcf7_ak_hp_textarea\" cols=\"45\" rows=\"8\" maxlength=\"100\"><\/textarea><\/label><input type=\"hidden\" id=\"ak_js_1\" name=\"_wpcf7_ak_js\" value=\"209\"\/><script>document.getElementById( \"ak_js_1\" ).setAttribute( \"value\", ( new Date() ).getTime() );<\/script><\/p><div class=\"wpcf7-response-output\" aria-hidden=\"true\"><\/div>\n<\/form>\n<\/div>\n\n","protected":false},"excerpt":{"rendered":"<p>Comment s&rsquo;inscrire ? Contactez-nous pour prendre RDV au 0596 68 62 52 ouVenez directement nous voir avec toutes les pi\u00e8ces n\u00e9cessaires \u00e0 votre inscription : Les Hauts de Californie, Le Lamentin Voici les pi\u00e8ces \u00e0 nous fournir pour valider votre inscription : &#8211; Carte vitale,&#8211; Dipl\u00f4mes,&#8211; Carte d&rsquo;identit\u00e9&#8211; 1 photo d&rsquo;identit\u00e9 r\u00e9cente&#8211; Curriculum Vitae actualis\u00e9&#8211; &hellip; <\/p>\n<p class=\"link-more\"><a href=\"https:\/\/www.fore.fr\/martinique\/comment-sinscrire\/\" class=\"more-link\">Continuer la lecture<span class=\"screen-reader-text\"> de &laquo;&nbsp;Comment s&rsquo;inscrire ?&nbsp;&raquo;<\/span><\/a><\/p>\n","protected":false},"author":1,"featured_media":0,"parent":0,"menu_order":0,"comment_status":"closed","ping_status":"closed","template":"","meta":{"footnotes":""},"yoast_head":"<!-- This site is optimized with the Yoast SEO plugin v23.5 - https:\/\/yoast.com\/wordpress\/plugins\/seo\/ -->\n<title>Comment s&#039;inscrire ? - Formations Fore Martinique<\/title>\n<meta name=\"robots\" content=\"index, follow, max-snippet:-1, max-image-preview:large, max-video-preview:-1\" \/>\n<link rel=\"canonical\" href=\"https:\/\/www.fore.fr\/martinique\/comment-sinscrire\/\" \/>\n<meta property=\"og:locale\" content=\"fr_FR\" \/>\n<meta property=\"og:type\" content=\"article\" \/>\n<meta property=\"og:title\" content=\"Comment s&#039;inscrire ? - Formations Fore Martinique\" \/>\n<meta property=\"og:description\" content=\"Comment s&rsquo;inscrire ? Contactez-nous pour prendre RDV au 0596 68 62 52 ouVenez directement nous voir avec toutes les pi\u00e8ces n\u00e9cessaires \u00e0 votre inscription : Les Hauts de Californie, Le Lamentin Voici les pi\u00e8ces \u00e0 nous fournir pour valider votre inscription : &#8211; Carte vitale,&#8211; Dipl\u00f4mes,&#8211; Carte d&rsquo;identit\u00e9&#8211; 1 photo d&rsquo;identit\u00e9 r\u00e9cente&#8211; Curriculum Vitae actualis\u00e9&#8211; &hellip; Continuer la lecture de &laquo;&nbsp;Comment s&rsquo;inscrire ?&nbsp;&raquo;\" \/>\n<meta property=\"og:url\" content=\"https:\/\/www.fore.fr\/martinique\/comment-sinscrire\/\" \/>\n<meta property=\"og:site_name\" content=\"Formations Fore Martinique\" \/>\n<meta property=\"article:publisher\" content=\"https:\/\/www.facebook.com\/Fore97\" \/>\n<meta property=\"article:modified_time\" content=\"2024-03-05T17:45:37+00:00\" \/>\n<meta property=\"og:image\" content=\"https:\/\/www.fore.fr\/martinique\/wp-content\/uploads\/2022\/06\/banniere-qualiopi-martinique.jpg\" \/>\n<meta name=\"twitter:card\" content=\"summary_large_image\" \/>\n<meta name=\"twitter:label1\" content=\"Dur\u00e9e de lecture estim\u00e9e\" \/>\n\t<meta name=\"twitter:data1\" content=\"1 minute\" \/>\n<script type=\"application\/ld+json\" class=\"yoast-schema-graph\">{\"@context\":\"https:\/\/schema.org\",\"@graph\":[{\"@type\":\"WebPage\",\"@id\":\"https:\/\/www.fore.fr\/martinique\/comment-sinscrire\/\",\"url\":\"https:\/\/www.fore.fr\/martinique\/comment-sinscrire\/\",\"name\":\"Comment s'inscrire ? - Formations Fore Martinique\",\"isPartOf\":{\"@id\":\"https:\/\/www.fore.fr\/martinique\/#website\"},\"primaryImageOfPage\":{\"@id\":\"https:\/\/www.fore.fr\/martinique\/comment-sinscrire\/#primaryimage\"},\"image\":{\"@id\":\"https:\/\/www.fore.fr\/martinique\/comment-sinscrire\/#primaryimage\"},\"thumbnailUrl\":\"https:\/\/www.fore.fr\/martinique\/wp-content\/uploads\/2022\/06\/banniere-qualiopi-martinique.jpg\",\"datePublished\":\"2024-03-05T17:33:46+00:00\",\"dateModified\":\"2024-03-05T17:45:37+00:00\",\"breadcrumb\":{\"@id\":\"https:\/\/www.fore.fr\/martinique\/comment-sinscrire\/#breadcrumb\"},\"inLanguage\":\"fr-FR\",\"potentialAction\":[{\"@type\":\"ReadAction\",\"target\":[\"https:\/\/www.fore.fr\/martinique\/comment-sinscrire\/\"]}]},{\"@type\":\"ImageObject\",\"inLanguage\":\"fr-FR\",\"@id\":\"https:\/\/www.fore.fr\/martinique\/comment-sinscrire\/#primaryimage\",\"url\":\"https:\/\/www.fore.fr\/martinique\/wp-content\/uploads\/2022\/06\/banniere-qualiopi-martinique.jpg\",\"contentUrl\":\"https:\/\/www.fore.fr\/martinique\/wp-content\/uploads\/2022\/06\/banniere-qualiopi-martinique.jpg\",\"width\":800,\"height\":268},{\"@type\":\"BreadcrumbList\",\"@id\":\"https:\/\/www.fore.fr\/martinique\/comment-sinscrire\/#breadcrumb\",\"itemListElement\":[{\"@type\":\"ListItem\",\"position\":1,\"name\":\"Accueil\",\"item\":\"https:\/\/www.fore.fr\/martinique\/\"},{\"@type\":\"ListItem\",\"position\":2,\"name\":\"Comment s&rsquo;inscrire ?\"}]},{\"@type\":\"WebSite\",\"@id\":\"https:\/\/www.fore.fr\/martinique\/#website\",\"url\":\"https:\/\/www.fore.fr\/martinique\/\",\"name\":\"Formations Fore Martinique\",\"description\":\"D\u00c9COUVREZ NOTRE OFFRE DE FORMATION COMPL\u00c8TE EN ALTERNANCE &amp; CONTINUE EN MARTINIQUE\",\"publisher\":{\"@id\":\"https:\/\/www.fore.fr\/martinique\/#organization\"},\"potentialAction\":[{\"@type\":\"SearchAction\",\"target\":{\"@type\":\"EntryPoint\",\"urlTemplate\":\"https:\/\/www.fore.fr\/martinique\/?s={search_term_string}\"},\"query-input\":{\"@type\":\"PropertyValueSpecification\",\"valueRequired\":true,\"valueName\":\"search_term_string\"}}],\"inLanguage\":\"fr-FR\"},{\"@type\":\"Organization\",\"@id\":\"https:\/\/www.fore.fr\/martinique\/#organization\",\"name\":\"Fore\",\"url\":\"https:\/\/www.fore.fr\/martinique\/\",\"logo\":{\"@type\":\"ImageObject\",\"inLanguage\":\"fr-FR\",\"@id\":\"https:\/\/www.fore.fr\/martinique\/#\/schema\/logo\/image\/\",\"url\":\"\",\"contentUrl\":\"\",\"caption\":\"Fore\"},\"image\":{\"@id\":\"https:\/\/www.fore.fr\/martinique\/#\/schema\/logo\/image\/\"},\"sameAs\":[\"https:\/\/www.facebook.com\/Fore97\",\"https:\/\/www.instagram.com\/fore.formation\"]}]}<\/script>\n<!-- \/ Yoast SEO plugin. -->","yoast_head_json":{"title":"Comment s'inscrire ? - Formations Fore Martinique","robots":{"index":"index","follow":"follow","max-snippet":"max-snippet:-1","max-image-preview":"max-image-preview:large","max-video-preview":"max-video-preview:-1"},"canonical":"https:\/\/www.fore.fr\/martinique\/comment-sinscrire\/","og_locale":"fr_FR","og_type":"article","og_title":"Comment s'inscrire ? - Formations Fore Martinique","og_description":"Comment s&rsquo;inscrire ? Contactez-nous pour prendre RDV au 0596 68 62 52 ouVenez directement nous voir avec toutes les pi\u00e8ces n\u00e9cessaires \u00e0 votre inscription : Les Hauts de Californie, Le Lamentin Voici les pi\u00e8ces \u00e0 nous fournir pour valider votre inscription : &#8211; Carte vitale,&#8211; Dipl\u00f4mes,&#8211; Carte d&rsquo;identit\u00e9&#8211; 1 photo d&rsquo;identit\u00e9 r\u00e9cente&#8211; Curriculum Vitae actualis\u00e9&#8211; &hellip; Continuer la lecture de &laquo;&nbsp;Comment s&rsquo;inscrire ?&nbsp;&raquo;","og_url":"https:\/\/www.fore.fr\/martinique\/comment-sinscrire\/","og_site_name":"Formations Fore Martinique","article_publisher":"https:\/\/www.facebook.com\/Fore97","article_modified_time":"2024-03-05T17:45:37+00:00","og_image":[{"url":"https:\/\/www.fore.fr\/martinique\/wp-content\/uploads\/2022\/06\/banniere-qualiopi-martinique.jpg"}],"twitter_card":"summary_large_image","twitter_misc":{"Dur\u00e9e de lecture estim\u00e9e":"1 minute"},"schema":{"@context":"https:\/\/schema.org","@graph":[{"@type":"WebPage","@id":"https:\/\/www.fore.fr\/martinique\/comment-sinscrire\/","url":"https:\/\/www.fore.fr\/martinique\/comment-sinscrire\/","name":"Comment s'inscrire ? - Formations Fore Martinique","isPartOf":{"@id":"https:\/\/www.fore.fr\/martinique\/#website"},"primaryImageOfPage":{"@id":"https:\/\/www.fore.fr\/martinique\/comment-sinscrire\/#primaryimage"},"image":{"@id":"https:\/\/www.fore.fr\/martinique\/comment-sinscrire\/#primaryimage"},"thumbnailUrl":"https:\/\/www.fore.fr\/martinique\/wp-content\/uploads\/2022\/06\/banniere-qualiopi-martinique.jpg","datePublished":"2024-03-05T17:33:46+00:00","dateModified":"2024-03-05T17:45:37+00:00","breadcrumb":{"@id":"https:\/\/www.fore.fr\/martinique\/comment-sinscrire\/#breadcrumb"},"inLanguage":"fr-FR","potentialAction":[{"@type":"ReadAction","target":["https:\/\/www.fore.fr\/martinique\/comment-sinscrire\/"]}]},{"@type":"ImageObject","inLanguage":"fr-FR","@id":"https:\/\/www.fore.fr\/martinique\/comment-sinscrire\/#primaryimage","url":"https:\/\/www.fore.fr\/martinique\/wp-content\/uploads\/2022\/06\/banniere-qualiopi-martinique.jpg","contentUrl":"https:\/\/www.fore.fr\/martinique\/wp-content\/uploads\/2022\/06\/banniere-qualiopi-martinique.jpg","width":800,"height":268},{"@type":"BreadcrumbList","@id":"https:\/\/www.fore.fr\/martinique\/comment-sinscrire\/#breadcrumb","itemListElement":[{"@type":"ListItem","position":1,"name":"Accueil","item":"https:\/\/www.fore.fr\/martinique\/"},{"@type":"ListItem","position":2,"name":"Comment s&rsquo;inscrire ?"}]},{"@type":"WebSite","@id":"https:\/\/www.fore.fr\/martinique\/#website","url":"https:\/\/www.fore.fr\/martinique\/","name":"Formations Fore Martinique","description":"D\u00c9COUVREZ NOTRE OFFRE DE FORMATION COMPL\u00c8TE EN ALTERNANCE &amp; CONTINUE EN MARTINIQUE","publisher":{"@id":"https:\/\/www.fore.fr\/martinique\/#organization"},"potentialAction":[{"@type":"SearchAction","target":{"@type":"EntryPoint","urlTemplate":"https:\/\/www.fore.fr\/martinique\/?s={search_term_string}"},"query-input":{"@type":"PropertyValueSpecification","valueRequired":true,"valueName":"search_term_string"}}],"inLanguage":"fr-FR"},{"@type":"Organization","@id":"https:\/\/www.fore.fr\/martinique\/#organization","name":"Fore","url":"https:\/\/www.fore.fr\/martinique\/","logo":{"@type":"ImageObject","inLanguage":"fr-FR","@id":"https:\/\/www.fore.fr\/martinique\/#\/schema\/logo\/image\/","url":"","contentUrl":"","caption":"Fore"},"image":{"@id":"https:\/\/www.fore.fr\/martinique\/#\/schema\/logo\/image\/"},"sameAs":["https:\/\/www.facebook.com\/Fore97","https:\/\/www.instagram.com\/fore.formation"]}]}},"_links":{"self":[{"href":"https:\/\/www.fore.fr\/martinique\/wp-json\/wp\/v2\/pages\/3556"}],"collection":[{"href":"https:\/\/www.fore.fr\/martinique\/wp-json\/wp\/v2\/pages"}],"about":[{"href":"https:\/\/www.fore.fr\/martinique\/wp-json\/wp\/v2\/types\/page"}],"author":[{"embeddable":true,"href":"https:\/\/www.fore.fr\/martinique\/wp-json\/wp\/v2\/users\/1"}],"replies":[{"embeddable":true,"href":"https:\/\/www.fore.fr\/martinique\/wp-json\/wp\/v2\/comments?post=3556"}],"version-history":[{"count":2,"href":"https:\/\/www.fore.fr\/martinique\/wp-json\/wp\/v2\/pages\/3556\/revisions"}],"predecessor-version":[{"id":3563,"href":"https:\/\/www.fore.fr\/martinique\/wp-json\/wp\/v2\/pages\/3556\/revisions\/3563"}],"wp:attachment":[{"href":"https:\/\/www.fore.fr\/martinique\/wp-json\/wp\/v2\/media?parent=3556"}],"curies":[{"name":"wp","href":"https:\/\/api.w.org\/{rel}","templated":true}]}}