{"id":650,"date":"2020-07-02T18:23:45","date_gmt":"2020-07-02T16:23:45","guid":{"rendered":"http:\/\/www.fore.fr\/apprentissage\/?page_id=650"},"modified":"2024-10-25T22:49:59","modified_gmt":"2024-10-25T20:49:59","slug":"nos-filieres","status":"publish","type":"page","link":"https:\/\/www.fore.fr\/martinique\/nos-filieres\/","title":{"rendered":"Nos Fili\u00e8res"},"content":{"rendered":"\n<h1 class=\"wp-block-heading has-text-color\" style=\"color:#e70031\"><strong>Nos Fili\u00e8res<\/strong><\/h1>\n\n\n\n<h1 class=\"wp-block-heading\"><strong>l&rsquo;Apprentissage de l&rsquo;Entreprise<\/strong><\/h1>\n\n\n\n<figure data-wp-context=\"{ &quot;core&quot;:\n\t\t\t\t{ &quot;image&quot;:\n\t\t\t\t\t{   &quot;imageLoaded&quot;: false,\n\t\t\t\t\t\t&quot;initialized&quot;: false,\n\t\t\t\t\t\t&quot;lightboxEnabled&quot;: false,\n\t\t\t\t\t\t&quot;hideAnimationEnabled&quot;: false,\n\t\t\t\t\t\t&quot;preloadInitialized&quot;: false,\n\t\t\t\t\t\t&quot;lightboxAnimation&quot;: &quot;zoom&quot;,\n\t\t\t\t\t\t&quot;imageUploadedSrc&quot;: &quot;https:\/\/www.fore.fr\/martinique\/wp-content\/uploads\/2024\/10\/FORE-972-FILIERES-2024-ALTERNANCE-2024-ok-recto.jpg&quot;,\n\t\t\t\t\t\t&quot;imageCurrentSrc&quot;: &quot;&quot;,\n\t\t\t\t\t\t&quot;targetWidth&quot;: &quot;1000&quot;,\n\t\t\t\t\t\t&quot;targetHeight&quot;: &quot;1415&quot;,\n\t\t\t\t\t\t&quot;scaleAttr&quot;: &quot;&quot;,\n\t\t\t\t\t\t&quot;dialogLabel&quot;: &quot;Image agrandie&quot;\n\t\t\t\t\t}\n\t\t\t\t}\n\t\t\t}\" data-wp-interactive class=\"wp-block-image size-large wp-lightbox-container\"><img loading=\"lazy\" decoding=\"async\" width=\"724\" height=\"1024\" data-wp-effect--setStylesOnResize=\"effects.core.image.setStylesOnResize\" data-wp-effect=\"effects.core.image.setButtonStyles\" data-wp-init=\"effects.core.image.initOriginImage\" data-wp-on--click=\"actions.core.image.showLightbox\" data-wp-on--load=\"actions.core.image.handleLoad\" src=\"https:\/\/www.fore.fr\/martinique\/wp-content\/uploads\/2024\/10\/FORE-972-FILIERES-2024-ALTERNANCE-2024-ok-recto-724x1024.jpg\" alt=\"\" class=\"wp-image-3991\" srcset=\"https:\/\/www.fore.fr\/martinique\/wp-content\/uploads\/2024\/10\/FORE-972-FILIERES-2024-ALTERNANCE-2024-ok-recto-724x1024.jpg 724w, https:\/\/www.fore.fr\/martinique\/wp-content\/uploads\/2024\/10\/FORE-972-FILIERES-2024-ALTERNANCE-2024-ok-recto-212x300.jpg 212w, https:\/\/www.fore.fr\/martinique\/wp-content\/uploads\/2024\/10\/FORE-972-FILIERES-2024-ALTERNANCE-2024-ok-recto-768x1087.jpg 768w, https:\/\/www.fore.fr\/martinique\/wp-content\/uploads\/2024\/10\/FORE-972-FILIERES-2024-ALTERNANCE-2024-ok-recto.jpg 1000w\" sizes=\"(max-width: 724px) 100vw, 724px\" \/><button\n\t\t\tclass=\"lightbox-trigger\"\n\t\t\ttype=\"button\"\n\t\t\taria-haspopup=\"dialog\"\n\t\t\taria-label=\"Agrandir l\u2018image\"\n\t\t\tdata-wp-on--click=\"actions.core.image.showLightbox\"\n\t\t\tdata-wp-style--right=\"context.core.image.imageButtonRight\"\n\t\t\tdata-wp-style--top=\"context.core.image.imageButtonTop\"\n\t\t>\n\t\t\t<svg xmlns=\"http:\/\/www.w3.org\/2000\/svg\" width=\"12\" height=\"12\" fill=\"none\" viewBox=\"0 0 12 12\">\n\t\t\t\t<path fill=\"#fff\" d=\"M2 0a2 2 0 0 0-2 2v2h1.5V2a.5.5 0 0 1 .5-.5h2V0H2Zm2 10.5H2a.5.5 0 0 1-.5-.5V8H0v2a2 2 0 0 0 2 2h2v-1.5ZM8 12v-1.5h2a.5.5 0 0 0 .5-.5V8H12v2a2 2 0 0 1-2 2H8Zm2-12a2 2 0 0 1 2 2v2h-1.5V2a.5.5 0 0 0-.5-.5H8V0h2Z\" \/>\n\t\t\t<\/svg>\n\t\t<\/button>        <div data-wp-body=\"\" class=\"wp-lightbox-overlay zoom\"\n            data-wp-bind--role=\"selectors.core.image.roleAttribute\"\n            data-wp-bind--aria-label=\"selectors.core.image.dialogLabel\"\n            data-wp-class--initialized=\"context.core.image.initialized\"\n            data-wp-class--active=\"context.core.image.lightboxEnabled\"\n            data-wp-class--hideAnimationEnabled=\"context.core.image.hideAnimationEnabled\"\n            data-wp-bind--aria-modal=\"selectors.core.image.ariaModal\"\n            data-wp-effect=\"effects.core.image.initLightbox\"\n            data-wp-on--keydown=\"actions.core.image.handleKeydown\"\n            data-wp-on--touchstart=\"actions.core.image.handleTouchStart\"\n            data-wp-on--touchmove=\"actions.core.image.handleTouchMove\"\n            data-wp-on--touchend=\"actions.core.image.handleTouchEnd\"\n            data-wp-on--click=\"actions.core.image.hideLightbox\"\n            tabindex=\"-1\"\n            >\n                <button type=\"button\" aria-label=\"Fermer\" style=\"fill: #000\" class=\"close-button\" data-wp-on--click=\"actions.core.image.hideLightbox\">\n                    <svg xmlns=\"http:\/\/www.w3.org\/2000\/svg\" viewBox=\"0 0 24 24\" width=\"20\" height=\"20\" aria-hidden=\"true\" focusable=\"false\"><path d=\"M13 11.8l6.1-6.3-1-1-6.1 6.2-6.1-6.2-1 1 6.1 6.3-6.5 6.7 1 1 6.5-6.6 6.5 6.6 1-1z\"><\/path><\/svg>\n                <\/button>\n                <div class=\"lightbox-image-container\">\n<figure class=\"wp-block-image size-large responsive-image\"><img decoding=\"async\" data-wp-bind--src=\"context.core.image.imageCurrentSrc\" data-wp-style--object-fit=\"selectors.core.image.lightboxObjectFit\" src=\"\" alt=\"\" class=\"wp-image-3991\"\/><\/figure>\n<\/div>\n                <div class=\"lightbox-image-container\">\n<figure class=\"wp-block-image size-large enlarged-image\"><img decoding=\"async\" data-wp-bind--src=\"selectors.core.image.enlargedImgSrc\" data-wp-style--object-fit=\"selectors.core.image.lightboxObjectFit\" src=\"\" alt=\"\" class=\"wp-image-3991\"\/><\/figure>\n<\/div>\n                <div class=\"scrim\" style=\"background-color: #fff\" aria-hidden=\"true\"><\/div>\n        <\/div><\/figure>\n\n\n\n<h1 class=\"wp-block-heading has-text-color\" style=\"color:#e70031\"><strong>T\u00e9l\u00e9charger le document complet :<\/strong><\/h1>\n\n\n\n<div data-wp-interactive=\"\" class=\"wp-block-file\"><object data-wp-bind--hidden=\"!selectors.core.file.hasPdfPreview\" hidden class=\"wp-block-file__embed\" data=\"https:\/\/www.fore.fr\/martinique\/wp-content\/uploads\/2024\/10\/FORE-972-FILIERES-2024-ALTERNANCE-2024-ok.pdf\" type=\"application\/pdf\" style=\"width:100%;height:600px\" aria-label=\"Contenu embarqu\u00e9 FORE-972-FILIERES-2024-ALTERNANCE-2024-ok.\"><\/object><a id=\"wp-block-file--media-0c9e5b52-d796-4bb9-8d55-6b9516eef5d1\" href=\"https:\/\/www.fore.fr\/martinique\/wp-content\/uploads\/2024\/10\/FORE-972-FILIERES-2024-ALTERNANCE-2024-ok.pdf\" target=\"_blank\" rel=\"noreferrer noopener\">FORE-972-FILIERES-2024-ALTERNANCE-2024-ok<\/a><a href=\"https:\/\/www.fore.fr\/martinique\/wp-content\/uploads\/2024\/10\/FORE-972-FILIERES-2024-ALTERNANCE-2024-ok.pdf\" class=\"wp-block-file__button wp-element-button\" download aria-describedby=\"wp-block-file--media-0c9e5b52-d796-4bb9-8d55-6b9516eef5d1\">T\u00e9l\u00e9charger<\/a><\/div>\n\n\n\n<figure class=\"wp-block-image size-full\"><img loading=\"lazy\" decoding=\"async\" width=\"800\" height=\"268\" src=\"https:\/\/www.fore.fr\/martinique\/wp-content\/uploads\/2022\/06\/banniere-qualiopi-martinique.jpg\" alt=\"\" class=\"wp-image-2767\" srcset=\"https:\/\/www.fore.fr\/martinique\/wp-content\/uploads\/2022\/06\/banniere-qualiopi-martinique.jpg 800w, https:\/\/www.fore.fr\/martinique\/wp-content\/uploads\/2022\/06\/banniere-qualiopi-martinique-300x101.jpg 300w, https:\/\/www.fore.fr\/martinique\/wp-content\/uploads\/2022\/06\/banniere-qualiopi-martinique-768x257.jpg 768w\" sizes=\"(max-width: 767px) 89vw, (max-width: 1000px) 54vw, (max-width: 1071px) 543px, 580px\" \/><\/figure>\n","protected":false},"excerpt":{"rendered":"<p>Nos Fili\u00e8res l&rsquo;Apprentissage de l&rsquo;Entreprise T\u00e9l\u00e9charger le document complet :<\/p>\n","protected":false},"author":1,"featured_media":0,"parent":0,"menu_order":0,"comment_status":"closed","ping_status":"closed","template":"","meta":{"footnotes":""},"yoast_head":"<!-- This site is optimized with the Yoast SEO plugin v23.5 - https:\/\/yoast.com\/wordpress\/plugins\/seo\/ -->\n<title>Nos Fili\u00e8res : l&#039;Apprentissage de l&#039;Entreprise \/ FORE<\/title>\n<meta name=\"description\" content=\"D\u00e9couvrez toutes nos fili\u00e8res en Apprentissage, du niveau CAP\/BEP au niveau MASTER (Bac+5) en Guadeloupe, Martinique, Saint-Martin, Guyane\" \/>\n<meta name=\"robots\" content=\"index, follow, max-snippet:-1, max-image-preview:large, max-video-preview:-1\" \/>\n<link rel=\"canonical\" href=\"https:\/\/www.fore.fr\/martinique\/nos-filieres\/\" \/>\n<meta property=\"og:locale\" content=\"fr_FR\" \/>\n<meta property=\"og:type\" content=\"article\" \/>\n<meta property=\"og:title\" content=\"Nos Fili\u00e8res : l&#039;Apprentissage de l&#039;Entreprise \/ FORE\" \/>\n<meta property=\"og:description\" content=\"D\u00e9couvrez toutes nos fili\u00e8res en Apprentissage, du niveau CAP\/BEP au niveau MASTER (Bac+5) en Guadeloupe, Martinique, Saint-Martin, Guyane\" \/>\n<meta property=\"og:url\" content=\"https:\/\/www.fore.fr\/martinique\/nos-filieres\/\" \/>\n<meta property=\"og:site_name\" content=\"Formations Fore Martinique\" \/>\n<meta property=\"article:publisher\" content=\"https:\/\/www.facebook.com\/Fore97\" \/>\n<meta property=\"article:modified_time\" content=\"2024-10-25T20:49:59+00:00\" \/>\n<meta property=\"og:image\" content=\"https:\/\/www.fore.fr\/martinique\/wp-content\/uploads\/2024\/10\/FORE-972-FILIERES-2024-ALTERNANCE-2024-ok-recto-724x1024.jpg\" \/>\n<meta name=\"twitter:card\" content=\"summary_large_image\" \/>\n<meta name=\"twitter:label1\" content=\"Dur\u00e9e de lecture estim\u00e9e\" \/>\n\t<meta name=\"twitter:data1\" content=\"1 minute\" \/>\n<script type=\"application\/ld+json\" class=\"yoast-schema-graph\">{\"@context\":\"https:\/\/schema.org\",\"@graph\":[{\"@type\":\"WebPage\",\"@id\":\"https:\/\/www.fore.fr\/martinique\/nos-filieres\/\",\"url\":\"https:\/\/www.fore.fr\/martinique\/nos-filieres\/\",\"name\":\"Nos Fili\u00e8res : l'Apprentissage de l'Entreprise \/ FORE\",\"isPartOf\":{\"@id\":\"https:\/\/www.fore.fr\/martinique\/#website\"},\"primaryImageOfPage\":{\"@id\":\"https:\/\/www.fore.fr\/martinique\/nos-filieres\/#primaryimage\"},\"image\":{\"@id\":\"https:\/\/www.fore.fr\/martinique\/nos-filieres\/#primaryimage\"},\"thumbnailUrl\":\"https:\/\/www.fore.fr\/martinique\/wp-content\/uploads\/2024\/10\/FORE-972-FILIERES-2024-ALTERNANCE-2024-ok-recto-724x1024.jpg\",\"datePublished\":\"2020-07-02T16:23:45+00:00\",\"dateModified\":\"2024-10-25T20:49:59+00:00\",\"description\":\"D\u00e9couvrez toutes nos fili\u00e8res en Apprentissage, du niveau CAP\/BEP au niveau MASTER (Bac+5) en Guadeloupe, Martinique, Saint-Martin, Guyane\",\"breadcrumb\":{\"@id\":\"https:\/\/www.fore.fr\/martinique\/nos-filieres\/#breadcrumb\"},\"inLanguage\":\"fr-FR\",\"potentialAction\":[{\"@type\":\"ReadAction\",\"target\":[\"https:\/\/www.fore.fr\/martinique\/nos-filieres\/\"]}]},{\"@type\":\"ImageObject\",\"inLanguage\":\"fr-FR\",\"@id\":\"https:\/\/www.fore.fr\/martinique\/nos-filieres\/#primaryimage\",\"url\":\"https:\/\/www.fore.fr\/martinique\/wp-content\/uploads\/2024\/10\/FORE-972-FILIERES-2024-ALTERNANCE-2024-ok-recto.jpg\",\"contentUrl\":\"https:\/\/www.fore.fr\/martinique\/wp-content\/uploads\/2024\/10\/FORE-972-FILIERES-2024-ALTERNANCE-2024-ok-recto.jpg\",\"width\":1000,\"height\":1415},{\"@type\":\"BreadcrumbList\",\"@id\":\"https:\/\/www.fore.fr\/martinique\/nos-filieres\/#breadcrumb\",\"itemListElement\":[{\"@type\":\"ListItem\",\"position\":1,\"name\":\"Accueil\",\"item\":\"https:\/\/www.fore.fr\/martinique\/\"},{\"@type\":\"ListItem\",\"position\":2,\"name\":\"Nos Fili\u00e8res\"}]},{\"@type\":\"WebSite\",\"@id\":\"https:\/\/www.fore.fr\/martinique\/#website\",\"url\":\"https:\/\/www.fore.fr\/martinique\/\",\"name\":\"Formations Fore Martinique\",\"description\":\"D\u00c9COUVREZ NOTRE OFFRE DE FORMATION COMPL\u00c8TE EN ALTERNANCE &amp; CONTINUE EN MARTINIQUE\",\"publisher\":{\"@id\":\"https:\/\/www.fore.fr\/martinique\/#organization\"},\"potentialAction\":[{\"@type\":\"SearchAction\",\"target\":{\"@type\":\"EntryPoint\",\"urlTemplate\":\"https:\/\/www.fore.fr\/martinique\/?s={search_term_string}\"},\"query-input\":{\"@type\":\"PropertyValueSpecification\",\"valueRequired\":true,\"valueName\":\"search_term_string\"}}],\"inLanguage\":\"fr-FR\"},{\"@type\":\"Organization\",\"@id\":\"https:\/\/www.fore.fr\/martinique\/#organization\",\"name\":\"Fore\",\"url\":\"https:\/\/www.fore.fr\/martinique\/\",\"logo\":{\"@type\":\"ImageObject\",\"inLanguage\":\"fr-FR\",\"@id\":\"https:\/\/www.fore.fr\/martinique\/#\/schema\/logo\/image\/\",\"url\":\"\",\"contentUrl\":\"\",\"caption\":\"Fore\"},\"image\":{\"@id\":\"https:\/\/www.fore.fr\/martinique\/#\/schema\/logo\/image\/\"},\"sameAs\":[\"https:\/\/www.facebook.com\/Fore97\",\"https:\/\/www.instagram.com\/fore.formation\"]}]}<\/script>\n<!-- \/ Yoast SEO plugin. -->","yoast_head_json":{"title":"Nos Fili\u00e8res : l'Apprentissage de l'Entreprise \/ FORE","description":"D\u00e9couvrez toutes nos fili\u00e8res en Apprentissage, du niveau CAP\/BEP au niveau MASTER (Bac+5) en Guadeloupe, Martinique, Saint-Martin, Guyane","robots":{"index":"index","follow":"follow","max-snippet":"max-snippet:-1","max-image-preview":"max-image-preview:large","max-video-preview":"max-video-preview:-1"},"canonical":"https:\/\/www.fore.fr\/martinique\/nos-filieres\/","og_locale":"fr_FR","og_type":"article","og_title":"Nos Fili\u00e8res : l'Apprentissage de l'Entreprise \/ FORE","og_description":"D\u00e9couvrez toutes nos fili\u00e8res en Apprentissage, du niveau CAP\/BEP au niveau MASTER (Bac+5) en Guadeloupe, Martinique, Saint-Martin, Guyane","og_url":"https:\/\/www.fore.fr\/martinique\/nos-filieres\/","og_site_name":"Formations Fore Martinique","article_publisher":"https:\/\/www.facebook.com\/Fore97","article_modified_time":"2024-10-25T20:49:59+00:00","og_image":[{"url":"https:\/\/www.fore.fr\/martinique\/wp-content\/uploads\/2024\/10\/FORE-972-FILIERES-2024-ALTERNANCE-2024-ok-recto-724x1024.jpg"}],"twitter_card":"summary_large_image","twitter_misc":{"Dur\u00e9e de lecture estim\u00e9e":"1 minute"},"schema":{"@context":"https:\/\/schema.org","@graph":[{"@type":"WebPage","@id":"https:\/\/www.fore.fr\/martinique\/nos-filieres\/","url":"https:\/\/www.fore.fr\/martinique\/nos-filieres\/","name":"Nos Fili\u00e8res : l'Apprentissage de l'Entreprise \/ FORE","isPartOf":{"@id":"https:\/\/www.fore.fr\/martinique\/#website"},"primaryImageOfPage":{"@id":"https:\/\/www.fore.fr\/martinique\/nos-filieres\/#primaryimage"},"image":{"@id":"https:\/\/www.fore.fr\/martinique\/nos-filieres\/#primaryimage"},"thumbnailUrl":"https:\/\/www.fore.fr\/martinique\/wp-content\/uploads\/2024\/10\/FORE-972-FILIERES-2024-ALTERNANCE-2024-ok-recto-724x1024.jpg","datePublished":"2020-07-02T16:23:45+00:00","dateModified":"2024-10-25T20:49:59+00:00","description":"D\u00e9couvrez toutes nos fili\u00e8res en Apprentissage, du niveau CAP\/BEP au niveau MASTER (Bac+5) en Guadeloupe, Martinique, Saint-Martin, Guyane","breadcrumb":{"@id":"https:\/\/www.fore.fr\/martinique\/nos-filieres\/#breadcrumb"},"inLanguage":"fr-FR","potentialAction":[{"@type":"ReadAction","target":["https:\/\/www.fore.fr\/martinique\/nos-filieres\/"]}]},{"@type":"ImageObject","inLanguage":"fr-FR","@id":"https:\/\/www.fore.fr\/martinique\/nos-filieres\/#primaryimage","url":"https:\/\/www.fore.fr\/martinique\/wp-content\/uploads\/2024\/10\/FORE-972-FILIERES-2024-ALTERNANCE-2024-ok-recto.jpg","contentUrl":"https:\/\/www.fore.fr\/martinique\/wp-content\/uploads\/2024\/10\/FORE-972-FILIERES-2024-ALTERNANCE-2024-ok-recto.jpg","width":1000,"height":1415},{"@type":"BreadcrumbList","@id":"https:\/\/www.fore.fr\/martinique\/nos-filieres\/#breadcrumb","itemListElement":[{"@type":"ListItem","position":1,"name":"Accueil","item":"https:\/\/www.fore.fr\/martinique\/"},{"@type":"ListItem","position":2,"name":"Nos Fili\u00e8res"}]},{"@type":"WebSite","@id":"https:\/\/www.fore.fr\/martinique\/#website","url":"https:\/\/www.fore.fr\/martinique\/","name":"Formations Fore Martinique","description":"D\u00c9COUVREZ NOTRE OFFRE DE FORMATION COMPL\u00c8TE EN ALTERNANCE &amp; CONTINUE EN MARTINIQUE","publisher":{"@id":"https:\/\/www.fore.fr\/martinique\/#organization"},"potentialAction":[{"@type":"SearchAction","target":{"@type":"EntryPoint","urlTemplate":"https:\/\/www.fore.fr\/martinique\/?s={search_term_string}"},"query-input":{"@type":"PropertyValueSpecification","valueRequired":true,"valueName":"search_term_string"}}],"inLanguage":"fr-FR"},{"@type":"Organization","@id":"https:\/\/www.fore.fr\/martinique\/#organization","name":"Fore","url":"https:\/\/www.fore.fr\/martinique\/","logo":{"@type":"ImageObject","inLanguage":"fr-FR","@id":"https:\/\/www.fore.fr\/martinique\/#\/schema\/logo\/image\/","url":"","contentUrl":"","caption":"Fore"},"image":{"@id":"https:\/\/www.fore.fr\/martinique\/#\/schema\/logo\/image\/"},"sameAs":["https:\/\/www.facebook.com\/Fore97","https:\/\/www.instagram.com\/fore.formation"]}]}},"_links":{"self":[{"href":"https:\/\/www.fore.fr\/martinique\/wp-json\/wp\/v2\/pages\/650"}],"collection":[{"href":"https:\/\/www.fore.fr\/martinique\/wp-json\/wp\/v2\/pages"}],"about":[{"href":"https:\/\/www.fore.fr\/martinique\/wp-json\/wp\/v2\/types\/page"}],"author":[{"embeddable":true,"href":"https:\/\/www.fore.fr\/martinique\/wp-json\/wp\/v2\/users\/1"}],"replies":[{"embeddable":true,"href":"https:\/\/www.fore.fr\/martinique\/wp-json\/wp\/v2\/comments?post=650"}],"version-history":[{"count":19,"href":"https:\/\/www.fore.fr\/martinique\/wp-json\/wp\/v2\/pages\/650\/revisions"}],"predecessor-version":[{"id":3993,"href":"https:\/\/www.fore.fr\/martinique\/wp-json\/wp\/v2\/pages\/650\/revisions\/3993"}],"wp:attachment":[{"href":"https:\/\/www.fore.fr\/martinique\/wp-json\/wp\/v2\/media?parent=650"}],"curies":[{"name":"wp","href":"https:\/\/api.w.org\/{rel}","templated":true}]}}